{"id":17261,"date":"2022-12-24T19:05:11","date_gmt":"2022-12-24T19:05:11","guid":{"rendered":"https:\/\/topholds.com\/yaguer\/"},"modified":"2026-03-18T09:22:40","modified_gmt":"2026-03-18T09:22:40","slug":"yaguer","status":"publish","type":"product","link":"https:\/\/topholds.com\/fr\/offre\/course-obstacles\/entrainements\/suspensionss\/yaguer\/","title":{"rendered":"Suspensions OCR Yaguer"},"content":{"rendered":"<p>Les <strong>suspensions avec OCR Yaguer Grips<\/strong> sont un autre outil incroyable pour nos <strong>entra\u00eenements d&rsquo;escalade, OCR et Crossfit<\/strong>.<\/p>\n<p>Tr\u00e8s l\u00e9gers, id\u00e9aux pour les emporter dans nos entra\u00eenements n&rsquo;importe o\u00f9.<\/p>\n<ul>\n<li style=\"text-align: left;\">En 3 secondes, avec un n\u0153ud de alondra, nous les accrochons \u00e0 n&rsquo;importe quelle branche, barre de traction, etc.<\/li>\n<li>Avec un mousqueton, nous les accrochons pour des sorties en toit ou en d\u00e9vers.<\/li>\n<\/ul>\n<p>Plus d&rsquo;excuses pour un peu de souffrance par jour.<\/p>\n<p>Les couleurs peuvent ne pas \u00eatre celles de la photo (consultez-nous si vous souhaitez une couleur sp\u00e9ciale).<\/p>\n","protected":false},"excerpt":{"rendered":"<ul>\n<li>Id\u00e9al pour l&rsquo;entra\u00eenement d&rsquo;escalade, OCR et Crossfit.<\/li>\n<li>L\u00e9gers et faciles \u00e0 transporter<\/li>\n<li>Tr\u00e8s faciles \u00e0 accrocher sur n&rsquo;importe quelle surface<\/li>\n<li>Cordino double de 6 mm inclus.<\/li>\n<\/ul>\n","protected":false},"featured_media":12507,"comment_status":"open","ping_status":"closed","template":"","meta":[],"product_brand":[],"product_cat":[402,450,455],"product_tag":[],"class_list":{"0":"post-17261","1":"product","2":"type-product","3":"status-publish","4":"has-post-thumbnail","6":"product_cat-course-obstacles","7":"product_cat-entrainements","8":"product_cat-suspensionss","10":"first","11":"instock","12":"taxable","13":"shipping-taxable","14":"purchasable","15":"product-type-simple"},"_links":{"self":[{"href":"https:\/\/topholds.com\/fr\/wp-json\/wp\/v2\/product\/17261","targetHints":{"allow":["GET"]}}],"collection":[{"href":"https:\/\/topholds.com\/fr\/wp-json\/wp\/v2\/product"}],"about":[{"href":"https:\/\/topholds.com\/fr\/wp-json\/wp\/v2\/types\/product"}],"replies":[{"embeddable":true,"href":"https:\/\/topholds.com\/fr\/wp-json\/wp\/v2\/comments?post=17261"}],"wp:featuredmedia":[{"embeddable":true,"href":"https:\/\/topholds.com\/fr\/wp-json\/wp\/v2\/media\/12507"}],"wp:attachment":[{"href":"https:\/\/topholds.com\/fr\/wp-json\/wp\/v2\/media?parent=17261"}],"wp:term":[{"taxonomy":"product_brand","embeddable":true,"href":"https:\/\/topholds.com\/fr\/wp-json\/wp\/v2\/product_brand?post=17261"},{"taxonomy":"product_cat","embeddable":true,"href":"https:\/\/topholds.com\/fr\/wp-json\/wp\/v2\/product_cat?post=17261"},{"taxonomy":"product_tag","embeddable":true,"href":"https:\/\/topholds.com\/fr\/wp-json\/wp\/v2\/product_tag?post=17261"}],"curies":[{"name":"wp","href":"https:\/\/api.w.org\/{rel}","templated":true}]}}