{"id":17267,"date":"2022-12-30T17:21:05","date_gmt":"2022-12-30T17:21:05","guid":{"rendered":"https:\/\/topholds.com\/disco-top\/"},"modified":"2024-08-26T05:05:59","modified_gmt":"2024-08-26T05:05:59","slug":"disco-top","status":"publish","type":"product","link":"https:\/\/topholds.com\/fr\/offre\/course-obstacles\/entrainements\/suspensionss\/disco-top\/","title":{"rendered":"Suspensions OCR Disco Top"},"content":{"rendered":"<p>La <strong>prise de disque OCR Top<\/strong> est une pi\u00e8ce essentielle pour les courses et les centres sportifs qui cherchent \u00e0 \u00e9galiser la prise des participants lors de leurs comp\u00e9titions. Ces disques se placent sur le dessus de nos TopHolds et emp\u00eachent les participants de saisir la pi\u00e8ce de mani\u00e8re in\u00e9gale, assurant ainsi une comp\u00e9tition juste et \u00e9quitable pour tous.<\/p>\n<p>Les disques Top sont particuli\u00e8rement utiles pour ceux qui recherchent <strong>un entra\u00eenement ou une comp\u00e9tition plus difficile<\/strong>, car ils obligent les participants \u00e0 utiliser une prise stricte et uniforme. De plus, ils sont utilis\u00e9s lors d&rsquo;\u00e9v\u00e9nements de haut niveau, comme Unbroken Race, qui a fait confiance \u00e0 nos disques Top depuis 2018.<\/p>\n<p>Si vous cherchez \u00e0 <strong>am\u00e9liorer vos comp\u00e9tences en courses d&rsquo;obstacles ou en entra\u00eenements d&rsquo;escalade<\/strong>, les disques Top sont un ajout indispensable \u00e0 vos prises OCR. Assurez-vous d&rsquo;avoir l&rsquo;avantage comp\u00e9titif dont vous avez besoin pour exceller lors de votre prochain d\u00e9fi !<\/p>\n<p>Les couleurs peuvent ne pas \u00eatre celles de la photo (consultez-nous si vous en souhaitez une sp\u00e9ciale).<\/p>\n","protected":false},"excerpt":{"rendered":"<ul>\n<li>C&rsquo;est une pi\u00e8ce essentielle pour les comp\u00e9titions<\/li>\n<li>Les Disques Top garantissent une comp\u00e9tition juste et \u00e9quitable pour tous les participants.<\/li>\n<li>Ils obligent les participants \u00e0 utiliser une prise stricte et uniforme, ce qui augmente le d\u00e9fi de l&rsquo;entra\u00eenement ou de la comp\u00e9tition.<\/li>\n<li>Ils sont utilis\u00e9s lors d&rsquo;\u00e9v\u00e9nements de haut niveau<\/li>\n<\/ul>\n","protected":false},"featured_media":12545,"comment_status":"open","ping_status":"closed","template":"","meta":[],"product_brand":[],"product_cat":[402,450,455],"product_tag":[],"class_list":{"0":"post-17267","1":"product","2":"type-product","3":"status-publish","4":"has-post-thumbnail","6":"product_cat-course-obstacles","7":"product_cat-entrainements","8":"product_cat-suspensionss","10":"first","11":"instock","12":"taxable","13":"shipping-taxable","14":"purchasable","15":"product-type-simple"},"_links":{"self":[{"href":"https:\/\/topholds.com\/fr\/wp-json\/wp\/v2\/product\/17267","targetHints":{"allow":["GET"]}}],"collection":[{"href":"https:\/\/topholds.com\/fr\/wp-json\/wp\/v2\/product"}],"about":[{"href":"https:\/\/topholds.com\/fr\/wp-json\/wp\/v2\/types\/product"}],"replies":[{"embeddable":true,"href":"https:\/\/topholds.com\/fr\/wp-json\/wp\/v2\/comments?post=17267"}],"wp:featuredmedia":[{"embeddable":true,"href":"https:\/\/topholds.com\/fr\/wp-json\/wp\/v2\/media\/12545"}],"wp:attachment":[{"href":"https:\/\/topholds.com\/fr\/wp-json\/wp\/v2\/media?parent=17267"}],"wp:term":[{"taxonomy":"product_brand","embeddable":true,"href":"https:\/\/topholds.com\/fr\/wp-json\/wp\/v2\/product_brand?post=17267"},{"taxonomy":"product_cat","embeddable":true,"href":"https:\/\/topholds.com\/fr\/wp-json\/wp\/v2\/product_cat?post=17267"},{"taxonomy":"product_tag","embeddable":true,"href":"https:\/\/topholds.com\/fr\/wp-json\/wp\/v2\/product_tag?post=17267"}],"curies":[{"name":"wp","href":"https:\/\/api.w.org\/{rel}","templated":true}]}}