{"id":17279,"date":"2023-04-20T20:08:22","date_gmt":"2023-04-20T20:08:22","guid":{"rendered":"https:\/\/topholds.com\/gladius\/"},"modified":"2025-12-06T17:05:45","modified_gmt":"2025-12-06T17:05:45","slug":"gladius","status":"publish","type":"product","link":"https:\/\/topholds.com\/fr\/offre\/course-obstacles\/entrainements\/suspensionss\/gladius\/","title":{"rendered":"Suspensions OCR Gladius"},"content":{"rendered":"<p>Le Gladius \u00e9tait l&rsquo;arme embl\u00e9matique pr\u00e9f\u00e9r\u00e9e des gladiateurs.<\/p>\n<p>Voici notre nouveau d\u00e9fi.<\/p>\n<p>Ce Gladius est con\u00e7u pour \u00eatre tenu \u00e0 deux mains par la lame ou \u00e0 une seule par la poign\u00e9e. Sa double texture, tant sur la lame que sur la poign\u00e9e, fait du Gladius une pi\u00e8ce d&rsquo;une grande beaut\u00e9, tout en pr\u00e9servant l&rsquo;adh\u00e9rence maximale que vous connaissez d\u00e9j\u00e0 de notre marque.<\/p>\n","protected":false},"excerpt":{"rendered":"<ul>\n<li>Offre un entra\u00eenement plus dynamique et intense avec des mouvements pendulaires et des lancers.<\/li>\n<li>Con\u00e7u pour \u00eatre saisi \u00e0 deux mains par la lame ou d&rsquo;une seule main par la poign\u00e9e.<\/li>\n<li>Texture douce mais adh\u00e9rente, id\u00e9ale pour les entra\u00eenements d&rsquo;OCR, d&rsquo;escalade, de calisth\u00e9nie et de CrossFit.<\/li>\n<li>L\u00e9ger et facile \u00e0 transporter partout.<\/li>\n<\/ul>\n","protected":false},"featured_media":17385,"comment_status":"open","ping_status":"closed","template":"","meta":[],"product_brand":[],"product_cat":[402,450,455],"product_tag":[],"class_list":{"0":"post-17279","1":"product","2":"type-product","3":"status-publish","4":"has-post-thumbnail","6":"product_cat-course-obstacles","7":"product_cat-entrainements","8":"product_cat-suspensionss","10":"first","11":"instock","12":"sale","13":"taxable","14":"shipping-taxable","15":"purchasable","16":"product-type-simple"},"_links":{"self":[{"href":"https:\/\/topholds.com\/fr\/wp-json\/wp\/v2\/product\/17279","targetHints":{"allow":["GET"]}}],"collection":[{"href":"https:\/\/topholds.com\/fr\/wp-json\/wp\/v2\/product"}],"about":[{"href":"https:\/\/topholds.com\/fr\/wp-json\/wp\/v2\/types\/product"}],"replies":[{"embeddable":true,"href":"https:\/\/topholds.com\/fr\/wp-json\/wp\/v2\/comments?post=17279"}],"wp:featuredmedia":[{"embeddable":true,"href":"https:\/\/topholds.com\/fr\/wp-json\/wp\/v2\/media\/17385"}],"wp:attachment":[{"href":"https:\/\/topholds.com\/fr\/wp-json\/wp\/v2\/media?parent=17279"}],"wp:term":[{"taxonomy":"product_brand","embeddable":true,"href":"https:\/\/topholds.com\/fr\/wp-json\/wp\/v2\/product_brand?post=17279"},{"taxonomy":"product_cat","embeddable":true,"href":"https:\/\/topholds.com\/fr\/wp-json\/wp\/v2\/product_cat?post=17279"},{"taxonomy":"product_tag","embeddable":true,"href":"https:\/\/topholds.com\/fr\/wp-json\/wp\/v2\/product_tag?post=17279"}],"curies":[{"name":"wp","href":"https:\/\/api.w.org\/{rel}","templated":true}]}}