{"id":17297,"date":"2023-06-12T18:36:06","date_gmt":"2023-06-12T18:36:06","guid":{"rendered":"https:\/\/topholds.com\/medieval\/"},"modified":"2025-03-26T07:44:12","modified_gmt":"2025-03-26T07:44:12","slug":"medieval","status":"publish","type":"product","link":"https:\/\/topholds.com\/fr\/offre\/course-obstacles\/entrainements\/suspensionss\/medieval\/","title":{"rendered":"Suspensions OCR Medieval"},"content":{"rendered":"<p>Arte pour personnaliser OCR.<\/p>\n<p>Medieval est con\u00e7u pour pouvoir \u00eatre tenu avec deux mains par le manche, avec une seule main par la boule ou de mani\u00e8re hybride pour effectuer des changements de hauteur. Sa double texture, tant au niveau du manche que de la boule, fait de Medieval une pi\u00e8ce d&rsquo;une grande beaut\u00e9, sans renoncer \u00e0 la maximale adh\u00e9rence que vous connaissez d\u00e9j\u00e0 tous de notre marque.<\/p>\n<p>&nbsp;<\/p>\n","protected":false},"excerpt":{"rendered":"<ul>\n<li>Fournit un entra\u00eenement plus dynamique et intense avec des mouvements lat\u00e9raux et des changements de hauteur.<\/li>\n<li>Con\u00e7u pour \u00eatre saisi \u00e0 deux mains par le manche, d&rsquo;une seule main par la balle et de mani\u00e8re hybride avec des changements de hauteur.<\/li>\n<li>Texture douce mais adh\u00e9rente, id\u00e9ale pour les entra\u00eenements d&rsquo;OCR, d&rsquo;escalade, de calisth\u00e9nie et de CrossFit.<\/li>\n<li>L\u00e9ger et facile \u00e0 transporter partout.<\/li>\n<\/ul>\n","protected":false},"featured_media":17379,"comment_status":"open","ping_status":"closed","template":"","meta":[],"product_brand":[],"product_cat":[402,450,455],"product_tag":[],"class_list":{"0":"post-17297","1":"product","2":"type-product","3":"status-publish","4":"has-post-thumbnail","6":"product_cat-course-obstacles","7":"product_cat-entrainements","8":"product_cat-suspensionss","10":"first","11":"instock","12":"sale","13":"taxable","14":"shipping-taxable","15":"purchasable","16":"product-type-simple"},"_links":{"self":[{"href":"https:\/\/topholds.com\/fr\/wp-json\/wp\/v2\/product\/17297","targetHints":{"allow":["GET"]}}],"collection":[{"href":"https:\/\/topholds.com\/fr\/wp-json\/wp\/v2\/product"}],"about":[{"href":"https:\/\/topholds.com\/fr\/wp-json\/wp\/v2\/types\/product"}],"replies":[{"embeddable":true,"href":"https:\/\/topholds.com\/fr\/wp-json\/wp\/v2\/comments?post=17297"}],"wp:featuredmedia":[{"embeddable":true,"href":"https:\/\/topholds.com\/fr\/wp-json\/wp\/v2\/media\/17379"}],"wp:attachment":[{"href":"https:\/\/topholds.com\/fr\/wp-json\/wp\/v2\/media?parent=17297"}],"wp:term":[{"taxonomy":"product_brand","embeddable":true,"href":"https:\/\/topholds.com\/fr\/wp-json\/wp\/v2\/product_brand?post=17297"},{"taxonomy":"product_cat","embeddable":true,"href":"https:\/\/topholds.com\/fr\/wp-json\/wp\/v2\/product_cat?post=17297"},{"taxonomy":"product_tag","embeddable":true,"href":"https:\/\/topholds.com\/fr\/wp-json\/wp\/v2\/product_tag?post=17297"}],"curies":[{"name":"wp","href":"https:\/\/api.w.org\/{rel}","templated":true}]}}