{"id":17303,"date":"2023-06-23T16:22:35","date_gmt":"2023-06-23T16:22:35","guid":{"rendered":"https:\/\/topholds.com\/down-holds\/"},"modified":"2024-08-26T05:09:29","modified_gmt":"2024-08-26T05:09:29","slug":"down-holds","status":"publish","type":"product","link":"https:\/\/topholds.com\/fr\/offre\/prises-escalade\/down-holds\/","title":{"rendered":"Prises d&rsquo;escalade Down Holds"},"content":{"rendered":"<p><strong>Down Holds est une prise d&rsquo;escalade<\/strong> de haute qualit\u00e9 avec une texture de gr\u00e8s doux, con\u00e7ue pour satisfaire les besoins des grimpeurs de tous niveaux.<\/p>\n<p>Ses deux couleurs la rendent tr\u00e8s attrayante et permettent \u00e0 l&rsquo;utilisateur de l&rsquo;identifier rapidement comme prise de descente et de ne pas la confondre avec les prises de bloc.<\/p>\n<p>Confortable \u00e0 prendre avec une ou deux mains en forme de cuill\u00e8re.<\/p>\n<p>Elle peut \u00eatre install\u00e9e sur n&rsquo;importe quel d\u00e9vers ou toit.<\/p>\n<p>La prise dispose de deux petits trous et d&rsquo;un grand pour permettre une <strong>installation facile avec des vis Allen ou des tirefonds<\/strong>. L&rsquo;utilisation de vis M10x50 (recommand\u00e9) ou M8x50 est conseill\u00e9e.<\/p>\n<p>Les couleurs peuvent ne pas correspondre \u00e0 celles de la photo. Si vous souhaitez une couleur particuli\u00e8re, veuillez nous contacter.<\/p>\n","protected":false},"excerpt":{"rendered":"<ul>\n<li>Down Holds est une prise d&rsquo;escalade avec une texture de gr\u00e8s douce.<\/li>\n<li>Prise avec une prise confortable pour une ou deux mains en forme de cuve.<\/li>\n<li>Deux couleurs pour \u00eatre rapidement identifi\u00e9e comme prise de descente.<\/li>\n<li>\u00c0 installer sur n&rsquo;importe quel surplomb ou plafond.<\/li>\n<li>Installation facile \u00e0 l&rsquo;aide de vis Allen ou de tirefonds.<\/li>\n<\/ul>\n","protected":false},"featured_media":21132,"comment_status":"open","ping_status":"closed","template":"","meta":[],"product_brand":[],"product_cat":[429],"product_tag":[],"class_list":{"0":"post-17303","1":"product","2":"type-product","3":"status-publish","4":"has-post-thumbnail","6":"product_cat-prises-escalade","8":"first","9":"instock","10":"sale","11":"taxable","12":"shipping-taxable","13":"purchasable","14":"product-type-simple"},"_links":{"self":[{"href":"https:\/\/topholds.com\/fr\/wp-json\/wp\/v2\/product\/17303","targetHints":{"allow":["GET"]}}],"collection":[{"href":"https:\/\/topholds.com\/fr\/wp-json\/wp\/v2\/product"}],"about":[{"href":"https:\/\/topholds.com\/fr\/wp-json\/wp\/v2\/types\/product"}],"replies":[{"embeddable":true,"href":"https:\/\/topholds.com\/fr\/wp-json\/wp\/v2\/comments?post=17303"}],"wp:featuredmedia":[{"embeddable":true,"href":"https:\/\/topholds.com\/fr\/wp-json\/wp\/v2\/media\/21132"}],"wp:attachment":[{"href":"https:\/\/topholds.com\/fr\/wp-json\/wp\/v2\/media?parent=17303"}],"wp:term":[{"taxonomy":"product_brand","embeddable":true,"href":"https:\/\/topholds.com\/fr\/wp-json\/wp\/v2\/product_brand?post=17303"},{"taxonomy":"product_cat","embeddable":true,"href":"https:\/\/topholds.com\/fr\/wp-json\/wp\/v2\/product_cat?post=17303"},{"taxonomy":"product_tag","embeddable":true,"href":"https:\/\/topholds.com\/fr\/wp-json\/wp\/v2\/product_tag?post=17303"}],"curies":[{"name":"wp","href":"https:\/\/api.w.org\/{rel}","templated":true}]}}