{"id":17309,"date":"2023-06-23T17:36:11","date_gmt":"2023-06-23T17:36:11","guid":{"rendered":"https:\/\/topholds.com\/samurai\/"},"modified":"2024-08-26T05:10:03","modified_gmt":"2024-08-26T05:10:03","slug":"samurai","status":"publish","type":"product","link":"https:\/\/topholds.com\/fr\/offre\/course-obstacles\/entrainements\/prises\/samurai\/","title":{"rendered":"Prises OCR Samoura\u00ef"},"content":{"rendered":"<p>Je n&rsquo;ai pas re\u00e7u de texte \u00e0 traduire. Veuillez fournir le texte que vous souhaitez que je traduise en fran\u00e7ais.<\/p>\n","protected":false},"excerpt":{"rendered":"<p>Samur\u00e1i est une prise d&rsquo;escalade avec une texture en gr\u00e8s doux.<\/p>\n<p>Prise avec un grand plat, tr\u00e8s confortable pour une ou deux mains. Prise id\u00e9ale pour tout surplomb et toit.<\/p>\n<p>Fixation par 3 vis autoforeuses.<\/p>\n<p>Les couleurs peuvent ne pas \u00eatre celles de la photo. Si vous souhaitez une couleur sp\u00e9ciale, n&rsquo;h\u00e9sitez pas \u00e0 nous contacter.<\/p>\n","protected":false},"featured_media":21138,"comment_status":"open","ping_status":"closed","template":"","meta":[],"product_brand":[],"product_cat":[402,450,429,454],"product_tag":[],"class_list":{"0":"post-17309","1":"product","2":"type-product","3":"status-publish","4":"has-post-thumbnail","6":"product_cat-course-obstacles","7":"product_cat-entrainements","8":"product_cat-prises-escalade","9":"product_cat-prises","11":"first","12":"instock","13":"taxable","14":"shipping-taxable","15":"purchasable","16":"product-type-simple"},"_links":{"self":[{"href":"https:\/\/topholds.com\/fr\/wp-json\/wp\/v2\/product\/17309","targetHints":{"allow":["GET"]}}],"collection":[{"href":"https:\/\/topholds.com\/fr\/wp-json\/wp\/v2\/product"}],"about":[{"href":"https:\/\/topholds.com\/fr\/wp-json\/wp\/v2\/types\/product"}],"replies":[{"embeddable":true,"href":"https:\/\/topholds.com\/fr\/wp-json\/wp\/v2\/comments?post=17309"}],"wp:featuredmedia":[{"embeddable":true,"href":"https:\/\/topholds.com\/fr\/wp-json\/wp\/v2\/media\/21138"}],"wp:attachment":[{"href":"https:\/\/topholds.com\/fr\/wp-json\/wp\/v2\/media?parent=17309"}],"wp:term":[{"taxonomy":"product_brand","embeddable":true,"href":"https:\/\/topholds.com\/fr\/wp-json\/wp\/v2\/product_brand?post=17309"},{"taxonomy":"product_cat","embeddable":true,"href":"https:\/\/topholds.com\/fr\/wp-json\/wp\/v2\/product_cat?post=17309"},{"taxonomy":"product_tag","embeddable":true,"href":"https:\/\/topholds.com\/fr\/wp-json\/wp\/v2\/product_tag?post=17309"}],"curies":[{"name":"wp","href":"https:\/\/api.w.org\/{rel}","templated":true}]}}