{"id":17315,"date":"2023-06-24T11:28:35","date_gmt":"2023-06-24T11:28:35","guid":{"rendered":"https:\/\/topholds.com\/satori\/"},"modified":"2024-08-26T05:10:40","modified_gmt":"2024-08-26T05:10:40","slug":"satori","status":"publish","type":"product","link":"https:\/\/topholds.com\/fr\/offre\/prises-escalade\/satori\/","title":{"rendered":"Prises d&rsquo;escalade Satori"},"content":{"rendered":"<p><strong>Satori est un pack de 4 prises d&rsquo;escalade<\/strong> de haute qualit\u00e9, con\u00e7u pour satisfaire les besoins des grimpeurs de tous niveaux.<\/p>\n<p>Avec un total de 4 prises, incluant des prises en forme de cuvette, des pinces et des r\u00e9gletas positives, avec une <strong>texture rugueuse douce<\/strong>, cet ensemble offre une grande vari\u00e9t\u00e9 d&rsquo;options pour d\u00e9fier vos comp\u00e9tences sur le mur.<\/p>\n<p>Chaque prise est <b>\u00e9quip\u00e9e d&rsquo;un trou large et petit anti-rotation<\/b>, ce qui permet une installation facile \u00e0 l&rsquo;aide de vis Allen et de vis \u00e0 bois.<\/p>\n<p>Les vis n\u00e9cessaires pour assurer une fixation s\u00e9curis\u00e9e et r\u00e9sistante sont M10x50 (recommand\u00e9) ou M8x50.<\/p>\n<p>En r\u00e9sum\u00e9, <em>Satori est le lot parfait<\/em> pour amener vos comp\u00e9tences d&rsquo;escalade au niveau sup\u00e9rieur, avec une qualit\u00e9 et une polyvalence in\u00e9gal\u00e9es.<\/p>\n<p>Les couleurs peuvent ne pas correspondre \u00e0 celles de la photo. Si vous souhaitez une couleur sp\u00e9ciale, contactez-nous.<\/p>\n","protected":false},"excerpt":{"rendered":"<ul>\n<li>Satori est un pack de 4 prises avec une texture douce de type gr\u00e8s.<\/li>\n<li>Prises avec poches, r\u00e9glettes, plats et pinces.<\/li>\n<li>Installation facile et s\u00e9curis\u00e9e avec des vis et des tire-fonds.<\/li>\n<\/ul>\n","protected":false},"featured_media":21162,"comment_status":"open","ping_status":"closed","template":"","meta":[],"product_brand":[],"product_cat":[429],"product_tag":[],"class_list":{"0":"post-17315","1":"product","2":"type-product","3":"status-publish","4":"has-post-thumbnail","6":"product_cat-prises-escalade","8":"first","9":"instock","10":"taxable","11":"shipping-taxable","12":"purchasable","13":"product-type-simple"},"_links":{"self":[{"href":"https:\/\/topholds.com\/fr\/wp-json\/wp\/v2\/product\/17315","targetHints":{"allow":["GET"]}}],"collection":[{"href":"https:\/\/topholds.com\/fr\/wp-json\/wp\/v2\/product"}],"about":[{"href":"https:\/\/topholds.com\/fr\/wp-json\/wp\/v2\/types\/product"}],"replies":[{"embeddable":true,"href":"https:\/\/topholds.com\/fr\/wp-json\/wp\/v2\/comments?post=17315"}],"wp:featuredmedia":[{"embeddable":true,"href":"https:\/\/topholds.com\/fr\/wp-json\/wp\/v2\/media\/21162"}],"wp:attachment":[{"href":"https:\/\/topholds.com\/fr\/wp-json\/wp\/v2\/media?parent=17315"}],"wp:term":[{"taxonomy":"product_brand","embeddable":true,"href":"https:\/\/topholds.com\/fr\/wp-json\/wp\/v2\/product_brand?post=17315"},{"taxonomy":"product_cat","embeddable":true,"href":"https:\/\/topholds.com\/fr\/wp-json\/wp\/v2\/product_cat?post=17315"},{"taxonomy":"product_tag","embeddable":true,"href":"https:\/\/topholds.com\/fr\/wp-json\/wp\/v2\/product_tag?post=17315"}],"curies":[{"name":"wp","href":"https:\/\/api.w.org\/{rel}","templated":true}]}}