{"id":17321,"date":"2023-07-02T14:19:05","date_gmt":"2023-07-02T14:19:05","guid":{"rendered":"https:\/\/topholds.com\/congo\/"},"modified":"2026-03-11T14:17:32","modified_gmt":"2026-03-11T14:17:32","slug":"congo","status":"publish","type":"product","link":"https:\/\/topholds.com\/fr\/offre\/course-obstacles\/entrainements\/suspensionss\/congo\/","title":{"rendered":"Suspensions OCR Congo"},"content":{"rendered":"<p style=\"text-align: left;\">Par sa force et son agilit\u00e9, les gorilles sont les rois incontest\u00e9s des for\u00eats d&rsquo;Afrique centrale.<\/p>\n<p>La nouvelle suspension OCR de TopHolds qui rend hommage \u00e0 cet animal majestueux.<\/p>\n<p>&#8211; Prise sup\u00e9rieure en forme de boule, permet \u00e9galement le positionnement de la seconde main.<\/p>\n<p>&#8211; Prise par l&rsquo;arri\u00e8re pour renforcer la force de pince.<\/p>\n","protected":false},"excerpt":{"rendered":"<ul>\n<li>Pi\u00e8ce qui fournit un entra\u00eenement complet pour la force de vos mains.<\/li>\n<li>Deux prises : par le dessus pour les mouvements dynamiques et par l&rsquo;arri\u00e8re en pince pour les exercices statiques.<\/li>\n<li>Texture douce mais adh\u00e9rente, id\u00e9ale pour les entra\u00eenements d&rsquo;OCR, d&rsquo;escalade, de calisth\u00e9nie et de CrossFit.<\/li>\n<li>L\u00e9ger et facile \u00e0 transporter partout.<\/li>\n<\/ul>\n<p>&nbsp;<\/p>\n","protected":false},"featured_media":21168,"comment_status":"open","ping_status":"closed","template":"","meta":[],"product_brand":[],"product_cat":[402,450,455],"product_tag":[],"class_list":{"0":"post-17321","1":"product","2":"type-product","3":"status-publish","4":"has-post-thumbnail","6":"product_cat-course-obstacles","7":"product_cat-entrainements","8":"product_cat-suspensionss","10":"first","11":"instock","12":"sale","13":"taxable","14":"shipping-taxable","15":"purchasable","16":"product-type-simple"},"_links":{"self":[{"href":"https:\/\/topholds.com\/fr\/wp-json\/wp\/v2\/product\/17321","targetHints":{"allow":["GET"]}}],"collection":[{"href":"https:\/\/topholds.com\/fr\/wp-json\/wp\/v2\/product"}],"about":[{"href":"https:\/\/topholds.com\/fr\/wp-json\/wp\/v2\/types\/product"}],"replies":[{"embeddable":true,"href":"https:\/\/topholds.com\/fr\/wp-json\/wp\/v2\/comments?post=17321"}],"wp:featuredmedia":[{"embeddable":true,"href":"https:\/\/topholds.com\/fr\/wp-json\/wp\/v2\/media\/21168"}],"wp:attachment":[{"href":"https:\/\/topholds.com\/fr\/wp-json\/wp\/v2\/media?parent=17321"}],"wp:term":[{"taxonomy":"product_brand","embeddable":true,"href":"https:\/\/topholds.com\/fr\/wp-json\/wp\/v2\/product_brand?post=17321"},{"taxonomy":"product_cat","embeddable":true,"href":"https:\/\/topholds.com\/fr\/wp-json\/wp\/v2\/product_cat?post=17321"},{"taxonomy":"product_tag","embeddable":true,"href":"https:\/\/topholds.com\/fr\/wp-json\/wp\/v2\/product_tag?post=17321"}],"curies":[{"name":"wp","href":"https:\/\/api.w.org\/{rel}","templated":true}]}}