{"id":17327,"date":"2023-07-19T12:04:43","date_gmt":"2023-07-19T12:04:43","guid":{"rendered":"https:\/\/topholds.com\/ocr-dragon\/"},"modified":"2024-08-26T05:11:47","modified_gmt":"2024-08-26T05:11:47","slug":"ocr-dragon","status":"publish","type":"product","link":"https:\/\/topholds.com\/fr\/offre\/course-obstacles\/entrainements\/prises\/ocr-dragon\/","title":{"rendered":"Prises OCR Dragon"},"content":{"rendered":"<p>Je suis pr\u00eat \u00e0 vous aider avec vos traductions. Veuillez fournir le texte que vous souhaitez traduire en fran\u00e7ais.<\/p>\n","protected":false},"excerpt":{"rendered":"<article>\n<h1>Dragon<\/h1>\n<p>Dragon est une prise d&rsquo;escalade avec une texture de gr\u00e8s douce.<\/p>\n<p>Prise avec un grand bac, tr\u00e8s confortable pour une ou deux mains. Prise id\u00e9ale pour tout surplomb et toit.<\/p>\n<p>Fixation par vis Allen 10&#215;50 (recommand\u00e9) ou M8x50.<\/p>\n<p>\u00c9quip\u00e9e d&rsquo;un trou pour vis anti-rotation.<\/p>\n<p>Les couleurs pourraient ne pas \u00eatre celles de la photo. Si vous souhaitez une couleur sp\u00e9ciale, veuillez nous contacter.<\/p>\n<\/article>\n","protected":false},"featured_media":21174,"comment_status":"open","ping_status":"closed","template":"","meta":[],"product_brand":[],"product_cat":[402,450,429,454],"product_tag":[],"class_list":{"0":"post-17327","1":"product","2":"type-product","3":"status-publish","4":"has-post-thumbnail","6":"product_cat-course-obstacles","7":"product_cat-entrainements","8":"product_cat-prises-escalade","9":"product_cat-prises","11":"first","12":"instock","13":"taxable","14":"shipping-taxable","15":"purchasable","16":"product-type-simple"},"_links":{"self":[{"href":"https:\/\/topholds.com\/fr\/wp-json\/wp\/v2\/product\/17327","targetHints":{"allow":["GET"]}}],"collection":[{"href":"https:\/\/topholds.com\/fr\/wp-json\/wp\/v2\/product"}],"about":[{"href":"https:\/\/topholds.com\/fr\/wp-json\/wp\/v2\/types\/product"}],"replies":[{"embeddable":true,"href":"https:\/\/topholds.com\/fr\/wp-json\/wp\/v2\/comments?post=17327"}],"wp:featuredmedia":[{"embeddable":true,"href":"https:\/\/topholds.com\/fr\/wp-json\/wp\/v2\/media\/21174"}],"wp:attachment":[{"href":"https:\/\/topholds.com\/fr\/wp-json\/wp\/v2\/media?parent=17327"}],"wp:term":[{"taxonomy":"product_brand","embeddable":true,"href":"https:\/\/topholds.com\/fr\/wp-json\/wp\/v2\/product_brand?post=17327"},{"taxonomy":"product_cat","embeddable":true,"href":"https:\/\/topholds.com\/fr\/wp-json\/wp\/v2\/product_cat?post=17327"},{"taxonomy":"product_tag","embeddable":true,"href":"https:\/\/topholds.com\/fr\/wp-json\/wp\/v2\/product_tag?post=17327"}],"curies":[{"name":"wp","href":"https:\/\/api.w.org\/{rel}","templated":true}]}}