{"id":17332,"date":"2023-11-26T11:41:49","date_gmt":"2023-11-26T11:41:49","guid":{"rendered":"https:\/\/topholds.com\/storm\/"},"modified":"2026-03-11T14:17:30","modified_gmt":"2026-03-11T14:17:30","slug":"storm","status":"publish","type":"product","link":"https:\/\/topholds.com\/fr\/offre\/course-obstacles\/entrainements\/suspensionss\/storm\/","title":{"rendered":"Suspensions OCR Storm"},"content":{"rendered":"<p><strong>Storm<\/strong> est un \u00e9l\u00e9ment de <strong>suspension OCR<\/strong> con\u00e7u pour vous offrir plusieurs fa\u00e7ons de le surmonter et d&rsquo;am\u00e9liorer vos entra\u00eenements. Une prise de r\u00e9glettes pour am\u00e9liorer la force de vos doigts et une prise conique pour am\u00e9liorer la pression de pince de vos mains. Vous pourrez \u00e9galement l&rsquo;utiliser pour <strong>Fly Monkey<\/strong>, en l&rsquo;attrapant \u00e0 deux mains en position de cuill\u00e8re oppos\u00e9e pour r\u00e9aliser des pas dynamiques. Son ergonomie et sa texture douce mais adh\u00e9rente en font un <strong>agr\u00e8s confortable et s\u00fbr<\/strong>, qui pr\u00e9vient les blessures pouvant survenir avec une prise plate.<\/p>\n<p>C&rsquo;est <strong>un agr\u00e8s pour am\u00e9liorer votre force et r\u00e9sistance en escalade<\/strong>, OCR, d\u00e9fis ninja et Crossfit.<\/p>\n<p>Les couleurs du Storm peuvent varier par rapport \u00e0 la photo. Si vous souhaitez choisir une couleur sp\u00e9cifique, contactez-nous.<\/p>\n<p>Cette suspension polyvalente s&rsquo;accroche facilement \u00e0 une barre de traction, dans un parc ou sur une branche, permettant d&rsquo;effectuer une large vari\u00e9t\u00e9 d&rsquo;exercices n&rsquo;importe o\u00f9.<\/p>\n<p>Maximisez le potentiel de la <em>suspension <strong>Storm<\/strong><\/em> en l&rsquo;associant \u00e0 d&rsquo;autres en vertical, cr\u00e9ant des d\u00e9fis uniques et adapt\u00e9s \u00e0 vos besoins. Son design m\u00e9ticuleusement \u00e9tudi\u00e9 vous permet de tirer le meilleur parti de vos entra\u00eenements, sans n\u00e9cessiter un grand espace pour r\u00e9aliser des combos de n&rsquo;importe quelle longueur.<\/p>\n<p><strong><em>Storm<\/em><\/strong> est un outil exceptionnel pour <strong>entra\u00eenements de OCR, calisth\u00e9nie, d\u00e9fis ninja, escalade, Crossfit, gymnastique<\/strong> et bien plus encore. De plus, il ne fournit pas seulement un entra\u00eenement efficace, mais aussi beaucoup de plaisir. Oserez-vous l&rsquo;essayer ?<\/p>\n","protected":false},"excerpt":{"rendered":"<ul>\n<li>Suspension avec plusieurs poign\u00e9es et pour fly monkey avec deux mains.<\/li>\n<li>Une ergonomie parfaite pour une prise avec une ou deux mains.<\/li>\n<li>Texture douce mais tr\u00e8s adh\u00e9rente.<\/li>\n<li>Un outil formidable pour nos entra\u00eenements d&rsquo;escalade, OCR, d\u00e9fis ninja et Crossfit.<\/li>\n<\/ul>\n","protected":false},"featured_media":22925,"comment_status":"open","ping_status":"closed","template":"","meta":[],"product_brand":[],"product_cat":[402,450,455],"product_tag":[],"class_list":{"0":"post-17332","1":"product","2":"type-product","3":"status-publish","4":"has-post-thumbnail","6":"product_cat-course-obstacles","7":"product_cat-entrainements","8":"product_cat-suspensionss","10":"first","11":"instock","12":"sale","13":"featured","14":"taxable","15":"shipping-taxable","16":"purchasable","17":"product-type-simple"},"_links":{"self":[{"href":"https:\/\/topholds.com\/fr\/wp-json\/wp\/v2\/product\/17332","targetHints":{"allow":["GET"]}}],"collection":[{"href":"https:\/\/topholds.com\/fr\/wp-json\/wp\/v2\/product"}],"about":[{"href":"https:\/\/topholds.com\/fr\/wp-json\/wp\/v2\/types\/product"}],"replies":[{"embeddable":true,"href":"https:\/\/topholds.com\/fr\/wp-json\/wp\/v2\/comments?post=17332"}],"wp:featuredmedia":[{"embeddable":true,"href":"https:\/\/topholds.com\/fr\/wp-json\/wp\/v2\/media\/22925"}],"wp:attachment":[{"href":"https:\/\/topholds.com\/fr\/wp-json\/wp\/v2\/media?parent=17332"}],"wp:term":[{"taxonomy":"product_brand","embeddable":true,"href":"https:\/\/topholds.com\/fr\/wp-json\/wp\/v2\/product_brand?post=17332"},{"taxonomy":"product_cat","embeddable":true,"href":"https:\/\/topholds.com\/fr\/wp-json\/wp\/v2\/product_cat?post=17332"},{"taxonomy":"product_tag","embeddable":true,"href":"https:\/\/topholds.com\/fr\/wp-json\/wp\/v2\/product_tag?post=17332"}],"curies":[{"name":"wp","href":"https:\/\/api.w.org\/{rel}","templated":true}]}}