{"id":17342,"date":"2024-01-18T13:10:37","date_gmt":"2024-01-18T13:10:37","guid":{"rendered":"https:\/\/topholds.com\/ninja-track\/"},"modified":"2025-09-18T03:14:59","modified_gmt":"2025-09-18T03:14:59","slug":"ninja-track","status":"publish","type":"product","link":"https:\/\/topholds.com\/fr\/offre\/course-obstacles\/entrainements\/prises\/ninja-track\/","title":{"rendered":"Prises OCR Ninja Track"},"content":{"rendered":"<p>Presse d&rsquo;escalade avec des mesures sp\u00e9cifiques pour les Ninja Track Europ\u00e9ens et Mondiaux OCR.<\/p>\n<p><strong>Presse d&rsquo;escalade<\/strong> de haute qualit\u00e9 avec une texture sablonneuse douce, con\u00e7ue pour Ninja Track OCR.<\/p>\n<p>Elle r\u00e9pond \u00e9galement aux besoins des grimpeurs de tous niveaux, car elle peut \u00eatre install\u00e9e sur n&rsquo;importe quel mur inclin\u00e9 et plafond.<\/p>\n<p>Prise en main confortable en forme de cuill\u00e8re.<\/p>\n<p>La prise est dot\u00e9e de quatre petits trous et d&rsquo;un grand pour permettre une <strong>installation facile \u00e0 l&rsquo;aide de vis allen et de tire-fonds<\/strong>. Il est recommand\u00e9 d&rsquo;utiliser des vis M10x100 (recommand\u00e9) ou M8x100 (pour des bois de 2 cm d&rsquo;\u00e9paisseur).<\/p>\n<p>Les couleurs peuvent ne pas \u00eatre celles de la photo. Si vous en souhaitez une sp\u00e9ciale, veuillez nous contacter.<\/p>\n","protected":false},"excerpt":{"rendered":"<p>Presa de escalada con las medidas espec\u00edficas de Ninja Track Europeos y Mundiales OCR.<\/p>\n","protected":false},"featured_media":15324,"comment_status":"open","ping_status":"closed","template":"","meta":[],"product_brand":[],"product_cat":[402,454],"product_tag":[],"class_list":{"0":"post-17342","1":"product","2":"type-product","3":"status-publish","4":"has-post-thumbnail","6":"product_cat-course-obstacles","7":"product_cat-prises","9":"first","10":"instock","11":"sale","12":"taxable","13":"shipping-taxable","14":"purchasable","15":"product-type-variable"},"_links":{"self":[{"href":"https:\/\/topholds.com\/fr\/wp-json\/wp\/v2\/product\/17342","targetHints":{"allow":["GET"]}}],"collection":[{"href":"https:\/\/topholds.com\/fr\/wp-json\/wp\/v2\/product"}],"about":[{"href":"https:\/\/topholds.com\/fr\/wp-json\/wp\/v2\/types\/product"}],"replies":[{"embeddable":true,"href":"https:\/\/topholds.com\/fr\/wp-json\/wp\/v2\/comments?post=17342"}],"wp:featuredmedia":[{"embeddable":true,"href":"https:\/\/topholds.com\/fr\/wp-json\/wp\/v2\/media\/15324"}],"wp:attachment":[{"href":"https:\/\/topholds.com\/fr\/wp-json\/wp\/v2\/media?parent=17342"}],"wp:term":[{"taxonomy":"product_brand","embeddable":true,"href":"https:\/\/topholds.com\/fr\/wp-json\/wp\/v2\/product_brand?post=17342"},{"taxonomy":"product_cat","embeddable":true,"href":"https:\/\/topholds.com\/fr\/wp-json\/wp\/v2\/product_cat?post=17342"},{"taxonomy":"product_tag","embeddable":true,"href":"https:\/\/topholds.com\/fr\/wp-json\/wp\/v2\/product_tag?post=17342"}],"curies":[{"name":"wp","href":"https:\/\/api.w.org\/{rel}","templated":true}]}}