{"id":17347,"date":"2024-03-19T16:19:45","date_gmt":"2024-03-19T16:19:45","guid":{"rendered":"https:\/\/topholds.com\/unbroken-ring\/"},"modified":"2025-09-18T03:17:09","modified_gmt":"2025-09-18T03:17:09","slug":"unbroken-ring","status":"publish","type":"product","link":"https:\/\/topholds.com\/fr\/offre\/course-obstacles\/entrainements\/suspensionss\/unbroken-ring\/","title":{"rendered":"Unbroken Ring"},"content":{"rendered":"<p>La Anilla Unbroken est une pi\u00e8ce \u00e0 utiliser comme une anneau conventionnel.<\/p>\n<p>Son design <strong>permet de l&rsquo;accrocher facilement sur des barres de traction<\/strong>, dans des parcs, sur des branches ou d&rsquo;autres surfaces, ce qui vous offre l&rsquo;opportunit\u00e9 de r\u00e9aliser une large gamme d&rsquo;exercices n&rsquo;importe o\u00f9.<\/p>\n<p>Avec une ergonomie parfaite pour la prise des mains. Outil id\u00e9al pour <strong>l&rsquo;entra\u00eenement en escalade, OCR, calisth\u00e9nie, d\u00e9fis ninja, CrossFit<\/strong>, gymnastique et plus encore.<\/p>\n<p>Les couleurs pourraient ne pas \u00eatre celles de la photo, consultez-nous si vous en souhaitez une sp\u00e9ciale.<\/p>\n","protected":false},"excerpt":{"rendered":"<ul>\n<li>Ergonomie parfaite pour la prise en main<\/li>\n<li>\u00c0 utiliser comme un anneau conventionnel.<\/li>\n<li>Id\u00e9al pour l&rsquo;escalade, les courses \u00e0 obstacles, la callisth\u00e9nie, les d\u00e9fis ninja, le CrossFit, la gymnastique et plus encore<\/li>\n<\/ul>\n","protected":false},"featured_media":15566,"comment_status":"open","ping_status":"closed","template":"","meta":[],"product_brand":[],"product_cat":[402,450,455],"product_tag":[],"class_list":{"0":"post-17347","1":"product","2":"type-product","3":"status-publish","4":"has-post-thumbnail","6":"product_cat-course-obstacles","7":"product_cat-entrainements","8":"product_cat-suspensionss","10":"first","11":"instock","12":"taxable","13":"shipping-taxable","14":"purchasable","15":"product-type-simple"},"_links":{"self":[{"href":"https:\/\/topholds.com\/fr\/wp-json\/wp\/v2\/product\/17347","targetHints":{"allow":["GET"]}}],"collection":[{"href":"https:\/\/topholds.com\/fr\/wp-json\/wp\/v2\/product"}],"about":[{"href":"https:\/\/topholds.com\/fr\/wp-json\/wp\/v2\/types\/product"}],"replies":[{"embeddable":true,"href":"https:\/\/topholds.com\/fr\/wp-json\/wp\/v2\/comments?post=17347"}],"wp:featuredmedia":[{"embeddable":true,"href":"https:\/\/topholds.com\/fr\/wp-json\/wp\/v2\/media\/15566"}],"wp:attachment":[{"href":"https:\/\/topholds.com\/fr\/wp-json\/wp\/v2\/media?parent=17347"}],"wp:term":[{"taxonomy":"product_brand","embeddable":true,"href":"https:\/\/topholds.com\/fr\/wp-json\/wp\/v2\/product_brand?post=17347"},{"taxonomy":"product_cat","embeddable":true,"href":"https:\/\/topholds.com\/fr\/wp-json\/wp\/v2\/product_cat?post=17347"},{"taxonomy":"product_tag","embeddable":true,"href":"https:\/\/topholds.com\/fr\/wp-json\/wp\/v2\/product_tag?post=17347"}],"curies":[{"name":"wp","href":"https:\/\/api.w.org\/{rel}","templated":true}]}}