{"id":17351,"date":"2024-04-23T16:57:48","date_gmt":"2024-04-23T16:57:48","guid":{"rendered":"https:\/\/topholds.com\/grand-poseidon\/"},"modified":"2025-09-18T03:13:45","modified_gmt":"2025-09-18T03:13:45","slug":"grand-poseidon","status":"publish","type":"product","link":"https:\/\/topholds.com\/fr\/offre\/course-obstacles\/entrainements\/suspensionss\/grand-poseidon\/","title":{"rendered":"Grand Poseidon"},"content":{"rendered":"<p><strong>Grand Poseidon<\/strong> est un \u00e9l\u00e9ment de <strong>suspension OCR<\/strong> qui est con\u00e7u pour am\u00e9liorer la force de vos doigts et la pression de pince de vos mains.<\/p>\n<p>Vous pouvez l&rsquo;attraper facilement par le dessus ou vous mettre \u00e0 l&rsquo;\u00e9preuve avec les pinces lat\u00e9rales \u00e0 une ou deux mains.<\/p>\n<p>C&rsquo;est <strong>une prise pour am\u00e9liorer votre force et votre endurance en escalade<\/strong>, OCR, d\u00e9fis ninja et Crossfit.<\/p>\n<p>Les couleurs du Grand Poseidon peuvent varier par rapport \u00e0 la photo. Si vous souhaitez choisir une couleur sp\u00e9cifique, contactez-nous.<\/p>\n<p>Cette suspension polyvalente se fixe facilement \u00e0 une barre de traction, dans le parc ou sur une branche, permettant de r\u00e9aliser une large vari\u00e9t\u00e9 d&rsquo;exercices n&rsquo;importe o\u00f9. Mousqueton avec fermeture de s\u00e9curit\u00e9 inclus.<\/p>\n<p><strong><em>Grand Poseidon<\/em><\/strong> est un outil exceptionnel pour <strong>entra\u00eenements OCR, calisth\u00e9nie, d\u00e9fis ninja, escalade, Crossfit, gymnastique<\/strong> et bien plus encore. De plus, il ne fournit pas seulement un entra\u00eenement efficace, mais aussi beaucoup de fun. Oserez-vous l&rsquo;essayer ?<\/p>\n","protected":false},"excerpt":{"rendered":"<ul>\n<li>Suspension avec saisies de pinces lat\u00e9rales.<\/li>\n<li>Une ergonomie parfaite pour une prise \u00e0 une ou deux mains.<\/li>\n<li>Texture douce mais tr\u00e8s adh\u00e9rente.<\/li>\n<li>Un outil brut pour nos entra\u00eenements d&rsquo;escalade, OCR, d\u00e9fis ninja et Crossfit.<\/li>\n<\/ul>\n","protected":false},"featured_media":15697,"comment_status":"open","ping_status":"closed","template":"","meta":[],"product_brand":[],"product_cat":[402,450,455],"product_tag":[],"class_list":{"0":"post-17351","1":"product","2":"type-product","3":"status-publish","4":"has-post-thumbnail","6":"product_cat-course-obstacles","7":"product_cat-entrainements","8":"product_cat-suspensionss","10":"first","11":"instock","12":"featured","13":"taxable","14":"shipping-taxable","15":"purchasable","16":"product-type-simple"},"_links":{"self":[{"href":"https:\/\/topholds.com\/fr\/wp-json\/wp\/v2\/product\/17351","targetHints":{"allow":["GET"]}}],"collection":[{"href":"https:\/\/topholds.com\/fr\/wp-json\/wp\/v2\/product"}],"about":[{"href":"https:\/\/topholds.com\/fr\/wp-json\/wp\/v2\/types\/product"}],"replies":[{"embeddable":true,"href":"https:\/\/topholds.com\/fr\/wp-json\/wp\/v2\/comments?post=17351"}],"wp:featuredmedia":[{"embeddable":true,"href":"https:\/\/topholds.com\/fr\/wp-json\/wp\/v2\/media\/15697"}],"wp:attachment":[{"href":"https:\/\/topholds.com\/fr\/wp-json\/wp\/v2\/media?parent=17351"}],"wp:term":[{"taxonomy":"product_brand","embeddable":true,"href":"https:\/\/topholds.com\/fr\/wp-json\/wp\/v2\/product_brand?post=17351"},{"taxonomy":"product_cat","embeddable":true,"href":"https:\/\/topholds.com\/fr\/wp-json\/wp\/v2\/product_cat?post=17351"},{"taxonomy":"product_tag","embeddable":true,"href":"https:\/\/topholds.com\/fr\/wp-json\/wp\/v2\/product_tag?post=17351"}],"curies":[{"name":"wp","href":"https:\/\/api.w.org\/{rel}","templated":true}]}}