{"id":21239,"date":"2024-09-04T10:41:59","date_gmt":"2024-09-04T10:41:59","guid":{"rendered":"https:\/\/topholds.com\/?post_type=product&#038;p=21239"},"modified":"2026-03-06T04:04:36","modified_gmt":"2026-03-06T04:04:36","slug":"monster","status":"publish","type":"product","link":"https:\/\/topholds.com\/fr\/offre\/course-obstacles\/entrainements\/suspensionss\/monster\/","title":{"rendered":"Suspensions OCR Monster Grips"},"content":{"rendered":"<p>Monster Grips : Ma\u00eetrise les Suspensions OCR<\/p>\n<p>Qu&rsquo;est-ce que Monster Grips ?<\/p>\n<p>Monster Grips est la prise pour les athl\u00e8tes OCR, con\u00e7ue sp\u00e9cifiquement pour perfectionner ta technique des Suspensions OCR et \u00e9lever tes performances lors des courses d&rsquo;obstacles.<\/p>\n<p>&nbsp;<\/p>\n<p><strong>Avantages cl\u00e9s :<\/strong><\/p>\n<p><strong>-Renforce la force des mains et l&rsquo;endurance :<\/strong><\/p>\n<p>Cette prise d&rsquo;entra\u00eenement est con\u00e7ue sp\u00e9cifiquement pour d\u00e9fier et am\u00e9liorer la force des doigts, des mains et des avant-bras, essentielles pour surmonter les courses d&rsquo;obstacles et les entra\u00eenements d&rsquo;escalade.<\/p>\n<p><strong>-Perfectionne ta technique :<\/strong><\/p>\n<p>Prise facile gr\u00e2ce \u00e0 sa forme allong\u00e9e, incurv\u00e9e et conique. Permet de pratiquer diverses techniques de prise, aidant \u00e0 perfectionner l&rsquo;adresse et la coordination n\u00e9cessaires dans des disciplines comme l&rsquo;escalade et les obstacles.<\/p>\n<p><strong>-Polyvalence incomparable :<\/strong><\/p>\n<p>Avec son design adaptable, cette prise peut \u00eatre suspendue facilement \u00e0 des barres, des structures, et m\u00eame des arbres, offrant de multiples possibilit\u00e9s d&rsquo;entra\u00eenement dans diff\u00e9rents environnements.<\/p>\n<p><strong>-Portabilit\u00e9 maximale :<\/strong><\/p>\n<p>L\u00e9ger et compact, cette prise est facile \u00e0 transporter, ce qui permet de l&#8217;emporter partout pour s&rsquo;entra\u00eener, que ce soit \u00e0 la maison, \u00e0 la salle de sport ou en plein air.<\/p>\n<p><strong>-Durabilit\u00e9 Garantie :<\/strong><\/p>\n<p>Mat\u00e9riaux de haute r\u00e9sistance<\/p>\n<p>Con\u00e7u pour un usage intensif et prolong\u00e9<\/p>\n<p>&nbsp;<\/p>\n<p><strong>Pourquoi choisir Monster Grips ?<\/strong><\/p>\n<p>Efficacit\u00e9 prouv\u00e9e : Cr\u00e9\u00e9 par et pour les athl\u00e8tes OCR<\/p>\n<p>Entra\u00eenement global : Am\u00e9liore la force, la technique et la confiance<\/p>\n<p>R\u00e9sultats tangibles : Remarque la diff\u00e9rence lors de ta prochaine course<\/p>\n<p>\u00c9l\u00e8ve tes performances en OCR d\u00e8s maintenant !<\/p>\n<p>Optimise ta Suspensions OCR aujourd&rsquo;hui et conquiers la piste demain !<\/p>\n<p>&nbsp;<\/p>\n<p>Les couleurs pourraient ne pas \u00eatre celles de la photo ( contactez-nous si vous souhaitez une couleur sp\u00e9ciale ).<\/p>\n","protected":false},"excerpt":{"rendered":"<p>&nbsp;<\/p>\n<ul>\n<li>Sa forme conique offre une prise en main facile pour vos entra\u00eenements.<\/li>\n<li>L\u00e9gers et faciles \u00e0 emporter partout avec vous.<\/li>\n<li>Am\u00e9liorez votre force de prise, votre endurance et votre contr\u00f4le musculaire.<\/li>\n<li>Mat\u00e9riau de haute r\u00e9sistance<\/li>\n<li>Con\u00e7u pour un usage intensif et prolong\u00e9<\/li>\n<li>Texture tr\u00e8s adh\u00e9rente et douce<\/li>\n<\/ul>\n","protected":false},"featured_media":21246,"comment_status":"open","ping_status":"closed","template":"","meta":[],"product_brand":[],"product_cat":[402,450,455],"product_tag":[],"class_list":{"0":"post-21239","1":"product","2":"type-product","3":"status-publish","4":"has-post-thumbnail","6":"product_cat-course-obstacles","7":"product_cat-entrainements","8":"product_cat-suspensionss","10":"first","11":"instock","12":"featured","13":"taxable","14":"shipping-taxable","15":"purchasable","16":"product-type-simple"},"_links":{"self":[{"href":"https:\/\/topholds.com\/fr\/wp-json\/wp\/v2\/product\/21239","targetHints":{"allow":["GET"]}}],"collection":[{"href":"https:\/\/topholds.com\/fr\/wp-json\/wp\/v2\/product"}],"about":[{"href":"https:\/\/topholds.com\/fr\/wp-json\/wp\/v2\/types\/product"}],"replies":[{"embeddable":true,"href":"https:\/\/topholds.com\/fr\/wp-json\/wp\/v2\/comments?post=21239"}],"wp:featuredmedia":[{"embeddable":true,"href":"https:\/\/topholds.com\/fr\/wp-json\/wp\/v2\/media\/21246"}],"wp:attachment":[{"href":"https:\/\/topholds.com\/fr\/wp-json\/wp\/v2\/media?parent=21239"}],"wp:term":[{"taxonomy":"product_brand","embeddable":true,"href":"https:\/\/topholds.com\/fr\/wp-json\/wp\/v2\/product_brand?post=21239"},{"taxonomy":"product_cat","embeddable":true,"href":"https:\/\/topholds.com\/fr\/wp-json\/wp\/v2\/product_cat?post=21239"},{"taxonomy":"product_tag","embeddable":true,"href":"https:\/\/topholds.com\/fr\/wp-json\/wp\/v2\/product_tag?post=21239"}],"curies":[{"name":"wp","href":"https:\/\/api.w.org\/{rel}","templated":true}]}}