{"id":21966,"date":"2025-03-07T15:12:11","date_gmt":"2025-03-07T15:12:11","guid":{"rendered":"https:\/\/topholds.com\/?post_type=product&#038;p=21966"},"modified":"2025-09-21T14:44:47","modified_gmt":"2025-09-21T14:44:47","slug":"polyhedron-grips","status":"publish","type":"product","link":"https:\/\/topholds.com\/fr\/offre\/course-obstacles\/entrainements\/suspensionss\/polyhedron-grips\/","title":{"rendered":"Suspensions OCR Polyhedron grips"},"content":{"rendered":"<p><strong>Polyhedron Grips est une prise d&rsquo;entra\u00eenement pour suspensions et tractions.<\/strong><\/p>\n<p>La <em> suspension OCR Polyhedron Grips<\/em> est con\u00e7ue pour amener vos <strong>entrainements d&rsquo;escalade, OCR et CrossFit<\/strong> au niveau sup\u00e9rieur. Avec quatre faces planes, mais avec des ar\u00eates tr\u00e8s arrondies, elle offre une ergonomie parfaite pour la main, combin\u00e9e \u00e0 une texture douce mais adh\u00e9rente qui <strong>garantit une prise optimale<\/strong>.<\/p>\n<p>Elle aide \u00e0 augmenter la force de pr\u00e9hension des mains en la saisissant de fa\u00e7on lat\u00e9rale. Elle poss\u00e8de \u00e9galement une prise sup\u00e9rieure arrondie et facile.<\/p>\n<p>Les <strong>Polyhedron Grips<\/strong> sont extr\u00eamement l\u00e9gers, ce qui en fait le choix <strong>id\u00e9al pour l&#8217;emporter avec vous lors de vos entra\u00eenements o\u00f9 que vous soyez<\/strong>. De plus, nous avons opt\u00e9 pour un cordon double de 6 mm pour plusieurs raisons :<\/p>\n<ul>\n<li>Il n&rsquo;y a pas d&rsquo;obstacles qui g\u00eanent la prise<\/li>\n<li>En seulement 3 secondes, utilisez un n\u0153ud de chasse pour la suspendre \u00e0 n&rsquo;importe quelle branche, barre de traction, etc.<\/li>\n<li>Utilisez un mousqueton pour la suspendre \u00e0 des sorties en plafond ou en d\u00e9vers<\/li>\n<\/ul>\n<p>Notez que les couleurs du produit peuvent varier par rapport \u00e0 l&rsquo;image affich\u00e9e. Si vous souhaitez une couleur sp\u00e9cifique, n&rsquo;h\u00e9sitez pas \u00e0 nous contacter.<\/p>\n","protected":false},"excerpt":{"rendered":"<ul>\n<li>Prise pour suspensions\/tractions.<\/li>\n<li>Aide \u00e0 augmenter la force de pr\u00e9hension des mains.<\/li>\n<li>Tr\u00e8s l\u00e9gers, id\u00e9aux pour emporter lors d&rsquo;entra\u00eenements n&rsquo;importe o\u00f9.<\/li>\n<li>Pas d&rsquo;encombrement dans la prise.<\/li>\n<li>Avec un mousqueton, nous les suspendons pour des sorties en plafond ou d\u00e9vers.<\/li>\n<\/ul>\n","protected":false},"featured_media":21973,"comment_status":"open","ping_status":"closed","template":"","meta":[],"product_brand":[],"product_cat":[402,450,455],"product_tag":[],"class_list":{"0":"post-21966","1":"product","2":"type-product","3":"status-publish","4":"has-post-thumbnail","6":"product_cat-course-obstacles","7":"product_cat-entrainements","8":"product_cat-suspensionss","10":"first","11":"instock","12":"taxable","13":"shipping-taxable","14":"purchasable","15":"product-type-simple"},"_links":{"self":[{"href":"https:\/\/topholds.com\/fr\/wp-json\/wp\/v2\/product\/21966","targetHints":{"allow":["GET"]}}],"collection":[{"href":"https:\/\/topholds.com\/fr\/wp-json\/wp\/v2\/product"}],"about":[{"href":"https:\/\/topholds.com\/fr\/wp-json\/wp\/v2\/types\/product"}],"replies":[{"embeddable":true,"href":"https:\/\/topholds.com\/fr\/wp-json\/wp\/v2\/comments?post=21966"}],"wp:featuredmedia":[{"embeddable":true,"href":"https:\/\/topholds.com\/fr\/wp-json\/wp\/v2\/media\/21973"}],"wp:attachment":[{"href":"https:\/\/topholds.com\/fr\/wp-json\/wp\/v2\/media?parent=21966"}],"wp:term":[{"taxonomy":"product_brand","embeddable":true,"href":"https:\/\/topholds.com\/fr\/wp-json\/wp\/v2\/product_brand?post=21966"},{"taxonomy":"product_cat","embeddable":true,"href":"https:\/\/topholds.com\/fr\/wp-json\/wp\/v2\/product_cat?post=21966"},{"taxonomy":"product_tag","embeddable":true,"href":"https:\/\/topholds.com\/fr\/wp-json\/wp\/v2\/product_tag?post=21966"}],"curies":[{"name":"wp","href":"https:\/\/api.w.org\/{rel}","templated":true}]}}