{"id":21989,"date":"2025-03-07T16:38:57","date_gmt":"2025-03-07T16:38:57","guid":{"rendered":"https:\/\/topholds.com\/?post_type=product&#038;p=21989"},"modified":"2026-03-11T14:17:31","modified_gmt":"2026-03-11T14:17:31","slug":"low-grips","status":"publish","type":"product","link":"https:\/\/topholds.com\/fr\/offre\/course-obstacles\/entrainements\/suspensionss\/low-grips\/","title":{"rendered":"Suspensions OCR Low Grips"},"content":{"rendered":"<p><strong>Low Grips<\/strong> est un \u00e9l\u00e9ment de <strong>Suspensions OCR<\/strong> tr\u00e8s exigeant con\u00e7u pour l&rsquo;entra\u00eenement des prises en pince.<\/p>\n<p>La prise se r\u00e9alise du bas vers le haut, restant ainsi suspendue uniquement par l&rsquo;opposition du pouce au reste des doigts, qui auront un point d&rsquo;appui fort sur la partie sup\u00e9rieure du cylindre.<\/p>\n<p>Elle est destin\u00e9e \u00e0 l&rsquo;entra\u00eenement de la force en statique sur deux prises en raison de sa complexit\u00e9, mais nous sommes s\u00fbrs que bient\u00f4t nous verrons des athl\u00e8tes r\u00e9aliser des pas dynamiques et des combos.<\/p>\n<p>L&rsquo;objectif de cette prise est d&rsquo;apporter \u00e0 nos entra\u00eenements d&rsquo;escalade et Course d&rsquo;obstacles Equiment l&rsquo;une des prises les plus complexes qui existent et de continuer \u00e0 contribuer \u00e0 am\u00e9liorer la force de nos doigts gr\u00e2ce \u00e0 la qualit\u00e9 et \u00e0 la polyvalence de nos pi\u00e8ces.<\/p>\n<p>&nbsp;<\/p>\n<p>Les couleurs du Low Grips peuvent varier par rapport \u00e0 la photo. Si vous souhaitez choisir une couleur sp\u00e9cifique, contactez-nous.<\/p>\n<p>Cette suspension polyvalente se suspend facilement \u00e0 une barre de traction, dans le parc ou sur une branche, permettant de r\u00e9aliser une large vari\u00e9t\u00e9 d&rsquo;exercices en tout lieu.<\/p>\n<p>C&rsquo;est <strong>une prise exceptionnelle pour am\u00e9liorer ta force et ta r\u00e9sistance en escalade<\/strong>, Course d&rsquo;obstacles Equiment, calisthenie, d\u00e9fis ninja et Crossfit. Oseras-tu l&rsquo;essayer?<\/p>\n<p>&nbsp;<\/p>\n","protected":false},"excerpt":{"rendered":"<ul>\n<li>Suspensions OCR tr\u00e8s exigeantes, con\u00e7ues pour l&rsquo;entra\u00eenement des prises en pince.<\/li>\n<li>Am\u00e9liore la force des doigts.<\/li>\n<li>Texture douce mais tr\u00e8s adh\u00e9rente.<\/li>\n<li>Un outil brutal pour nos entra\u00eenements d&rsquo;escalade, OCR, calisth\u00e9nie, d\u00e9fis ninja et Crossfit.<\/li>\n<\/ul>\n","protected":false},"featured_media":22010,"comment_status":"open","ping_status":"closed","template":"","meta":[],"product_brand":[],"product_cat":[402,450,455],"product_tag":[],"class_list":{"0":"post-21989","1":"product","2":"type-product","3":"status-publish","4":"has-post-thumbnail","6":"product_cat-course-obstacles","7":"product_cat-entrainements","8":"product_cat-suspensionss","10":"first","11":"instock","12":"featured","13":"taxable","14":"shipping-taxable","15":"purchasable","16":"product-type-simple"},"_links":{"self":[{"href":"https:\/\/topholds.com\/fr\/wp-json\/wp\/v2\/product\/21989","targetHints":{"allow":["GET"]}}],"collection":[{"href":"https:\/\/topholds.com\/fr\/wp-json\/wp\/v2\/product"}],"about":[{"href":"https:\/\/topholds.com\/fr\/wp-json\/wp\/v2\/types\/product"}],"replies":[{"embeddable":true,"href":"https:\/\/topholds.com\/fr\/wp-json\/wp\/v2\/comments?post=21989"}],"wp:featuredmedia":[{"embeddable":true,"href":"https:\/\/topholds.com\/fr\/wp-json\/wp\/v2\/media\/22010"}],"wp:attachment":[{"href":"https:\/\/topholds.com\/fr\/wp-json\/wp\/v2\/media?parent=21989"}],"wp:term":[{"taxonomy":"product_brand","embeddable":true,"href":"https:\/\/topholds.com\/fr\/wp-json\/wp\/v2\/product_brand?post=21989"},{"taxonomy":"product_cat","embeddable":true,"href":"https:\/\/topholds.com\/fr\/wp-json\/wp\/v2\/product_cat?post=21989"},{"taxonomy":"product_tag","embeddable":true,"href":"https:\/\/topholds.com\/fr\/wp-json\/wp\/v2\/product_tag?post=21989"}],"curies":[{"name":"wp","href":"https:\/\/api.w.org\/{rel}","templated":true}]}}