{"id":22031,"date":"2025-03-07T18:39:55","date_gmt":"2025-03-07T18:39:55","guid":{"rendered":"https:\/\/topholds.com\/?post_type=product&#038;p=22031"},"modified":"2026-03-06T05:57:15","modified_gmt":"2026-03-06T05:57:15","slug":"climb3","status":"publish","type":"product","link":"https:\/\/topholds.com\/fr\/offre\/course-obstacles\/entrainements\/suspensionss\/climb3\/","title":{"rendered":"Suspensions OCR Climb 3"},"content":{"rendered":"<div><strong>OCR Clim 3<\/strong>. L&rsquo;adh\u00e9rence d\u00e9finitive qui transformera tes entra\u00eenements et te fera profiter de chaque d\u00e9fi!<\/div>\n<div>Con\u00e7u pour tirer le meilleur de toi-m\u00eame, ce nouveau TopHolds est un indispensable pour porter ta force et ta r\u00e9sistance au niveau sup\u00e9rieur.<\/div>\n<div>Avec trois niveaux de difficult\u00e9, un sup\u00e9rieur et deux lat\u00e9raux, il t&rsquo;offre d&rsquo;innombrables fa\u00e7ons de le surmonter. Son mouvement basculant mettra ton contr\u00f4le \u00e0 l&rsquo;\u00e9preuve et t&rsquo;obligera \u00e0 activer le pouce dans de longs pas dynamiques.<\/div>\n<div>Ce n&rsquo;est pas seulement un obstacle, c&rsquo;est une adr\u00e9naline pure et du plaisir \u00e0 chaque entra\u00eenement.<\/div>\n<div>Gr\u00e2ce \u00e0 son ergonomie parfaite et sa texture douce mais adh\u00e9rente, elle te procure une s\u00e9curit\u00e9 et un confort maximaux, r\u00e9duisant le risque de blessures.<\/div>\n<div>Indispensable pour <strong>Suspensions OCR<\/strong>, escalade et calisth\u00e9nie.<\/div>\n<div>Entra\u00eene-toi, d\u00e9passe-toi et amuse-toi comme jamais. Ma\u00eetrise-le et repousse tes limites !<\/div>\n<div>Les couleurs de l&rsquo;OCR Climb 3 peuvent varier par rapport \u00e0 la photo. Si tu veux choisir une couleur sp\u00e9cifique, contacte-nous.<\/div>\n<div>Cette suspension polyvalente se suspend facilement \u00e0 une barre de traction, au parc ou sur une branche, permettant de r\u00e9aliser une large vari\u00e9t\u00e9 d&rsquo;exercices n&rsquo;importe o\u00f9.<\/div>\n<div>Maximise le potentiel de la <em>suspension <b>OCR Climb 3<\/b><\/em> en l&rsquo;associant \u00e0 d&rsquo;autres en vertical, cr\u00e9ant des d\u00e9fis uniques et adapt\u00e9s \u00e0 tes besoins. Son design m\u00e9ticuleusement \u00e9tudi\u00e9 te permet de tirer le meilleur parti de tes entra\u00eenements, sans avoir besoin d&rsquo;un grand espace pour r\u00e9aliser des combos de n&rsquo;importe quelle longueur.<\/div>\n","protected":false},"excerpt":{"rendered":"<ul>\n<li>Suspensions OCR avec trois niveaux de difficult\u00e9.<\/li>\n<li>Une ergonomie parfaite pour une prise avec une ou deux mains.<\/li>\n<li>Texture douce mais tr\u00e8s adh\u00e9rente.<\/li>\n<li>Un outil indispensable pour nos entra\u00eenements d&rsquo;escalade, OCR, d\u00e9fis ninja et Crossfit.<\/li>\n<\/ul>\n","protected":false},"featured_media":21996,"comment_status":"open","ping_status":"closed","template":"","meta":[],"product_brand":[],"product_cat":[402,450,455],"product_tag":[],"class_list":{"0":"post-22031","1":"product","2":"type-product","3":"status-publish","4":"has-post-thumbnail","6":"product_cat-course-obstacles","7":"product_cat-entrainements","8":"product_cat-suspensionss","10":"first","11":"instock","12":"featured","13":"taxable","14":"shipping-taxable","15":"purchasable","16":"product-type-simple"},"_links":{"self":[{"href":"https:\/\/topholds.com\/fr\/wp-json\/wp\/v2\/product\/22031","targetHints":{"allow":["GET"]}}],"collection":[{"href":"https:\/\/topholds.com\/fr\/wp-json\/wp\/v2\/product"}],"about":[{"href":"https:\/\/topholds.com\/fr\/wp-json\/wp\/v2\/types\/product"}],"replies":[{"embeddable":true,"href":"https:\/\/topholds.com\/fr\/wp-json\/wp\/v2\/comments?post=22031"}],"wp:featuredmedia":[{"embeddable":true,"href":"https:\/\/topholds.com\/fr\/wp-json\/wp\/v2\/media\/21996"}],"wp:attachment":[{"href":"https:\/\/topholds.com\/fr\/wp-json\/wp\/v2\/media?parent=22031"}],"wp:term":[{"taxonomy":"product_brand","embeddable":true,"href":"https:\/\/topholds.com\/fr\/wp-json\/wp\/v2\/product_brand?post=22031"},{"taxonomy":"product_cat","embeddable":true,"href":"https:\/\/topholds.com\/fr\/wp-json\/wp\/v2\/product_cat?post=22031"},{"taxonomy":"product_tag","embeddable":true,"href":"https:\/\/topholds.com\/fr\/wp-json\/wp\/v2\/product_tag?post=22031"}],"curies":[{"name":"wp","href":"https:\/\/api.w.org\/{rel}","templated":true}]}}