{"id":22072,"date":"2025-03-17T18:33:30","date_gmt":"2025-03-17T18:33:30","guid":{"rendered":"https:\/\/topholds.com\/?post_type=product&#038;p=22072"},"modified":"2026-03-06T02:43:37","modified_gmt":"2026-03-06T02:43:37","slug":"ring-grips","status":"publish","type":"product","link":"https:\/\/topholds.com\/fr\/offre\/course-obstacles\/entrainements\/suspensionss\/ring-grips\/","title":{"rendered":"Suspensions OCR Ring Grips"},"content":{"rendered":"<p><strong>Suspensions OCR Ring Grips<\/strong> r\u00e9sistance et polyvalence pour toute la famille<\/p>\n<p>Optimisez votre entra\u00eenement avec <strong>Ring Grips<\/strong> con\u00e7ues pour offrir stabilit\u00e9, r\u00e9sistance et des performances exceptionnelles.<\/p>\n<p>Ils garantissent une prise ferme et confortable.<\/p>\n<p>Id\u00e9ales pour la course d&rsquo;obstacles, la calisth\u00e9nie, la gymnastique et l&rsquo;entra\u00eenement fonctionnel, permettent une grande vari\u00e9t\u00e9 de mouvements, renfor\u00e7ant le tronc, le dos, les bras et les \u00e9paules.<\/p>\n<p>Utilisez-la comme un anneau conventionnel ou pour varier les prises sur TRX ou sur des machines de musculation, et bien plus encore.<\/p>\n<p>De plus, son design s\u00fbr est adapt\u00e9 et id\u00e9al pour les enfants, favorisant l&rsquo;activit\u00e9 physique et le d\u00e9veloppement de la coordination, de la force et de la confiance d\u00e8s le plus jeune \u00e2ge. Parfaites pour les jeux et l&rsquo;entra\u00eenement des enfants \u00e0 la maison, en salle de sport ou en plein air.<\/p>\n<p>Son design <strong>permet de l&rsquo;accrocher facilement sur des barres de traction<\/strong>, parcs, branches ou d&rsquo;autres surfaces, ce qui vous offre l&rsquo;occasion d&rsquo;effectuer une large gamme d&rsquo;exercices partout.<\/p>\n<p>D\u00e9couvrez l&rsquo;\u00e9quilibre parfait entre entra\u00eenement et amusement avec <strong>Ring Grips<\/strong>, l&rsquo;outil qui r\u00e9volutionne votre fa\u00e7on de vous entra\u00eener.<\/p>\n<p>Les couleurs pourraient ne pas \u00eatre celles de la photo, contactez-nous si vous souhaitez une couleur sp\u00e9ciale.<\/p>\n","protected":false},"excerpt":{"rendered":"<ul>\n<li>Conception ergonomique pour plus de confort et de stabilit\u00e9.<\/li>\n<li>Tr\u00e8s r\u00e9sistants adapt\u00e9s aux adultes et aux enfants.<\/li>\n<li>Id\u00e9al pour l&rsquo;escalade, Course d&rsquo;obstacles Equiment, calisth\u00e9nie, d\u00e9fis ninja, CrossFit, gymnastique et plus.<\/li>\n<li>Polyvalence pour diff\u00e9rents niveaux d&rsquo;entra\u00eenement.<\/li>\n<\/ul>\n","protected":false},"featured_media":22090,"comment_status":"open","ping_status":"closed","template":"","meta":[],"product_brand":[],"product_cat":[402,450,455],"product_tag":[],"class_list":{"0":"post-22072","1":"product","2":"type-product","3":"status-publish","4":"has-post-thumbnail","6":"product_cat-course-obstacles","7":"product_cat-entrainements","8":"product_cat-suspensionss","10":"first","11":"instock","12":"sale","13":"taxable","14":"shipping-taxable","15":"purchasable","16":"product-type-simple"},"_links":{"self":[{"href":"https:\/\/topholds.com\/fr\/wp-json\/wp\/v2\/product\/22072","targetHints":{"allow":["GET"]}}],"collection":[{"href":"https:\/\/topholds.com\/fr\/wp-json\/wp\/v2\/product"}],"about":[{"href":"https:\/\/topholds.com\/fr\/wp-json\/wp\/v2\/types\/product"}],"replies":[{"embeddable":true,"href":"https:\/\/topholds.com\/fr\/wp-json\/wp\/v2\/comments?post=22072"}],"wp:featuredmedia":[{"embeddable":true,"href":"https:\/\/topholds.com\/fr\/wp-json\/wp\/v2\/media\/22090"}],"wp:attachment":[{"href":"https:\/\/topholds.com\/fr\/wp-json\/wp\/v2\/media?parent=22072"}],"wp:term":[{"taxonomy":"product_brand","embeddable":true,"href":"https:\/\/topholds.com\/fr\/wp-json\/wp\/v2\/product_brand?post=22072"},{"taxonomy":"product_cat","embeddable":true,"href":"https:\/\/topholds.com\/fr\/wp-json\/wp\/v2\/product_cat?post=22072"},{"taxonomy":"product_tag","embeddable":true,"href":"https:\/\/topholds.com\/fr\/wp-json\/wp\/v2\/product_tag?post=22072"}],"curies":[{"name":"wp","href":"https:\/\/api.w.org\/{rel}","templated":true}]}}