{"id":22685,"date":"2025-09-05T11:59:51","date_gmt":"2025-09-05T11:59:51","guid":{"rendered":"https:\/\/topholds.com\/?post_type=product&#038;p=22685"},"modified":"2026-03-11T14:17:31","modified_gmt":"2026-03-11T14:17:31","slug":"barrel-grips","status":"publish","type":"product","link":"https:\/\/topholds.com\/fr\/offre\/course-obstacles\/entrainements\/suspensionss\/barrel-grips\/","title":{"rendered":"Suspensions OCR Prises tonneau"},"content":{"rendered":"<p><strong>Barrel Grips est une combinaison de deux formes de prise pour suspensions\/tractions<\/strong>,  polyvalente, con\u00e7ue pour une ou deux mains.<\/p>\n<p>Les <em>suspensions Barrel Grips<\/em> pr\u00e9sentent deux niveaux de difficult\u00e9:<\/p>\n<ol>\n<li>Une prise plane sur le dessus, qui, en laissant la corde entre les doigts, vous obligera \u00e0 exercer les premi\u00e8res phalanges des doigts.<\/li>\n<li>Une prise ovalis\u00e9e d&rsquo;un diam\u00e8tre maximum de 85 mm. Il s&rsquo;agit d&rsquo;une prise exigeante, con\u00e7ue pour stimuler et augmenter la force de prise de pince. Choisissez le d\u00e9fi qui vous convient le mieux !<\/li>\n<\/ol>\n<p>Avec une ergonomie parfaite pour la main et une texture douce, cette prise est un outil exceptionnel pour <strong>entra\u00eenements d&rsquo;escalade, OCR ou Crossfit<\/strong>.<\/p>\n<p>Bien que robuste, ces prises sont l\u00e9g\u00e8res et id\u00e9ales \u00e0 transporter dans votre sac \u00e0 dos et s&rsquo;entra\u00eener n&rsquo;importe o\u00f9.<\/p>\n<p>\u00c9quip\u00e9s d&rsquo;un cordon double de 6 mm, offrent plusieurs avantages:<\/p>\n<ul>\n<li>Il n&rsquo;interf\u00e8re pas avec la prise.<\/li>\n<li>Ils peuvent \u00eatre facilement suspendus \u00e0 des branches, des barres de traction, etc., en utilisant un n\u0153ud de l&rsquo;alouette en seulement 3 secondes.<\/li>\n<li>Avec un mousqueton, ils peuvent \u00eatre accroch\u00e9s pour des sorties au plafond ou en d\u00e9vers.<\/li>\n<\/ul>\n<p>Il n&rsquo;y a pas d&rsquo;excuses pour ne pas ajouter un peu de d\u00e9fi \u00e0 vos entra\u00eenements quotidiens.<\/p>\n<p>Notez que les couleurs du produit peuvent ne pas correspondre \u00e0 celles de la photo. Si vous souhaitez une couleur sp\u00e9cifique, n&rsquo;h\u00e9sitez pas \u00e0 nous contacter.<\/p>\n","protected":false},"excerpt":{"rendered":"<ul>\n<li>Pi\u00e8ce polyvalente pour Suspensions OCR et tractions.<\/li>\n<li>Prise pour une ou deux mains.<\/li>\n<li>Deux niveaux de difficult\u00e9.<\/li>\n<li>Id\u00e9al pour les entra\u00eenements d&rsquo;escalade, Entra\u00eenement OCR ou Crossfit.<\/li>\n<li>Il n&rsquo;y a pas d&rsquo;obstacles sur la prise.<\/li>\n<\/ul>\n","protected":false},"featured_media":22706,"comment_status":"open","ping_status":"closed","template":"","meta":[],"product_brand":[],"product_cat":[402,450,455],"product_tag":[],"class_list":{"0":"post-22685","1":"product","2":"type-product","3":"status-publish","4":"has-post-thumbnail","6":"product_cat-course-obstacles","7":"product_cat-entrainements","8":"product_cat-suspensionss","10":"first","11":"instock","12":"taxable","13":"shipping-taxable","14":"purchasable","15":"product-type-simple"},"_links":{"self":[{"href":"https:\/\/topholds.com\/fr\/wp-json\/wp\/v2\/product\/22685","targetHints":{"allow":["GET"]}}],"collection":[{"href":"https:\/\/topholds.com\/fr\/wp-json\/wp\/v2\/product"}],"about":[{"href":"https:\/\/topholds.com\/fr\/wp-json\/wp\/v2\/types\/product"}],"replies":[{"embeddable":true,"href":"https:\/\/topholds.com\/fr\/wp-json\/wp\/v2\/comments?post=22685"}],"wp:featuredmedia":[{"embeddable":true,"href":"https:\/\/topholds.com\/fr\/wp-json\/wp\/v2\/media\/22706"}],"wp:attachment":[{"href":"https:\/\/topholds.com\/fr\/wp-json\/wp\/v2\/media?parent=22685"}],"wp:term":[{"taxonomy":"product_brand","embeddable":true,"href":"https:\/\/topholds.com\/fr\/wp-json\/wp\/v2\/product_brand?post=22685"},{"taxonomy":"product_cat","embeddable":true,"href":"https:\/\/topholds.com\/fr\/wp-json\/wp\/v2\/product_cat?post=22685"},{"taxonomy":"product_tag","embeddable":true,"href":"https:\/\/topholds.com\/fr\/wp-json\/wp\/v2\/product_tag?post=22685"}],"curies":[{"name":"wp","href":"https:\/\/api.w.org\/{rel}","templated":true}]}}