{"id":22735,"date":"2025-09-05T14:26:18","date_gmt":"2025-09-05T14:26:18","guid":{"rendered":"https:\/\/topholds.com\/?post_type=product&#038;p=22735"},"modified":"2025-09-19T14:29:27","modified_gmt":"2025-09-19T14:29:27","slug":"cannonball","status":"publish","type":"product","link":"https:\/\/topholds.com\/fr\/offre\/course-obstacles\/entrainements\/suspensionss\/cannonball\/","title":{"rendered":"Suspensions OCR Cannonball"},"content":{"rendered":"<p style=\"text-align: left;\">\u00c9levez votre entra\u00eenement avec les Cannonball con\u00e7ues pour am\u00e9liorer la force, l&rsquo;endurance et la coordination.<\/p>\n<p style=\"text-align: left;\">Son utilisation est simple : Laissez les cordes entre vos doigts et fermez le poing avec les deux balles \u00e0 l&rsquo;int\u00e9rieur pour vous maintenir suspendu.<\/p>\n<p>Ce type d&rsquo;entra\u00eenement ne d\u00e9veloppe pas seulement la force mais aussi la capacit\u00e9 et le contr\u00f4le corporel, devenant une pratique exigeante et amusante.<\/p>\n<ul>\n<li>Con\u00e7u pour les suspensions et les tractions.<\/li>\n<li>Offre une prise optimale avec sa texture douce mais tr\u00e8s adh\u00e9rente.<\/li>\n<li>Il est pratique et adaptable \u00e0 tout environnement d&rsquo;entra\u00eenement suspendu.<\/li>\n<li>Notez que les couleurs peuvent varier par rapport \u00e0 l&rsquo;image affich\u00e9e, donc si vous souhaitez une couleur sp\u00e9cifique, n&rsquo;h\u00e9sitez pas \u00e0 nous consulter.<\/li>\n<\/ul>\n","protected":false},"excerpt":{"rendered":"<ul>\n<li>Am\u00e9liore la force et l&rsquo;endurance de la prise.<\/li>\n<li>Renforce la coordination et le contr\u00f4le corporel.<\/li>\n<li>Pratique et adaptable \u00e0 tout environnement d&rsquo;entra\u00eenement.<\/li>\n<li>Compacte, l\u00e9g\u00e8re et facile \u00e0 transporter.<\/li>\n<li>Parfaite pour les entra\u00eenements en suspension, OCR, escalade, calisth\u00e9nie et Crossfit.<\/li>\n<\/ul>\n","protected":false},"featured_media":22699,"comment_status":"open","ping_status":"closed","template":"","meta":[],"product_brand":[],"product_cat":[402,450,455],"product_tag":[],"class_list":{"0":"post-22735","1":"product","2":"type-product","3":"status-publish","4":"has-post-thumbnail","6":"product_cat-course-obstacles","7":"product_cat-entrainements","8":"product_cat-suspensionss","10":"first","11":"instock","12":"taxable","13":"shipping-taxable","14":"purchasable","15":"product-type-simple"},"_links":{"self":[{"href":"https:\/\/topholds.com\/fr\/wp-json\/wp\/v2\/product\/22735","targetHints":{"allow":["GET"]}}],"collection":[{"href":"https:\/\/topholds.com\/fr\/wp-json\/wp\/v2\/product"}],"about":[{"href":"https:\/\/topholds.com\/fr\/wp-json\/wp\/v2\/types\/product"}],"replies":[{"embeddable":true,"href":"https:\/\/topholds.com\/fr\/wp-json\/wp\/v2\/comments?post=22735"}],"wp:featuredmedia":[{"embeddable":true,"href":"https:\/\/topholds.com\/fr\/wp-json\/wp\/v2\/media\/22699"}],"wp:attachment":[{"href":"https:\/\/topholds.com\/fr\/wp-json\/wp\/v2\/media?parent=22735"}],"wp:term":[{"taxonomy":"product_brand","embeddable":true,"href":"https:\/\/topholds.com\/fr\/wp-json\/wp\/v2\/product_brand?post=22735"},{"taxonomy":"product_cat","embeddable":true,"href":"https:\/\/topholds.com\/fr\/wp-json\/wp\/v2\/product_cat?post=22735"},{"taxonomy":"product_tag","embeddable":true,"href":"https:\/\/topholds.com\/fr\/wp-json\/wp\/v2\/product_tag?post=22735"}],"curies":[{"name":"wp","href":"https:\/\/api.w.org\/{rel}","templated":true}]}}