{"id":22864,"date":"2025-09-06T11:28:19","date_gmt":"2025-09-06T11:28:19","guid":{"rendered":"https:\/\/topholds.com\/oferta\/non class\u00e9\/prise-ocr-cazo-2\/"},"modified":"2026-03-18T09:22:40","modified_gmt":"2026-03-18T09:22:40","slug":"prise-ocr-cazo-2","status":"publish","type":"product","link":"https:\/\/topholds.com\/fr\/offre\/course-obstacles\/entrainements\/prises\/prise-ocr-cazo-2\/","title":{"rendered":"Prise OCR Cazo 2"},"content":{"rendered":"<p><strong>Cazo 2 est une prise OCR<\/strong> con\u00e7ue sp\u00e9cifiquement pour <strong>les tractions et les suspensions<\/strong>, id\u00e9ale pour une utilisation dans les murs d&rsquo;escalade suspendus OCR, les campus boards, les voies de descente de blocs et les plafonds.<\/p>\n<p>Cette <em>prise OCR<\/em> permet d&rsquo;effectuer des prises avec une ou deux mains \u00e0 divers angles du poignet sans avoir besoin de d\u00e9placer la prise. Son design offre une plus grande polyvalence lors de vos entra\u00eenements et d\u00e9fis.<\/p>\n<p>Le <strong>rebord sup\u00e9rieur est <u>con\u00e7u pour offrir un soutien confortable et optimal<\/u><\/strong> pour le repos des mains, am\u00e9liorant ainsi l&rsquo;exp\u00e9rience lors de l&rsquo;utilisation de la prise.<\/p>\n<p>De plus, la prise poss\u00e8de une texture douce pour une prise plus agr\u00e9able et ferme.<\/p>\n<p>Pour son installation, il est recommand\u00e9 d&rsquo;utiliser des <strong>vis M10x40 ou M8x40,<\/strong> \u00e9galement avec des tire-fonds.<\/p>\n<p>Notez que les couleurs du produit peuvent varier par rapport \u00e0 l&rsquo;image affich\u00e9e. Si vous souhaitez une couleur sp\u00e9cifique, n&rsquo;h\u00e9sitez pas \u00e0 nous contacter.<\/p>\n","protected":false},"excerpt":{"rendered":"<ul>\n<li>Prise pour faire des tractions et des suspensions.<\/li>\n<li>Id\u00e9al pour les roc\u00f3dromos suspendus d&rsquo;OCR , campus board , itin\u00e9raires pour descendre des blocs et plafond.<\/li>\n<li>Soutien pour une ou deux mains.<\/li>\n<li>Permet des prises sous diff\u00e9rents angles du poignet sans avoir \u00e0 d\u00e9placer la prise.<\/li>\n<li>Le diam\u00e8tre du rebord sup\u00e9rieur est tr\u00e8s confortable pour un repos id\u00e9al de la main.<\/li>\n<\/ul>\n","protected":false},"featured_media":22814,"comment_status":"open","ping_status":"closed","template":"","meta":[],"product_brand":[],"product_cat":[450,429,432,454],"product_tag":[],"class_list":{"0":"post-22864","1":"product","2":"type-product","3":"status-publish","4":"has-post-thumbnail","6":"product_cat-entrainements","7":"product_cat-prises-escalade","8":"product_cat-entrainement","9":"product_cat-prises","11":"first","12":"instock","13":"taxable","14":"shipping-taxable","15":"purchasable","16":"product-type-simple"},"_links":{"self":[{"href":"https:\/\/topholds.com\/fr\/wp-json\/wp\/v2\/product\/22864","targetHints":{"allow":["GET"]}}],"collection":[{"href":"https:\/\/topholds.com\/fr\/wp-json\/wp\/v2\/product"}],"about":[{"href":"https:\/\/topholds.com\/fr\/wp-json\/wp\/v2\/types\/product"}],"replies":[{"embeddable":true,"href":"https:\/\/topholds.com\/fr\/wp-json\/wp\/v2\/comments?post=22864"}],"wp:featuredmedia":[{"embeddable":true,"href":"https:\/\/topholds.com\/fr\/wp-json\/wp\/v2\/media\/22814"}],"wp:attachment":[{"href":"https:\/\/topholds.com\/fr\/wp-json\/wp\/v2\/media?parent=22864"}],"wp:term":[{"taxonomy":"product_brand","embeddable":true,"href":"https:\/\/topholds.com\/fr\/wp-json\/wp\/v2\/product_brand?post=22864"},{"taxonomy":"product_cat","embeddable":true,"href":"https:\/\/topholds.com\/fr\/wp-json\/wp\/v2\/product_cat?post=22864"},{"taxonomy":"product_tag","embeddable":true,"href":"https:\/\/topholds.com\/fr\/wp-json\/wp\/v2\/product_tag?post=22864"}],"curies":[{"name":"wp","href":"https:\/\/api.w.org\/{rel}","templated":true}]}}