{"id":22870,"date":"2025-09-06T09:35:23","date_gmt":"2025-09-06T09:35:23","guid":{"rendered":"https:\/\/topholds.com\/oferta\/non%20class\u00e9\/pack-prises-descalade-zinia-10\/"},"modified":"2025-09-18T03:01:55","modified_gmt":"2025-09-18T03:01:55","slug":"pack-prises-descalade-zinia-10","status":"publish","type":"product","link":"https:\/\/topholds.com\/fr\/offre\/prises-escalade\/enfants\/pack-prises-descalade-zinia-10\/","title":{"rendered":"Pack Prises d&rsquo;escalade Zinia 10"},"content":{"rendered":"<p><strong>Zinia 10 est un pack de 10 prises d&rsquo;escalade<\/strong> avec une texture de gr\u00e8s douce, con\u00e7u pour r\u00e9pondre aux besoins aussi bien des enfants que des d\u00e9butants en escalade.<\/p>\n<p>Ces prises disposent de prises en coupelle, <strong>id\u00e9ales pour ceux qui d\u00e9butent en escalade<\/strong>. Mais si vous les inversez, vous trouverez des blocs plats et des r\u00e9gletes aux bords de diff\u00e9rentes hauteurs, parfaits pour les grimpeurs plus exp\u00e9riment\u00e9s.<\/p>\n<p>Zinia 10 est un lot polyvalent, <strong>adapt\u00e9 \u00e0 tout type de d\u00e9vers<\/strong>, s&rsquo;adaptant \u00e0 une large gamme de comp\u00e9tences et de pr\u00e9f\u00e9rences.<\/p>\n<p>Pour une installation s\u00fbre et durable, il est recommand\u00e9 <strong>d&rsquo;utiliser des vis M10x40 (de pr\u00e9f\u00e9rence) ou M8x40<\/strong>. De plus, chaque prise est \u00e9quip\u00e9e d&rsquo;un <strong>trou pour vis anti-rotation<\/strong>, garantissant une plus grande stabilit\u00e9 et \u00e9vitant les mouvements ind\u00e9sirables lors de son utilisation.<\/p>\n<p>Notez que les couleurs du produit peuvent varier par rapport \u00e0 l&rsquo;image affich\u00e9e. Si vous souhaitez une couleur sp\u00e9cifique, n&rsquo;h\u00e9sitez pas \u00e0 nous contacter.<\/p>\n","protected":false},"excerpt":{"rendered":"<ul>\n<li>Zinia 10 est un lot de 10 prises d&rsquo;escalade.<\/li>\n<li>Texture sable douce.<\/li>\n<li>Tr\u00e8s bonnes prises en cuill\u00e8re et supports larges pour les pieds.<\/li>\n<li>Id\u00e9al pour les enfants ou les d\u00e9butants.<\/li>\n<li>Chacune avec un trou pour vis Allen anti-rotation.<\/li>\n<\/ul>\n","protected":false},"featured_media":22744,"comment_status":"open","ping_status":"closed","template":"","meta":[],"product_brand":[],"product_cat":[429,431],"product_tag":[],"class_list":{"0":"post-22870","1":"product","2":"type-product","3":"status-publish","4":"has-post-thumbnail","6":"product_cat-prises-escalade","7":"product_cat-enfants","9":"first","10":"instock","11":"taxable","12":"shipping-taxable","13":"purchasable","14":"product-type-simple"},"_links":{"self":[{"href":"https:\/\/topholds.com\/fr\/wp-json\/wp\/v2\/product\/22870","targetHints":{"allow":["GET"]}}],"collection":[{"href":"https:\/\/topholds.com\/fr\/wp-json\/wp\/v2\/product"}],"about":[{"href":"https:\/\/topholds.com\/fr\/wp-json\/wp\/v2\/types\/product"}],"replies":[{"embeddable":true,"href":"https:\/\/topholds.com\/fr\/wp-json\/wp\/v2\/comments?post=22870"}],"wp:featuredmedia":[{"embeddable":true,"href":"https:\/\/topholds.com\/fr\/wp-json\/wp\/v2\/media\/22744"}],"wp:attachment":[{"href":"https:\/\/topholds.com\/fr\/wp-json\/wp\/v2\/media?parent=22870"}],"wp:term":[{"taxonomy":"product_brand","embeddable":true,"href":"https:\/\/topholds.com\/fr\/wp-json\/wp\/v2\/product_brand?post=22870"},{"taxonomy":"product_cat","embeddable":true,"href":"https:\/\/topholds.com\/fr\/wp-json\/wp\/v2\/product_cat?post=22870"},{"taxonomy":"product_tag","embeddable":true,"href":"https:\/\/topholds.com\/fr\/wp-json\/wp\/v2\/product_tag?post=22870"}],"curies":[{"name":"wp","href":"https:\/\/api.w.org\/{rel}","templated":true}]}}