{"id":22877,"date":"2025-09-06T09:03:24","date_gmt":"2025-09-06T09:03:24","guid":{"rendered":"https:\/\/topholds.com\/oferta\/non class\u00e9\/pack-prises-descalade-argus-8\/"},"modified":"2025-09-18T03:02:58","modified_gmt":"2025-09-18T03:02:58","slug":"pack-prises-descalade-argus-8","status":"publish","type":"product","link":"https:\/\/topholds.com\/fr\/offre\/prises-escalade\/enfants\/pack-prises-descalade-argus-8\/","title":{"rendered":"Pack Prises d&rsquo;escalade Argus 8"},"content":{"rendered":"<p><strong>Argus 8 est un pack de 8 prises d&rsquo;escalade<\/strong> avec une texture exceptionnellement sableuse qui ressemble \u00e0 l&rsquo;exp\u00e9rience d&rsquo;escalader sur roche naturelle. Ces prises ergonomiques et confortables offrent un excellent niveau d&rsquo;adh\u00e9rence et de confort pour vos mains.<\/p>\n<p>Pour garantir une installation correcte et s\u00e9curis\u00e9e, nous recommandons l&rsquo;utilisation de <strong>vis Allen M10x40 ; n\u00e9anmoins, il est \u00e9galement possible d&rsquo;utiliser des vis M8x40<\/strong> si vous pr\u00e9f\u00e9rez.<\/p>\n<p>Notez que les couleurs du produit peuvent varier par rapport \u00e0 l&rsquo;image affich\u00e9e. Si vous souhaitez une couleur sp\u00e9cifique, n&rsquo;h\u00e9sitez pas \u00e0 nous contacter.<\/p>\n","protected":false},"excerpt":{"rendered":"<ul>\n<li>Argus 8 est un lot de 8 prises d&rsquo;escalade.<\/li>\n<li>Texture gr\u00e8s.<\/li>\n<li>Prises tr\u00e8s confortables.<\/li>\n<\/ul>\n","protected":false},"featured_media":22779,"comment_status":"open","ping_status":"closed","template":"","meta":[],"product_brand":[],"product_cat":[429,431],"product_tag":[],"class_list":{"0":"post-22877","1":"product","2":"type-product","3":"status-publish","4":"has-post-thumbnail","6":"product_cat-prises-escalade","7":"product_cat-enfants","9":"first","10":"instock","11":"taxable","12":"shipping-taxable","13":"purchasable","14":"product-type-simple"},"_links":{"self":[{"href":"https:\/\/topholds.com\/fr\/wp-json\/wp\/v2\/product\/22877","targetHints":{"allow":["GET"]}}],"collection":[{"href":"https:\/\/topholds.com\/fr\/wp-json\/wp\/v2\/product"}],"about":[{"href":"https:\/\/topholds.com\/fr\/wp-json\/wp\/v2\/types\/product"}],"replies":[{"embeddable":true,"href":"https:\/\/topholds.com\/fr\/wp-json\/wp\/v2\/comments?post=22877"}],"wp:featuredmedia":[{"embeddable":true,"href":"https:\/\/topholds.com\/fr\/wp-json\/wp\/v2\/media\/22779"}],"wp:attachment":[{"href":"https:\/\/topholds.com\/fr\/wp-json\/wp\/v2\/media?parent=22877"}],"wp:term":[{"taxonomy":"product_brand","embeddable":true,"href":"https:\/\/topholds.com\/fr\/wp-json\/wp\/v2\/product_brand?post=22877"},{"taxonomy":"product_cat","embeddable":true,"href":"https:\/\/topholds.com\/fr\/wp-json\/wp\/v2\/product_cat?post=22877"},{"taxonomy":"product_tag","embeddable":true,"href":"https:\/\/topholds.com\/fr\/wp-json\/wp\/v2\/product_tag?post=22877"}],"curies":[{"name":"wp","href":"https:\/\/api.w.org\/{rel}","templated":true}]}}