{"id":22884,"date":"2025-09-06T08:51:32","date_gmt":"2025-09-06T08:51:32","guid":{"rendered":"https:\/\/topholds.com\/oferta\/non class\u00e9\/pack-prises-descalade-minta-xl4\/"},"modified":"2025-09-18T03:03:35","modified_gmt":"2025-09-18T03:03:35","slug":"pack-prises-descalade-minta-xl4","status":"publish","type":"product","link":"https:\/\/topholds.com\/fr\/offre\/prises-escalade\/pack-prises-descalade-minta-xl4\/","title":{"rendered":"Pack Prises d&rsquo;escalade Minta XL4"},"content":{"rendered":"<p><strong>Minta XL4 est un pack de 4 prises d&rsquo;escalade<\/strong> avec une texture en gr\u00e8s, se distinguant par leur polyvalence et leur capacit\u00e9 \u00e0 offrir plusieurs prises.<\/p>\n<p>En tournant ces prises, vous pourrez <strong>obtenir diff\u00e9rentes prises sur le p\u00e9rim\u00e8tre<\/strong>, ce qui permet de les adapter \u00e0 diff\u00e9rents niveaux de difficult\u00e9 et d\u00e9fis.<\/p>\n<p>Pour garantir une installation solide et durable, il est recommand\u00e9 d&rsquo;<strong>utiliser des vis M10x40 ou M8x40<\/strong>.<\/p>\n<p>Chaque <em>prise du lot Minta<\/em> dispose d&rsquo;un <strong>trou suppl\u00e9mentaire pour vis anti-rotation<\/strong>, assurant une plus grande stabilit\u00e9 et s\u00e9curit\u00e9 lors de leur utilisation.<\/p>\n<p>Veuillez noter que les couleurs du produit peuvent varier par rapport \u00e0 l&rsquo;image affich\u00e9e. Si vous souhaitez une couleur sp\u00e9cifique, n&rsquo;h\u00e9sitez pas \u00e0 nous contacter.<\/p>\n","protected":false},"excerpt":{"rendered":"<ul>\n<li>Minta XL4 est une collection de 4 prises d&rsquo;escalade.<\/li>\n<li>Texture gr\u00e8s.<\/li>\n<li>Prises tr\u00e8s polyvalentes, en les tournant, on obtient diff\u00e9rentes prises.<\/li>\n<li>Toutes avec un trou pour vis Allen anti-rotation.<\/li>\n<\/ul>\n","protected":false},"featured_media":22807,"comment_status":"open","ping_status":"closed","template":"","meta":[],"product_brand":[],"product_cat":[429],"product_tag":[],"class_list":{"0":"post-22884","1":"product","2":"type-product","3":"status-publish","4":"has-post-thumbnail","6":"product_cat-prises-escalade","8":"first","9":"instock","10":"taxable","11":"shipping-taxable","12":"purchasable","13":"product-type-simple"},"_links":{"self":[{"href":"https:\/\/topholds.com\/fr\/wp-json\/wp\/v2\/product\/22884","targetHints":{"allow":["GET"]}}],"collection":[{"href":"https:\/\/topholds.com\/fr\/wp-json\/wp\/v2\/product"}],"about":[{"href":"https:\/\/topholds.com\/fr\/wp-json\/wp\/v2\/types\/product"}],"replies":[{"embeddable":true,"href":"https:\/\/topholds.com\/fr\/wp-json\/wp\/v2\/comments?post=22884"}],"wp:featuredmedia":[{"embeddable":true,"href":"https:\/\/topholds.com\/fr\/wp-json\/wp\/v2\/media\/22807"}],"wp:attachment":[{"href":"https:\/\/topholds.com\/fr\/wp-json\/wp\/v2\/media?parent=22884"}],"wp:term":[{"taxonomy":"product_brand","embeddable":true,"href":"https:\/\/topholds.com\/fr\/wp-json\/wp\/v2\/product_brand?post=22884"},{"taxonomy":"product_cat","embeddable":true,"href":"https:\/\/topholds.com\/fr\/wp-json\/wp\/v2\/product_cat?post=22884"},{"taxonomy":"product_tag","embeddable":true,"href":"https:\/\/topholds.com\/fr\/wp-json\/wp\/v2\/product_tag?post=22884"}],"curies":[{"name":"wp","href":"https:\/\/api.w.org\/{rel}","templated":true}]}}