{"id":22899,"date":"2025-09-06T08:28:33","date_gmt":"2025-09-06T08:28:33","guid":{"rendered":"https:\/\/topholds.com\/oferta\/non%20class\u00e9\/pack-prises-descalade-terra-m10\/"},"modified":"2026-03-06T05:05:30","modified_gmt":"2026-03-06T05:05:30","slug":"pack-presas-de-escalada-terra-m10","status":"publish","type":"product","link":"https:\/\/topholds.com\/fr\/offre\/prises-escalade\/pack-presas-de-escalada-terra-m10\/","title":{"rendered":"Pack Prises d&rsquo;escalade Terra M10"},"content":{"rendered":"<p><strong>Terra M10 est un pack de 10 Prises d&rsquo;escalade<\/strong> avec une texture sableuse douce et un relief profond qui vous permettra d&rsquo;atteindre de nouveaux sommets dans votre entra\u00eenement.<\/p>\n<p>Chacune des 10 prises pr\u00e9sente une <strong>texture sableuse douce et un relief profond<\/strong>, assurant une prise optimale et une exp\u00e9rience d&rsquo;escalade stimulante.<\/p>\n<p>Les <em>prises Terra 10<\/em> sont <strong>adapt\u00e9es \u00e0 tout type de d\u00e9vers<\/strong>, ce qui vous permet de cr\u00e9er des voies stimulantes et dynamiques sur votre mur d&rsquo;escalade. Toutes les prises incluent un trou pour vis anti-rotation, assurant une plus grande stabilit\u00e9 et \u00e9vitant les torsions ind\u00e9sirables pendant l&rsquo;utilisation.<\/p>\n<p>Pour garantir une fixation s\u00fbre et durable, il est conseill\u00e9 d&rsquo;<strong>utiliser des vis M10x40 ou M8x40 lors de l&rsquo;installation des prises<\/strong>.<\/p>\n<p>Notez que les couleurs du produit peuvent varier par rapport \u00e0 l&rsquo;image pr\u00e9sent\u00e9e. Si vous pr\u00e9f\u00e9rez une couleur sp\u00e9cifique, n&rsquo;h\u00e9sitez pas \u00e0 nous contacter.<\/p>\n","protected":false},"excerpt":{"rendered":"<ul>\n<li>Terra M10 est un lot de 10 prises d&rsquo;escalade.<\/li>\n<li>Texture sablonneuse douce et un relief tr\u00e8s profond.<\/li>\n<li>Adapt\u00e9es \u00e0 tout d\u00e9vers.<\/li>\n<li>Toutes pourvues d&rsquo;un trou pour vis Allen anti-rotation.<\/li>\n<\/ul>\n","protected":false},"featured_media":22758,"comment_status":"open","ping_status":"closed","template":"","meta":[],"product_brand":[],"product_cat":[429],"product_tag":[],"class_list":{"0":"post-22899","1":"product","2":"type-product","3":"status-publish","4":"has-post-thumbnail","6":"product_cat-prises-escalade","8":"first","9":"instock","10":"taxable","11":"shipping-taxable","12":"purchasable","13":"product-type-simple"},"_links":{"self":[{"href":"https:\/\/topholds.com\/fr\/wp-json\/wp\/v2\/product\/22899","targetHints":{"allow":["GET"]}}],"collection":[{"href":"https:\/\/topholds.com\/fr\/wp-json\/wp\/v2\/product"}],"about":[{"href":"https:\/\/topholds.com\/fr\/wp-json\/wp\/v2\/types\/product"}],"replies":[{"embeddable":true,"href":"https:\/\/topholds.com\/fr\/wp-json\/wp\/v2\/comments?post=22899"}],"wp:featuredmedia":[{"embeddable":true,"href":"https:\/\/topholds.com\/fr\/wp-json\/wp\/v2\/media\/22758"}],"wp:attachment":[{"href":"https:\/\/topholds.com\/fr\/wp-json\/wp\/v2\/media?parent=22899"}],"wp:term":[{"taxonomy":"product_brand","embeddable":true,"href":"https:\/\/topholds.com\/fr\/wp-json\/wp\/v2\/product_brand?post=22899"},{"taxonomy":"product_cat","embeddable":true,"href":"https:\/\/topholds.com\/fr\/wp-json\/wp\/v2\/product_cat?post=22899"},{"taxonomy":"product_tag","embeddable":true,"href":"https:\/\/topholds.com\/fr\/wp-json\/wp\/v2\/product_tag?post=22899"}],"curies":[{"name":"wp","href":"https:\/\/api.w.org\/{rel}","templated":true}]}}