{"id":22919,"date":"2024-06-25T17:30:00","date_gmt":"2024-06-25T17:30:00","guid":{"rendered":"https:\/\/topholds.com\/oferta\/non class\u00e9\/suspension-pirate-grips\/"},"modified":"2025-09-18T03:13:05","modified_gmt":"2025-09-18T03:13:05","slug":"suspension-pirate-grips","status":"publish","type":"product","link":"https:\/\/topholds.com\/fr\/offre\/course-obstacles\/entrainements\/suspensionss\/suspension-pirate-grips\/","title":{"rendered":"Suspension Pirate Grips"},"content":{"rendered":"<p><strong>Pirate Grips est une pi\u00e8ce d&rsquo;<em>escalade<\/em> pour suspensions et tractions qui vous feront transpirer et prendre du plaisir en m\u00eame temps. Avec elles, vous pourrez entra\u00eener la force, la r\u00e9sistance et la coordination de mani\u00e8re vari\u00e9e et amusante.<\/strong><\/p>\n<p>Vous pouvez les saisir d&rsquo;une main par le dessus ou \u00e0 deux mains par les c\u00f4t\u00e9s, selon le niveau de difficult\u00e9 souhait\u00e9. Leur texture est douce mais adh\u00e9rente, <strong>id\u00e9ale pour pratiquer OCR, escalade, calisthenics ou CrossFit<\/strong>. De plus, elles sont tr\u00e8s l\u00e9g\u00e8res et faciles \u00e0 suspendre partout avec un simple n\u0153ud de cabestan.<\/p>\n<p>Les couleurs pourraient ne pas \u00eatre celles de la photo (consultez-nous si vous souhaitez une couleur sp\u00e9ciale).<\/p>\n","protected":false},"excerpt":{"rendered":"<ul>\n<li>Pirate Grips est un \u00e9l\u00e9ment pour suspensions\/tracciones.<\/li>\n<li>Id\u00e9al pour entra\u00eener la force, l&rsquo;endurance et la coordination.<\/li>\n<li>Texture douce mais adh\u00e9rente.<\/li>\n<\/ul>\n","protected":false},"featured_media":16063,"comment_status":"open","ping_status":"closed","template":"","meta":[],"product_brand":[],"product_cat":[402,450,455],"product_tag":[],"class_list":{"0":"post-22919","1":"product","2":"type-product","3":"status-publish","4":"has-post-thumbnail","6":"product_cat-course-obstacles","7":"product_cat-entrainements","8":"product_cat-suspensionss","10":"first","11":"instock","12":"taxable","13":"shipping-taxable","14":"purchasable","15":"product-type-simple"},"_links":{"self":[{"href":"https:\/\/topholds.com\/fr\/wp-json\/wp\/v2\/product\/22919","targetHints":{"allow":["GET"]}}],"collection":[{"href":"https:\/\/topholds.com\/fr\/wp-json\/wp\/v2\/product"}],"about":[{"href":"https:\/\/topholds.com\/fr\/wp-json\/wp\/v2\/types\/product"}],"replies":[{"embeddable":true,"href":"https:\/\/topholds.com\/fr\/wp-json\/wp\/v2\/comments?post=22919"}],"wp:featuredmedia":[{"embeddable":true,"href":"https:\/\/topholds.com\/fr\/wp-json\/wp\/v2\/media\/16063"}],"wp:attachment":[{"href":"https:\/\/topholds.com\/fr\/wp-json\/wp\/v2\/media?parent=22919"}],"wp:term":[{"taxonomy":"product_brand","embeddable":true,"href":"https:\/\/topholds.com\/fr\/wp-json\/wp\/v2\/product_brand?post=22919"},{"taxonomy":"product_cat","embeddable":true,"href":"https:\/\/topholds.com\/fr\/wp-json\/wp\/v2\/product_cat?post=22919"},{"taxonomy":"product_tag","embeddable":true,"href":"https:\/\/topholds.com\/fr\/wp-json\/wp\/v2\/product_tag?post=22919"}],"curies":[{"name":"wp","href":"https:\/\/api.w.org\/{rel}","templated":true}]}}