{"id":22933,"date":"2024-03-19T15:33:02","date_gmt":"2024-03-19T15:33:02","guid":{"rendered":"https:\/\/topholds.com\/oferta\/non class\u00e9\/boomerang\/"},"modified":"2025-09-18T03:15:45","modified_gmt":"2025-09-18T03:15:45","slug":"boomerang","status":"publish","type":"product","link":"https:\/\/topholds.com\/fr\/offre\/course-obstacles\/entrainements\/suspensionss\/boomerang\/","title":{"rendered":"Boomerang"},"content":{"rendered":"<p><strong>Boomerang<\/strong> est un \u00e9l\u00e9ment auxiliaire de <strong>suspension OCR<\/strong> con\u00e7u pour que vous puissiez suspendre et accrocher vos TopHolds, multipliant vos possibilit\u00e9s d&rsquo;entra\u00eenement.<\/p>\n<p>Am\u00e9liorez <strong> votre force et votre r\u00e9sistance en escalade<\/strong>, OCR, d\u00e9fis ninja et Crossfit.<\/p>\n<p>R\u00e9alis\u00e9 en acier inoxydable.<\/p>\n<p>Cette suspension polyvalente se suspend facilement \u00e0 une barre de traction, au parc ou \u00e0 une branche, permettant de r\u00e9aliser une large vari\u00e9t\u00e9 d&rsquo;exercices en tout lieu.<\/p>\n<p><strong><em>Boomerang<\/em><\/strong> est un outil exceptionnel pour <strong>entra\u00eenements OCR, calisth\u00e9nie, d\u00e9fis ninja, escalade, Crossfit, gymnastique<\/strong> et bien plus. De plus, il offre non seulement un entra\u00eenement efficace, mais aussi beaucoup de plaisir. Oses-tu l&rsquo;essayer ?<\/p>\n<p>Le prix est pour le boomerang en acier inoxydable avec sa cordelette et un manll\u00f3n avec fermeture de s\u00e9curit\u00e9.<\/p>\n","protected":false},"excerpt":{"rendered":"<ul>\n<li>\u00c9l\u00e9ment auxiliaire de <strong>Suspensions OCR<\/strong> con\u00e7u pour que vous puissiez suspendre et accrocher vos TopHolds, multipliant ainsi vos possibilit\u00e9s d&rsquo;entra\u00eenement.<\/li>\n<li>R\u00e9alis\u00e9 en acier inoxydable.<\/li>\n<li>Un outil incroyable pour nos entra\u00eenements d&rsquo;escalade, OCR, d\u00e9fis ninja et Crossfit.<\/li>\n<\/ul>\n","protected":false},"featured_media":15550,"comment_status":"open","ping_status":"closed","template":"","meta":[],"product_brand":[],"product_cat":[402,450,455],"product_tag":[],"class_list":{"0":"post-22933","1":"product","2":"type-product","3":"status-publish","4":"has-post-thumbnail","6":"product_cat-course-obstacles","7":"product_cat-entrainements","8":"product_cat-suspensionss","10":"first","11":"instock","12":"sale","13":"featured","14":"taxable","15":"shipping-taxable","16":"purchasable","17":"product-type-simple"},"_links":{"self":[{"href":"https:\/\/topholds.com\/fr\/wp-json\/wp\/v2\/product\/22933","targetHints":{"allow":["GET"]}}],"collection":[{"href":"https:\/\/topholds.com\/fr\/wp-json\/wp\/v2\/product"}],"about":[{"href":"https:\/\/topholds.com\/fr\/wp-json\/wp\/v2\/types\/product"}],"replies":[{"embeddable":true,"href":"https:\/\/topholds.com\/fr\/wp-json\/wp\/v2\/comments?post=22933"}],"wp:featuredmedia":[{"embeddable":true,"href":"https:\/\/topholds.com\/fr\/wp-json\/wp\/v2\/media\/15550"}],"wp:attachment":[{"href":"https:\/\/topholds.com\/fr\/wp-json\/wp\/v2\/media?parent=22933"}],"wp:term":[{"taxonomy":"product_brand","embeddable":true,"href":"https:\/\/topholds.com\/fr\/wp-json\/wp\/v2\/product_brand?post=22933"},{"taxonomy":"product_cat","embeddable":true,"href":"https:\/\/topholds.com\/fr\/wp-json\/wp\/v2\/product_cat?post=22933"},{"taxonomy":"product_tag","embeddable":true,"href":"https:\/\/topholds.com\/fr\/wp-json\/wp\/v2\/product_tag?post=22933"}],"curies":[{"name":"wp","href":"https:\/\/api.w.org\/{rel}","templated":true}]}}