{"id":23271,"date":"2023-07-19T12:14:19","date_gmt":"2023-07-19T12:14:19","guid":{"rendered":"https:\/\/topholds.com\/oferta\/non class\u00e9\/prise-ocr-medievale\/"},"modified":"2026-01-14T17:14:05","modified_gmt":"2026-01-14T17:14:05","slug":"prise-ocr-medievale","status":"publish","type":"product","link":"https:\/\/topholds.com\/fr\/offre\/course-obstacles\/entrainements\/prises\/prise-ocr-medievale\/","title":{"rendered":"Prise OCR M\u00e9di\u00e9vale"},"content":{"rendered":"","protected":false},"excerpt":{"rendered":"<p>Medieval est une prise d&rsquo;escalade avec une texture en gr\u00e8s doux.<\/p>\n<p>Prise avec un grand cazo, tr\u00e8s confortable pour une ou deux mains. Prise id\u00e9ale pour tout d\u00e9vers et plafond<\/p>\n<p>Fixation par 4 vis Allen<\/p>\n<p>Les couleurs peuvent ne pas correspondre \u00e0 celles de la photo. Si vous souhaitez une couleur sp\u00e9ciale, contactez-nous.<\/p>\n","protected":false},"featured_media":23272,"comment_status":"open","ping_status":"closed","template":"","meta":[],"product_brand":[],"product_cat":[402,450,429,454],"product_tag":[],"class_list":{"0":"post-23271","1":"product","2":"type-product","3":"status-publish","4":"has-post-thumbnail","6":"product_cat-course-obstacles","7":"product_cat-entrainements","8":"product_cat-prises-escalade","9":"product_cat-prises","11":"first","12":"instock","13":"taxable","14":"shipping-taxable","15":"purchasable","16":"product-type-simple"},"_links":{"self":[{"href":"https:\/\/topholds.com\/fr\/wp-json\/wp\/v2\/product\/23271","targetHints":{"allow":["GET"]}}],"collection":[{"href":"https:\/\/topholds.com\/fr\/wp-json\/wp\/v2\/product"}],"about":[{"href":"https:\/\/topholds.com\/fr\/wp-json\/wp\/v2\/types\/product"}],"replies":[{"embeddable":true,"href":"https:\/\/topholds.com\/fr\/wp-json\/wp\/v2\/comments?post=23271"}],"wp:featuredmedia":[{"embeddable":true,"href":"https:\/\/topholds.com\/fr\/wp-json\/wp\/v2\/media\/23272"}],"wp:attachment":[{"href":"https:\/\/topholds.com\/fr\/wp-json\/wp\/v2\/media?parent=23271"}],"wp:term":[{"taxonomy":"product_brand","embeddable":true,"href":"https:\/\/topholds.com\/fr\/wp-json\/wp\/v2\/product_brand?post=23271"},{"taxonomy":"product_cat","embeddable":true,"href":"https:\/\/topholds.com\/fr\/wp-json\/wp\/v2\/product_cat?post=23271"},{"taxonomy":"product_tag","embeddable":true,"href":"https:\/\/topholds.com\/fr\/wp-json\/wp\/v2\/product_tag?post=23271"}],"curies":[{"name":"wp","href":"https:\/\/api.w.org\/{rel}","templated":true}]}}