{"id":23543,"date":"2026-03-27T14:08:25","date_gmt":"2026-03-27T14:08:25","guid":{"rendered":"https:\/\/topholds.com\/oferta\/non class\u00e9\/petit-poseidon\/"},"modified":"2026-03-27T14:08:25","modified_gmt":"2026-03-27T14:08:25","slug":"petit-poseidon","status":"publish","type":"product","link":"https:\/\/topholds.com\/fr\/offre\/course-obstacles\/entrainements\/suspensionss\/petit-poseidon\/","title":{"rendered":"Petit Poseidon"},"content":{"rendered":"<p><strong>Small Poseidon<\/strong> est un \u00e9l\u00e9ment de <strong>Suspensions OCR<\/strong> qui est con\u00e7u pour am\u00e9liorer la force de tes doigts et la pr\u00e9hension de tes mains.<\/p>\n<p>Tu peux l&rsquo;attraper facilement par la partie sup\u00e9rieure ou te mettre \u00e0 l&rsquo;\u00e9preuve avec les pinces lat\u00e9rales avec une ou deux mains.<\/p>\n<p>C&rsquo;est <strong>une prise pour am\u00e9liorer ta force et ton endurance \u00e0 l&rsquo;escalade<\/strong>, OCR, d\u00e9fis ninja et Crossfit.<\/p>\n<p>Les couleurs du Small Poseidon peuvent varier par rapport \u00e0 la photo. Si tu veux choisir une couleur sp\u00e9cifique, contacte-nous.<\/p>\n<p>Cette suspension polyvalente se suspend facilement \u00e0 une barre de traction, au parc ou sur une branche, permettant de r\u00e9aliser une large vari\u00e9t\u00e9 d&rsquo;exercices o\u00f9 que tu sois. Mall\u00f3n avec fermeture de s\u00e9curit\u00e9 incluse.<\/p>\n<p><strong><em>Small Poseidon<\/em><\/strong> est un outil exceptionnel pour <strong>Entra\u00eenement OCR, calisth\u00e9nie, d\u00e9fis ninja, escalade, Crossfit, gymnastique<\/strong> et bien plus. De plus, il offre non seulement un entra\u00eenement efficace, mais aussi beaucoup de plaisir. Et tu oses l&rsquo;essayer ?<\/p>\n","protected":false},"excerpt":{"rendered":"<ul>\n<li>Suspensions OCR avec des prises de pince lat\u00e9rales.<\/li>\n<li>Une ergonomie parfaite pour une prise \u00e0 une ou deux mains.<\/li>\n<li>Texture douce mais tr\u00e8s adh\u00e9rente.<\/li>\n<li>Un outil brutal pour nos entra\u00eenements d&rsquo;escalade, Entra\u00eenement OCR, d\u00e9fis ninja et Crossfit.<\/li>\n<\/ul>\n","protected":false},"featured_media":23524,"comment_status":"open","ping_status":"closed","template":"","meta":[],"product_brand":[],"product_cat":[402,450,455],"product_tag":[],"class_list":{"0":"post-23543","1":"product","2":"type-product","3":"status-publish","4":"has-post-thumbnail","6":"product_cat-course-obstacles","7":"product_cat-entrainements","8":"product_cat-suspensionss","10":"first","11":"instock","12":"sale","13":"taxable","14":"shipping-taxable","15":"purchasable","16":"product-type-simple"},"_links":{"self":[{"href":"https:\/\/topholds.com\/fr\/wp-json\/wp\/v2\/product\/23543","targetHints":{"allow":["GET"]}}],"collection":[{"href":"https:\/\/topholds.com\/fr\/wp-json\/wp\/v2\/product"}],"about":[{"href":"https:\/\/topholds.com\/fr\/wp-json\/wp\/v2\/types\/product"}],"replies":[{"embeddable":true,"href":"https:\/\/topholds.com\/fr\/wp-json\/wp\/v2\/comments?post=23543"}],"wp:featuredmedia":[{"embeddable":true,"href":"https:\/\/topholds.com\/fr\/wp-json\/wp\/v2\/media\/23524"}],"wp:attachment":[{"href":"https:\/\/topholds.com\/fr\/wp-json\/wp\/v2\/media?parent=23543"}],"wp:term":[{"taxonomy":"product_brand","embeddable":true,"href":"https:\/\/topholds.com\/fr\/wp-json\/wp\/v2\/product_brand?post=23543"},{"taxonomy":"product_cat","embeddable":true,"href":"https:\/\/topholds.com\/fr\/wp-json\/wp\/v2\/product_cat?post=23543"},{"taxonomy":"product_tag","embeddable":true,"href":"https:\/\/topholds.com\/fr\/wp-json\/wp\/v2\/product_tag?post=23543"}],"curies":[{"name":"wp","href":"https:\/\/api.w.org\/{rel}","templated":true}]}}