{"id":23549,"date":"2026-03-27T13:57:00","date_gmt":"2026-03-27T13:57:00","guid":{"rendered":"https:\/\/topholds.com\/oferta\/non class\u00e9\/suspensions-ocr-cubic\/"},"modified":"2026-03-27T14:47:01","modified_gmt":"2026-03-27T14:47:01","slug":"suspensions-ocr-cubic","status":"publish","type":"product","link":"https:\/\/topholds.com\/fr\/offre\/course-obstacles\/entrainements\/suspensionss\/suspensions-ocr-cubic\/","title":{"rendered":"Suspensions OCR Cubic"},"content":{"rendered":"<p><strong>Cubic est une combinaison de deux formes de prise pour les suspensions et les tractions<\/strong>, polyvalente.<\/p>\n<p>Les <em>suspensions Cubic<\/em> pr\u00e9sentent deux niveaux de difficult\u00e9:<\/p>\n<ol>\n<li>Une prise plane situ\u00e9e en haut, en laissant la corde entre les doigts, t&rsquo;obligera \u00e0 exercer les premi\u00e8res phalanges des doigts.<\/li>\n<li>Une prise inf\u00e9rieure. Il s&rsquo;agit d&rsquo;une prise exigeante, con\u00e7ue pour stimuler et augmenter la force de prise en pince. Choisis le d\u00e9fi qui te convient le mieux !<\/li>\n<\/ol>\n<p>Avec une ergonomie parfaite pour la main et une texture douce, cet accessoire est un outil exceptionnel pour les entra\u00eenements d&rsquo;escalade, Entra\u00eenement OCR ou Crossfit.<\/p>\n<p>Malgr\u00e9 leur robustesse, ces prises sont l\u00e9g\u00e8res et id\u00e9ales \u00e0 emporter dans ton sac \u00e0 dos et \u00e0 t&rsquo;entra\u00eener n&rsquo;importe o\u00f9.<\/p>\n<p>\u00c9quip\u00e9s d&rsquo;un cordon double de 6 mm, ils offrent plusieurs avantages:<\/p>\n<ul>\n<li>Il n&rsquo;interf\u00e8re pas avec la prise.<\/li>\n<li>On peut les accrocher facilement \u00e0 des branches, des barres de traction, etc., en utilisant un n\u0153ud de t\u00eate d&rsquo;alouette en seulement 3 secondes.<\/li>\n<li>Avec un mousqueton, on peut les suspendre pour des sorties en toit ou en d\u00e9vers.<\/li>\n<\/ul>\n<p>Il n&rsquo;y a aucune excuse pour ne pas ajouter un peu de d\u00e9fi \u00e0 tes entra\u00eenements quotidiens.<\/p>\n<p>Garde \u00e0 l&rsquo;esprit que les couleurs du produit peuvent ne pas correspondre \u00e0 celles de la photo. Si tu souhaites une couleur sp\u00e9cifique, n&rsquo;h\u00e9site pas \u00e0 nous contacter.<\/p>\n","protected":false},"excerpt":{"rendered":"<ul>\n<li>Pi\u00e8ce polyvalente pour suspensions\/tractions.<\/li>\n<li>Prise sup\u00e9rieure ou inf\u00e9rieure.<\/li>\n<li>Deux niveaux de difficult\u00e9.<\/li>\n<li>Id\u00e9al pour les entra\u00eenements d&rsquo;escalade, OCR ou CrossFit.<\/li>\n<li>Il n&rsquo;y a pas d&rsquo;encombrement sur la prise.<\/li>\n<\/ul>\n","protected":false},"featured_media":23517,"comment_status":"open","ping_status":"closed","template":"","meta":[],"product_brand":[],"product_cat":[402,450,455],"product_tag":[],"class_list":{"0":"post-23549","1":"product","2":"type-product","3":"status-publish","4":"has-post-thumbnail","6":"product_cat-course-obstacles","7":"product_cat-entrainements","8":"product_cat-suspensionss","10":"first","11":"instock","12":"sale","13":"taxable","14":"shipping-taxable","15":"purchasable","16":"product-type-simple"},"_links":{"self":[{"href":"https:\/\/topholds.com\/fr\/wp-json\/wp\/v2\/product\/23549","targetHints":{"allow":["GET"]}}],"collection":[{"href":"https:\/\/topholds.com\/fr\/wp-json\/wp\/v2\/product"}],"about":[{"href":"https:\/\/topholds.com\/fr\/wp-json\/wp\/v2\/types\/product"}],"replies":[{"embeddable":true,"href":"https:\/\/topholds.com\/fr\/wp-json\/wp\/v2\/comments?post=23549"}],"wp:featuredmedia":[{"embeddable":true,"href":"https:\/\/topholds.com\/fr\/wp-json\/wp\/v2\/media\/23517"}],"wp:attachment":[{"href":"https:\/\/topholds.com\/fr\/wp-json\/wp\/v2\/media?parent=23549"}],"wp:term":[{"taxonomy":"product_brand","embeddable":true,"href":"https:\/\/topholds.com\/fr\/wp-json\/wp\/v2\/product_brand?post=23549"},{"taxonomy":"product_cat","embeddable":true,"href":"https:\/\/topholds.com\/fr\/wp-json\/wp\/v2\/product_cat?post=23549"},{"taxonomy":"product_tag","embeddable":true,"href":"https:\/\/topholds.com\/fr\/wp-json\/wp\/v2\/product_tag?post=23549"}],"curies":[{"name":"wp","href":"https:\/\/api.w.org\/{rel}","templated":true}]}}