{"id":17743,"date":"2024-08-22T23:00:53","date_gmt":"2024-08-22T23:00:53","guid":{"rendered":"https:\/\/topholds.com\/?page_id=17743"},"modified":"2024-08-22T23:00:54","modified_gmt":"2024-08-22T23:00:54","slug":"informativa-privacy","status":"publish","type":"page","link":"https:\/\/topholds.com\/it\/informativa-privacy\/","title":{"rendered":"Informativa sulla privacy"},"content":{"rendered":"\n<p><b>POLITICA SULLA PRIVACY<\/b><\/p>\n<p><b>Responsabile del Trattamento<\/b><b>\u00a0<\/b><\/p>\n<p><b>Identit\u00e0<\/b>: <b>TECNICOS DE DISE\u00d1OS Y ESPACIOS, S.L.U.<\/b><b>\u00a0<\/b><\/p>\n<p><b>CIF<\/b>: B49238389\u00a0<\/p>\n<p><b>Indirizzo postale<\/b>: C\/ CHURRUCA, N\u00ba 7, ESC A, 2\u00ba DRCHA<i>, <\/i>C.P. 49030, ZAMORA \u00a0(ZAMORA)\u00a0<\/p>\n<p><b>Telefono<\/b>: 654528678 <b>E-mail<\/b>: info@topholds.com\u00a0<\/p>\n<p><b>Attivit\u00e0: <\/b>ARTICOLI SPORTIVI\u00a0<\/p>\n<p><b>Finalit\u00e0 del trattamento dei dati e conservazione<\/b><b>\u00a0<\/b><\/p>\n<p>\u25aa Trattiamo le informazioni che ci fornisce per la gestione dei contatti che ci vengono rivolti per qualsiasi tipo di richiesta, nonch\u00e9 per fornire i nostri servizi. I suoi dati saranno raccolti esclusivamente per tali finalit\u00e0 e non saranno trattati ulteriormente in modo incompatibile con esse. Le invieremo informazioni relative alle nostre attivit\u00e0 e ai servizi che potrebbero essere di suo interesse. Non verranno prese decisioni automatizzate basate sul suo profilo.\u00a0<\/p>\n<p>\u25aa In qualsiasi momento potr\u00e0 revocare il consenso che ci sta concedendo.\u00a0<\/p>\n<p>\u25aa I dati che ci sta fornendo saranno conservati per il periodo di sviluppo del rapporto commerciale e\/o contrattuale o, in mancanza, fino a quando non revocher\u00e0 il suo consenso a questo trattamento e, in ogni caso, per il tempo necessario a soddisfare gli obblighi di legge.\u00a0<\/p>\n<p><b>Legittimazione per il trattamento dei dati<\/b><b>\u00a0<\/b><\/p>\n<p>\u25aa La base legale per il trattamento dei suoi dati \u00e8 il consenso che ci fornisce e\/o l&#8217;esecuzione del contratto che ha come oggetto la prestazione dei nostri servizi.\u00a0<\/p>\n<p>\u25aa A questo proposito, il ritiro del suo consenso non pu\u00f2 condizionare tale esecuzione, finch\u00e9 il contratto rimane in vigore, essendo necessario il trattamento dei suoi dati per il suo effettivo adempimento.\u00a0<\/p>\n<p><b>Destinatari dei suoi dati<\/b><b>\u00a0<\/b><\/p>\n<p>\u25aa Non \u00e8 prevista la comunicazione dei dati personali a terzi, salvo in caso di obbligo legale o quando sia necessario per la prestazione dei nostri servizi e, in ogni caso, rispettando le misure di sicurezza della normativa vigente. Non sono previste trasferimenti internazionali di dati.<\/p>\n<p><b>Quali sono i suoi diritti?<\/b><b>\u00a0<\/b><\/p>\n<p>\u25aa Come titolare dei dati trattati da <b>TECNICOS DE DISE\u00d1OS Y <\/b><b>\u00a0<\/b><b>ESPACIOS, S.L.U. <\/b>ha il diritto in qualsiasi momento di accedere ai suoi dati, rettificarli, opporsi al loro trattamento o cancellarli. Inoltre, se lo desidera, potr\u00e0 richiedere la portabilit\u00e0 dei suoi dati e la limitazione del loro trattamento, nel qual caso li conserveremo solo per l&#8217;esercizio o la difesa di eventuali reclami. Allo stesso modo, potr\u00e0 revocare il consenso concesso in qualsiasi momento.\u00a0<\/p>\n<p>\u25aa Come conseguenza dell&#8217;applicazione del diritto alla cancellazione o opposizione al trattamento dei dati personali nell&#8217;ambiente online, gli interessati hanno il diritto all&#8217;oblio secondo la giurisprudenza della Corte di Giustizia dell&#8217;UE.\u00a0<\/p>\n<p>\u25aa Gli interessati possono opporsi al trattamento dei loro dati per scopi di marketing, inclusa la profilazione.\u00a0<\/p>\n<p>\u25aa Per esercitare tali diritti, potr\u00e0 contattarci inviando una lettera, insieme a una prova valida del diritto alla sua identit\u00e0, come fotocopia del documento d&#8217;identit\u00e0 o documento analogo, all&#8217;indirizzo: C\/ CHURRUCA, N\u00ba 7, ESC A, 2\u00ba DRCHA<i>, <\/i>C.P. 49030, ZAMORA (ZAMORA), oppure tramite e-mail a info@topholds.com, allegando una copia scansionata del documento d&#8217;identit\u00e0 o altro mezzo di prova della sua identit\u00e0, e indicando nell&#8217;oggetto &#8220;PROTEZIONE DEI DATI&#8221;. Attraverso questo canale, pu\u00f2 anche richiedere i moduli o i modelli di richiesta appropriati.\u00a0\u00a0<\/p>\n<p>\u25aa Ha il diritto di presentare qualsiasi reclamo che ritiene opportuno all&#8217;Agenzia Spagnola per la Protezione dei Dati (AEPD), attraverso la sua sede elettronica www.aepd.es\u00a0<\/p>\n<p><b>Invio e registrazione di dati personali<\/b><b>\u00a0<\/b><\/p>\n<p>\u25aa L&#8217;invio di dati personali \u00e8 obbligatorio per contattare e ricevere informazioni sui prodotti e servizi che <b>TECNICOS DE DISE\u00d1OS Y <\/b><b>\u00a0ESPACIOS, S.L.U. <\/b>offre attraverso i suoi vari marchi.\u00a0<\/p>\n<p>\u25aa La mancata fornitura dei dati personali richiesti o la mancata accettazione della presente Politica di Protezione dei Dati comporta l&#8217;impossibilit\u00e0 di iscriversi, registrarsi o ricevere informazioni sui prodotti e servizi di <b>TECNICOS DE DISE\u00d1OS Y <\/b><b>\u00a0ESPACIOS, S.L.U.<\/b>.\u00a0<\/p>\n<p><b>Esattezza e veridicit\u00e0 dei dati forniti<\/b><b>\u00a0<\/b><\/p>\n<p>\u25aa L&#8217;utente che invia le informazioni a <b>TECNICOS DE DISE\u00d1OS Y ESPACIOS, <\/b><b>\u00a0<\/b><b>S.L.U. <\/b>\u00e8 l&#8217;unico responsabile della veridicit\u00e0 e correttezza dei suoi dati, sollevando questa entit\u00e0 da qualsiasi responsabilit\u00e0 al riguardo. Gli utenti ga\u00a0<\/p>\n<p>rantiscono e rispondono, in ogni caso, dell&#8217;esattezza, validit\u00e0 e autenticit\u00e0 dei dati personali forniti, e si impegnano a mantenerli debitamente aggiornati. L&#8217;utente si impegna a fornire informazioni complete e corrette nel modulo di registrazione o abbonamento.<\/p>\n<p>\u25aa <b>TECNICOS DE DISE\u00d1OS Y ESPACIOS, S.L.U. <\/b>non risponde della veridicit\u00e0 delle informazioni che non siano di propria elaborazione e delle quali sia indicata un&#8217;altra fonte, per cui non assume alcuna responsabilit\u00e0 riguardo a eventuali danni che potrebbero derivare dall&#8217;uso di tali informazioni.\u00a0<\/p>\n<p><b>TECNICOS DE DISE\u00d1OS Y ESPACIOS, S.L.U. <\/b>si solleva da ogni responsabilit\u00e0 per eventuali danni o perdite subite dall&#8217;utente a causa di errori, difetti o omissioni nelle informazioni fornite da <b>TECNICOS DE <\/b><b>\u00a0<\/b><b>DISE\u00d1OS Y ESPACIOS, S.L.U. <\/b>a condizione che provengano da fonti esterne.<\/p>\n<p><b>Misure di sicurezza informatica<\/b><b>\u00a0<\/b><\/p>\n<p>\u25aa <b>TECNICOS DE DISE\u00d1OS Y ESPACIOS, S.L.U. <\/b>ha adottato i livelli di sicurezza per la protezione dei Dati Personali legalmente richiesti. Tuttavia, disponiamo di altri mezzi aggiuntivi, come firewall di ultima generazione, oltre a misure tecniche come software per la crittografia delle informazioni riservate e controllo dell&#8217;accesso alle informazioni di carattere personale, utenti limitati, politiche di sicurezza, utenti e password che scadono secondo le normative sulla protezione dei dati, e altri sistemi orientati a evitare l&#8217;uso improprio, l&#8217;alterazione, l&#8217;accesso non autorizzato e il furto dei Dati Personali forniti alla nostra azienda.\u00a0<\/p>\n<p>\u25aa <b>TECNICOS DE DISE\u00d1OS Y ESPACIOS, S.L.U. <\/b>non sar\u00e0 responsabile per eventuali danni o perdite derivanti da interferenze, omissioni, interruzioni, virus informatici, guasti telefonici o disconnessioni nel funzionamento operativo di questo sistema elettronico, causati da fattori al di fuori del controllo di <b>TECNICOS DE DISE\u00d1OS Y ESPACIOS, S.L.U.<\/b>, n\u00e9 sar\u00e0 responsabile per ritardi o blocchi nell&#8217;uso del presente sistema elettronico causati da carenze o sovraccarichi delle linee telefoniche o sovraccarichi nel Centro di Elaborazione Dati (CPD), nel sistema Internet o in altri sistemi elettronici, nonch\u00e9 per danni che potrebbero essere causati da terzi attraverso intrusioni illegittime al di fuori del controllo di <b>TECNICOS DE DISE\u00d1OS Y ESPACIOS, S.L.U..\u00a0<\/b><\/p>\n<p><b>Accettazione e consenso<\/b><b>\u00a0<\/b><\/p>\n<p>L&#8217;Utente dichiara di essere stato informato delle condizioni relative alla protezione dei dati personali, accettando e acconsentendo al trattamento degli stessi da parte di <b>TECNICOS DE DISE\u00d1OS Y ESPACIOS, S.L.U.<\/b> nella modalit\u00e0 e per le finalit\u00e0 indicate nella presente Politica di Protezione dei Dati Personali.<\/p>\n","protected":false},"excerpt":{"rendered":"<p>POLITICA SULLA PRIVACY Responsabile del Trattamento\u00a0 Identit\u00e0: TECNICOS DE DISE\u00d1OS Y ESPACIOS, S.L.U.\u00a0 CIF: B49238389\u00a0 Indirizzo postale: C\/ CHURRUCA, N\u00ba&#8230;<\/p>\n","protected":false},"author":2,"featured_media":0,"parent":0,"menu_order":0,"comment_status":"closed","ping_status":"closed","template":"","meta":{"footnotes":""},"class_list":["post-17743","page","type-page","status-publish","hentry"],"_links":{"self":[{"href":"https:\/\/topholds.com\/it\/wp-json\/wp\/v2\/pages\/17743","targetHints":{"allow":["GET"]}}],"collection":[{"href":"https:\/\/topholds.com\/it\/wp-json\/wp\/v2\/pages"}],"about":[{"href":"https:\/\/topholds.com\/it\/wp-json\/wp\/v2\/types\/page"}],"author":[{"embeddable":true,"href":"https:\/\/topholds.com\/it\/wp-json\/wp\/v2\/users\/2"}],"replies":[{"embeddable":true,"href":"https:\/\/topholds.com\/it\/wp-json\/wp\/v2\/comments?post=17743"}],"version-history":[{"count":1,"href":"https:\/\/topholds.com\/it\/wp-json\/wp\/v2\/pages\/17743\/revisions"}],"predecessor-version":[{"id":17744,"href":"https:\/\/topholds.com\/it\/wp-json\/wp\/v2\/pages\/17743\/revisions\/17744"}],"wp:attachment":[{"href":"https:\/\/topholds.com\/it\/wp-json\/wp\/v2\/media?parent=17743"}],"curies":[{"name":"wp","href":"https:\/\/api.w.org\/{rel}","templated":true}]}}