{"id":17805,"date":"2024-08-23T00:39:52","date_gmt":"2024-08-23T00:39:52","guid":{"rendered":"https:\/\/topholds.com\/?page_id=17805"},"modified":"2024-08-23T00:40:50","modified_gmt":"2024-08-23T00:40:50","slug":"pareti-arrampicata","status":"publish","type":"page","link":"https:\/\/topholds.com\/it\/pareti-arrampicata\/","title":{"rendered":"Acquista parete da arrampicata"},"content":{"rendered":"\n<p class=\"font_8\" style=\"text-align: justify;\"><span style=\"color: #000000;\">Vogliamo far conoscere i benefici dell&#8217;arrampicata sportiva a tutti i settori della nostra societ\u00e0, a partire dai pi\u00f9 piccoli, affinch\u00e9 attraverso il primo contatto con una piccola struttura di arrampicata, sviluppino schemi motori di base che migliorino la loro psicomotricit\u00e0; cresciamo e superiamo le tappe, passiamo al boulder e alla conoscenza fisica e psichica di noi stessi, superamento, autostima, spirito di squadra.<\/span><\/p>\n<p class=\"font_8\" style=\"text-align: justify;\"><span style=\"color: #000000;\"><span class=\"wixGuard\">\u200b<\/span>Siamo concentrati sul settore educativo e su tutte le sue fasi di insegnamento: Infanzia, Primaria, Secondaria e Liceo, cos\u00ec come per le Universit\u00e0.<\/span><\/p>\n<p class=\"font_8\" style=\"text-align: justify;\"><span style=\"color: #000000;\">Inoltre, offriamo i nostri progetti a enti pubblici e privati: comuni, centri sportivi, aziende private, centri commerciali, ludoteche, vigili del fuoco, campeggi, ecc.<\/span><\/p>\n<p class=\"font_8\" style=\"text-align: justify;\"><span style=\"color: #000000;\">In TopHolds <\/span><strong><span style=\"color: #000000;\">ci siamo prefissati l&#8217;obiettivo che tutti possano avere la propria palestra di arrampicata adattandoci a qualsiasi budget<\/span><\/strong><span style=\"color: #000000;\">. Se preferisci costruirla tu stesso, ti consiglieremo sul modo migliore per farlo; materiali, quantit\u00e0 di <a href=\"\/it\/offerte\/prese-arrampicata\/\">prese di arrampicata<\/a>, raccomandazioni&#8230;<\/span><\/p>\n<h2 class=\"font_8\" style=\"text-align: justify;\">Richiedi un preventivo per costruire la tua palestra di arrampicata senza impegno.<\/h2>\n\n<div class=\"wpcf7 no-js\" id=\"wpcf7-f5644-o1\" lang=\"es-ES\" dir=\"ltr\" data-wpcf7-id=\"5644\">\n<div class=\"screen-reader-response\"><p role=\"status\" aria-live=\"polite\" aria-atomic=\"true\"><\/p> <ul><\/ul><\/div>\n<form action=\"\/it\/wp-json\/wp\/v2\/pages\/17805#wpcf7-f5644-o1\" method=\"post\" class=\"wpcf7-form init\" aria-label=\"Formulario de contacto\" novalidate=\"novalidate\" data-status=\"init\">\n<fieldset class=\"hidden-fields-container\"><input type=\"hidden\" name=\"_wpcf7\" value=\"5644\" \/><input type=\"hidden\" name=\"_wpcf7_version\" value=\"6.1.5\" \/><input type=\"hidden\" name=\"_wpcf7_locale\" value=\"es_ES\" \/><input type=\"hidden\" name=\"_wpcf7_unit_tag\" value=\"wpcf7-f5644-o1\" \/><input type=\"hidden\" name=\"_wpcf7_container_post\" value=\"0\" \/><input type=\"hidden\" name=\"_wpcf7_posted_data_hash\" value=\"\" \/><input type=\"hidden\" name=\"_wpcf7_recaptcha_response\" value=\"\" \/>\n<\/fieldset>\n<p><label> Nombre (requerido)<br \/>\n<span class=\"wpcf7-form-control-wrap\" data-name=\"your-name\"><input size=\"40\" maxlength=\"400\" class=\"wpcf7-form-control wpcf7-text wpcf7-validates-as-required\" aria-required=\"true\" aria-invalid=\"false\" value=\"\" type=\"text\" name=\"your-name\" \/><\/span> <\/label>\n<\/p>\n<p><label> Tel\u00e9fono (requerido)<br \/>\n<span class=\"wpcf7-form-control-wrap\" data-name=\"tel-282\"><input size=\"40\" maxlength=\"400\" class=\"wpcf7-form-control wpcf7-tel wpcf7-validates-as-required wpcf7-text wpcf7-validates-as-tel\" aria-required=\"true\" aria-invalid=\"false\" value=\"\" type=\"tel\" name=\"tel-282\" \/><\/span> <\/label>\n<\/p>\n<p><label> Tu correo electr\u00f3nico (requerido)<br \/>\n<span class=\"wpcf7-form-control-wrap\" data-name=\"your-email\"><input size=\"40\" maxlength=\"400\" class=\"wpcf7-form-control wpcf7-email wpcf7-validates-as-required wpcf7-text wpcf7-validates-as-email\" aria-required=\"true\" aria-invalid=\"false\" value=\"\" type=\"email\" name=\"your-email\" \/><\/span> <\/label>\n<\/p>\n<p><label> Asunto<br \/>\n<span class=\"wpcf7-form-control-wrap\" data-name=\"your-subject\"><input size=\"40\" maxlength=\"400\" class=\"wpcf7-form-control wpcf7-text\" aria-invalid=\"false\" value=\"\" type=\"text\" name=\"your-subject\" \/><\/span> <\/label>\n<\/p>\n<p><label> Mensaje<br \/>\n<span class=\"wpcf7-form-control-wrap\" data-name=\"your-message\"><textarea cols=\"40\" rows=\"10\" maxlength=\"2000\" class=\"wpcf7-form-control wpcf7-textarea\" aria-invalid=\"false\" name=\"your-message\"><\/textarea><\/span> <\/label><br \/>\n<br \/>\n<span class=\"wpcf7-form-control-wrap\" data-name=\"your-consent\"><span class=\"wpcf7-form-control wpcf7-acceptance\"><span class=\"wpcf7-list-item\"><label><input type=\"checkbox\" name=\"your-consent\" value=\"1\" aria-invalid=\"false\" \/><span class=\"wpcf7-list-item-label\">Acepto los t\u00e9rminos y <a href=\"\/politica-privacidad\/\">condicione de privacidad<\/a><\/span><\/label><\/span><\/span><\/span><br \/>\n<div class=\"cf7-cf-turnstile\" style=\"margin-top: 0px; margin-bottom: -15px;\"> <div id=\"cf-turnstile-cf7-2514976638\" class=\"cf-turnstile\" data-sitekey=\"0x4AAAAAACz7fu4oHtyF3LRS\" data-theme=\"light\" data-language=\"auto\" data-size=\"normal\" data-retry=\"auto\" data-retry-interval=\"1000\" data-refresh-expired=\"auto\" data-action=\"contact-form-7\" data-appearance=\"always\"><\/div> <script>document.addEventListener(\"DOMContentLoaded\", function() { setTimeout(function(){ var e=document.getElementById(\"cf-turnstile-cf7-2514976638\"); e&&!e.innerHTML.trim()&&(turnstile.remove(\"#cf-turnstile-cf7-2514976638\"), turnstile.render(\"#cf-turnstile-cf7-2514976638\", {sitekey:\"0x4AAAAAACz7fu4oHtyF3LRS\"})); }, 100); });<\/script> <br class=\"cf-turnstile-br cf-turnstile-br-cf7-2514976638\"> <style>#cf-turnstile-cf7-2514976638 { margin-left: -15px; }<\/style> <script>document.addEventListener(\"DOMContentLoaded\",function(){document.querySelectorAll('.wpcf7-form').forEach(function(e){e.addEventListener('submit',function(){if(document.getElementById('cf-turnstile-cf7-2514976638')){setTimeout(function(){turnstile.reset('#cf-turnstile-cf7-2514976638');},1000)}})})});<\/script> <\/div><br\/><input class=\"wpcf7-form-control wpcf7-submit has-spinner\" type=\"submit\" value=\"Enviar\" \/>\n<\/p><p style=\"display: none !important;\" class=\"akismet-fields-container\" data-prefix=\"_wpcf7_ak_\"><label>&#916;<textarea name=\"_wpcf7_ak_hp_textarea\" cols=\"45\" rows=\"8\" maxlength=\"100\"><\/textarea><\/label><input type=\"hidden\" id=\"ak_js_1\" name=\"_wpcf7_ak_js\" value=\"53\"\/><script>document.getElementById( \"ak_js_1\" ).setAttribute( \"value\", ( new Date() ).getTime() );<\/script><\/p><div class=\"wpcf7-response-output\" aria-hidden=\"true\"><\/div>\n<\/form>\n<\/div>\n\n<h4 class=\"font_8\"><strong>CATALOGO<\/strong><\/h4>\n<pre>Al seguente link puoi scaricare\n\nil catalogo delle palestre di arrampicata TOPHOLDS\n\n<\/pre>\n<p class=\"font_8\" style=\"text-align: justify;\">\u00a0\u00a0<span style=\"color: #000000;\"><strong><a href=\"https:\/\/topholds.com\/wp-content\/uploads\/2017\/02\/Cat\u00e1logo-2017-TOPHOLDS.pdf\">Catalogo PDF<\/a><\/strong><\/span><\/p>\n<p class=\"font_8\" style=\"text-align: justify;\"><span style=\"color: #000000;\"><strong><a style=\"color: #000000;\" href=\"https:\/\/topholds.com\/wp-content\/uploads\/2017\/02\/rocodromo-guarderia.jpg\"><img fetchpriority=\"high\" decoding=\"async\" class=\"alignnone wp-image-5388\" src=\"https:\/\/topholds.com\/wp-content\/uploads\/2017\/02\/rocodromo-guarderia-300x300.jpg\" alt=\"palestra di arrampicata asilo\" width=\"450\" height=\"450\" \/><\/a><a style=\"color: #000000;\" href=\"https:\/\/topholds.com\/wp-content\/uploads\/2017\/02\/rocodromo-infantil.jpg\"><img decoding=\"async\" class=\"wp-image-5385 alignnone\" src=\"https:\/\/topholds.com\/wp-content\/uploads\/2017\/02\/rocodromo-infantil-300x300.jpg\" alt=\"palestra di arrampicata per bambini\" width=\"450\" height=\"450\" \/><\/a><\/strong><\/span><span style=\"color: #000000;\"><strong><a style=\"color: #000000;\" href=\"https:\/\/topholds.com\/wp-content\/uploads\/2017\/02\/rocodromo-parque-infantil.jpg\"><img decoding=\"async\" class=\"alignnone wp-image-5384\" src=\"https:\/\/topholds.com\/wp-content\/uploads\/2017\/02\/rocodromo-parque-infantil-300x300.jpg\" alt=\"palestra di arrampicata parco giochi\" width=\"450\" height=\"450\" \/><\/a><a style=\"color: #000000;\" href=\"https:\/\/topholds.com\/wp-content\/uploads\/2017\/02\/parque-infantil.jpg\"><img loading=\"lazy\" decoding=\"async\" class=\"wp-image-5383 alignnone\" src=\"https:\/\/topholds.com\/wp-content\/uploads\/2017\/02\/parque-infantil-300x300.jpg\" alt=\"parco giochi\" width=\"450\" height=\"450\" \/><\/a><\/strong><\/span><\/p>\n<p class=\"font_8\" style=\"text-align: justify;\"><span style=\"color: #000000;\"><strong><a style=\"color: #000000;\" href=\"https:\/\/topholds.com\/wp-content\/uploads\/2017\/02\/rocodromo-universidad.jpg\"><img loading=\"lazy\" decoding=\"async\" class=\"alignnone wp-image-5382\" src=\"https:\/\/topholds.com\/wp-content\/uploads\/2017\/02\/rocodromo-universidad-300x300.jpg\" alt=\"palestra di arrampicata universit\u00e0\" width=\"450\" height=\"450\" \/><\/a><a style=\"color: #000000;\" href=\"https:\/\/topholds.com\/wp-content\/uploads\/2017\/02\/rocodromo-ayuntamiento.jpg\"><img loading=\"lazy\" decoding=\"async\" class=\"alignnone wp-image-5381\" src=\"https:\/\/topholds.com\/wp-content\/uploads\/2017\/02\/rocodromo-ayuntamiento-300x300.jpg\" alt=\"palestra di arrampicata municipio\" width=\"450\" height=\"450\" \/><\/a><\/strong><\/span><\/p>\n<p class=\"font_8\" style=\"text-align: justify;\"><span style=\"color: #000000;\"><strong><a style=\"color: #000000;\" href=\"https:\/\/topholds.com\/wp-content\/uploads\/2017\/02\/rocodromo-ni\u00f1os.jpg\"><img loading=\"lazy\" decoding=\"async\" class=\"alignnone wp-image-5387\" src=\"https:\/\/topholds.com\/wp-content\/uploads\/2017\/02\/rocodromo-ni\u00f1os-300x300.jpg\" alt=\"palestra di arrampicata per bambini\" width=\"450\" height=\"450\" \/><\/a><a style=\"color: #000000;\" href=\"https:\/\/topholds.com\/wp-content\/uploads\/2017\/02\/rocodromo-ludoteca.jpg\"><img loading=\"lazy\" decoding=\"async\" class=\"wp-image-5386\" src=\"https:\/\/topholds.com\/wp-content\/uploads\/2017\/02\/rocodromo-ludoteca-300x300.jpg\" alt=\"palestra di arrampicata ludoteca\" width=\"450\" height=\"450\" \/><\/a><\/strong><\/span><\/p>\n<p class=\"font_8\" style=\"text-align: justify;\">\n<div class=\"wpcf7 no-js\" id=\"wpcf7-f5644-o2\" lang=\"es-ES\" dir=\"ltr\" data-wpcf7-id=\"5644\">\n<div class=\"screen-reader-response\"><p role=\"status\" aria-live=\"polite\" aria-atomic=\"true\"><\/p> <ul><\/ul><\/div>\n<form action=\"\/it\/wp-json\/wp\/v2\/pages\/17805#wpcf7-f5644-o2\" method=\"post\" class=\"wpcf7-form init\" aria-label=\"Formulario de contacto\" novalidate=\"novalidate\" data-status=\"init\">\n<fieldset class=\"hidden-fields-container\"><input type=\"hidden\" name=\"_wpcf7\" value=\"5644\" \/><input type=\"hidden\" name=\"_wpcf7_version\" value=\"6.1.5\" \/><input type=\"hidden\" name=\"_wpcf7_locale\" value=\"es_ES\" \/><input type=\"hidden\" name=\"_wpcf7_unit_tag\" value=\"wpcf7-f5644-o2\" \/><input type=\"hidden\" name=\"_wpcf7_container_post\" value=\"0\" \/><input type=\"hidden\" name=\"_wpcf7_posted_data_hash\" value=\"\" \/><input type=\"hidden\" name=\"_wpcf7_recaptcha_response\" value=\"\" \/>\n<\/fieldset>\n<p><label> Nombre (requerido)<br \/>\n<span class=\"wpcf7-form-control-wrap\" data-name=\"your-name\"><input size=\"40\" maxlength=\"400\" class=\"wpcf7-form-control wpcf7-text wpcf7-validates-as-required\" aria-required=\"true\" aria-invalid=\"false\" value=\"\" type=\"text\" name=\"your-name\" \/><\/span> <\/label>\n<\/p>\n<p><label> Tel\u00e9fono (requerido)<br \/>\n<span class=\"wpcf7-form-control-wrap\" data-name=\"tel-282\"><input size=\"40\" maxlength=\"400\" class=\"wpcf7-form-control wpcf7-tel wpcf7-validates-as-required wpcf7-text wpcf7-validates-as-tel\" aria-required=\"true\" aria-invalid=\"false\" value=\"\" type=\"tel\" name=\"tel-282\" \/><\/span> <\/label>\n<\/p>\n<p><label> Tu correo electr\u00f3nico (requerido)<br \/>\n<span class=\"wpcf7-form-control-wrap\" data-name=\"your-email\"><input size=\"40\" maxlength=\"400\" class=\"wpcf7-form-control wpcf7-email wpcf7-validates-as-required wpcf7-text wpcf7-validates-as-email\" aria-required=\"true\" aria-invalid=\"false\" value=\"\" type=\"email\" name=\"your-email\" \/><\/span> <\/label>\n<\/p>\n<p><label> Asunto<br \/>\n<span class=\"wpcf7-form-control-wrap\" data-name=\"your-subject\"><input size=\"40\" maxlength=\"400\" class=\"wpcf7-form-control wpcf7-text\" aria-invalid=\"false\" value=\"\" type=\"text\" name=\"your-subject\" \/><\/span> <\/label>\n<\/p>\n<p><label> Mensaje<br \/>\n<span class=\"wpcf7-form-control-wrap\" data-name=\"your-message\"><textarea cols=\"40\" rows=\"10\" maxlength=\"2000\" class=\"wpcf7-form-control wpcf7-textarea\" aria-invalid=\"false\" name=\"your-message\"><\/textarea><\/span> <\/label><br \/>\n<br \/>\n<span class=\"wpcf7-form-control-wrap\" data-name=\"your-consent\"><span class=\"wpcf7-form-control wpcf7-acceptance\"><span class=\"wpcf7-list-item\"><label><input type=\"checkbox\" name=\"your-consent\" value=\"1\" aria-invalid=\"false\" \/><span class=\"wpcf7-list-item-label\">Acepto los t\u00e9rminos y <a href=\"\/politica-privacidad\/\">condicione de privacidad<\/a><\/span><\/label><\/span><\/span><\/span><br \/>\n<div class=\"cf7-cf-turnstile\" style=\"margin-top: 0px; margin-bottom: -15px;\"> <div id=\"cf-turnstile-cf7-226278199\" class=\"cf-turnstile\" data-sitekey=\"0x4AAAAAACz7fu4oHtyF3LRS\" data-theme=\"light\" data-language=\"auto\" data-size=\"normal\" data-retry=\"auto\" data-retry-interval=\"1000\" data-refresh-expired=\"auto\" data-action=\"contact-form-7\" data-appearance=\"always\"><\/div> <script>document.addEventListener(\"DOMContentLoaded\", function() { setTimeout(function(){ var e=document.getElementById(\"cf-turnstile-cf7-226278199\"); e&&!e.innerHTML.trim()&&(turnstile.remove(\"#cf-turnstile-cf7-226278199\"), turnstile.render(\"#cf-turnstile-cf7-226278199\", {sitekey:\"0x4AAAAAACz7fu4oHtyF3LRS\"})); }, 100); });<\/script> <br class=\"cf-turnstile-br cf-turnstile-br-cf7-226278199\"> <style>#cf-turnstile-cf7-226278199 { margin-left: -15px; }<\/style> <script>document.addEventListener(\"DOMContentLoaded\",function(){document.querySelectorAll('.wpcf7-form').forEach(function(e){e.addEventListener('submit',function(){if(document.getElementById('cf-turnstile-cf7-226278199')){setTimeout(function(){turnstile.reset('#cf-turnstile-cf7-226278199');},1000)}})})});<\/script> <\/div><br\/><input class=\"wpcf7-form-control wpcf7-submit has-spinner\" type=\"submit\" value=\"Enviar\" \/>\n<\/p><p style=\"display: none !important;\" class=\"akismet-fields-container\" data-prefix=\"_wpcf7_ak_\"><label>&#916;<textarea name=\"_wpcf7_ak_hp_textarea\" cols=\"45\" rows=\"8\" maxlength=\"100\"><\/textarea><\/label><input type=\"hidden\" id=\"ak_js_2\" name=\"_wpcf7_ak_js\" value=\"5\"\/><script>document.getElementById( \"ak_js_2\" ).setAttribute( \"value\", ( new Date() ).getTime() );<\/script><\/p><div class=\"wpcf7-response-output\" aria-hidden=\"true\"><\/div>\n<\/form>\n<\/div>\n<\/p>\n\n\n","protected":false},"excerpt":{"rendered":"<p>Vogliamo far conoscere i benefici dell&#8217;arrampicata sportiva a tutti i settori della nostra societ\u00e0, a partire dai pi\u00f9 piccoli, affinch\u00e9&#8230;<\/p>\n","protected":false},"author":2,"featured_media":0,"parent":0,"menu_order":0,"comment_status":"closed","ping_status":"closed","template":"","meta":{"footnotes":""},"class_list":["post-17805","page","type-page","status-publish","hentry"],"_links":{"self":[{"href":"https:\/\/topholds.com\/it\/wp-json\/wp\/v2\/pages\/17805","targetHints":{"allow":["GET"]}}],"collection":[{"href":"https:\/\/topholds.com\/it\/wp-json\/wp\/v2\/pages"}],"about":[{"href":"https:\/\/topholds.com\/it\/wp-json\/wp\/v2\/types\/page"}],"author":[{"embeddable":true,"href":"https:\/\/topholds.com\/it\/wp-json\/wp\/v2\/users\/2"}],"replies":[{"embeddable":true,"href":"https:\/\/topholds.com\/it\/wp-json\/wp\/v2\/comments?post=17805"}],"version-history":[{"count":2,"href":"https:\/\/topholds.com\/it\/wp-json\/wp\/v2\/pages\/17805\/revisions"}],"predecessor-version":[{"id":17807,"href":"https:\/\/topholds.com\/it\/wp-json\/wp\/v2\/pages\/17805\/revisions\/17807"}],"wp:attachment":[{"href":"https:\/\/topholds.com\/it\/wp-json\/wp\/v2\/media?parent=17805"}],"curies":[{"name":"wp","href":"https:\/\/api.w.org\/{rel}","templated":true}]}}