{"id":16553,"date":"2016-11-20T18:54:02","date_gmt":"2016-11-20T18:54:02","guid":{"rendered":"https:\/\/topholds.com\/oferta\/presas-escalada\/tubis\/tubis\/"},"modified":"2024-08-26T03:07:10","modified_gmt":"2024-08-26T03:07:10","slug":"tubis","status":"publish","type":"product","link":"https:\/\/topholds.com\/it\/offerta\/prese-arrampicata\/bambini\/tubis\/","title":{"rendered":"Pacchetto Prese da arrampicata per Bambini Tubis"},"content":{"rendered":"<p><strong>Tubis \u00e8 un pacco di 6 prese da arrampicata<\/strong> multifunzionali progettate per creare circuiti di psicomotricit\u00e0, favorendo il gioco e l&#8217;attivit\u00e0 fisica nei pi\u00f9 piccoli.<\/p>\n<p>Le prese Tubis sono <strong>compatibili con tubi e pipe di 25 mm di diametro<\/strong>, come i tubi idraulici che puoi decorare facilmente con nastri colorati per ottenere risultati estetici e divertenti a un basso costo. Con questo <em>pacchetto di prese per bambini<\/em>, crea ostacoli e archi attraverso i quali i bambini dovranno passare, stimolando la loro coordinazione e abilit\u00e0 motorie.<\/p>\n<p>Quando non vengono utilizzate con i tubi, le prese Tubis sono state accuratamente <strong>progettate per adattarsi alle manine dei piccoli<\/strong>, offrendo prese positive, bordi e cavit\u00e0 nonostante le loro dimensioni compatte.<\/p>\n<p>Trasforma la tua <strong>parete di arrampicata in uno spazio pieno di gioia e divertimento per i pi\u00f9 piccoli<\/strong>, permettendo la creazione di innumerevoli giochi e attivit\u00e0 per tenerli intrattenuti e attivi.<\/p>\n<p>Per la sua installazione si consiglia di <strong>utilizzare viti M10x30 o M8x30<\/strong>.<\/p>\n<p>Tieni presente che i colori del prodotto possono variare rispetto all&#8217;immagine mostrata. Se desideri un colore specifico, non esitare a contattarci.<\/p>\n","protected":false},"excerpt":{"rendered":"<ul>\n<li>Tubis \u00e8 un lotto di 6 prese per arrampicata per bambini.<\/li>\n<li>Favorisce la psicomotricit\u00e0 e la coordinazione nei bambini.<\/li>\n<li>Compatibile con picchetti e tubi di 25 mm di diametro.<\/li>\n<li>Stimola la creativit\u00e0 creando circuiti e ostacoli.<\/li>\n<li>Progettate per adattarsi a mani piccole.<\/li>\n<\/ul>\n","protected":false},"featured_media":18638,"comment_status":"open","ping_status":"closed","template":"","meta":[],"product_brand":[],"product_cat":[437],"product_tag":[],"class_list":{"0":"post-16553","1":"product","2":"type-product","3":"status-publish","4":"has-post-thumbnail","6":"product_cat-bambini","8":"first","9":"instock","10":"taxable","11":"shipping-taxable","12":"purchasable","13":"product-type-simple"},"_links":{"self":[{"href":"https:\/\/topholds.com\/it\/wp-json\/wp\/v2\/product\/16553","targetHints":{"allow":["GET"]}}],"collection":[{"href":"https:\/\/topholds.com\/it\/wp-json\/wp\/v2\/product"}],"about":[{"href":"https:\/\/topholds.com\/it\/wp-json\/wp\/v2\/types\/product"}],"replies":[{"embeddable":true,"href":"https:\/\/topholds.com\/it\/wp-json\/wp\/v2\/comments?post=16553"}],"wp:featuredmedia":[{"embeddable":true,"href":"https:\/\/topholds.com\/it\/wp-json\/wp\/v2\/media\/18638"}],"wp:attachment":[{"href":"https:\/\/topholds.com\/it\/wp-json\/wp\/v2\/media?parent=16553"}],"wp:term":[{"taxonomy":"product_brand","embeddable":true,"href":"https:\/\/topholds.com\/it\/wp-json\/wp\/v2\/product_brand?post=16553"},{"taxonomy":"product_cat","embeddable":true,"href":"https:\/\/topholds.com\/it\/wp-json\/wp\/v2\/product_cat?post=16553"},{"taxonomy":"product_tag","embeddable":true,"href":"https:\/\/topholds.com\/it\/wp-json\/wp\/v2\/product_tag?post=16553"}],"curies":[{"name":"wp","href":"https:\/\/api.w.org\/{rel}","templated":true}]}}