{"id":16608,"date":"2017-03-03T06:21:03","date_gmt":"2017-03-03T06:21:03","guid":{"rendered":"https:\/\/topholds.com\/oferta\/presas-escalada\/tubis-ball\/tubis-ball\/"},"modified":"2024-08-26T03:23:40","modified_gmt":"2024-08-26T03:23:40","slug":"tubis-ball","status":"publish","type":"product","link":"https:\/\/topholds.com\/it\/offerta\/prese-arrampicata\/bambini\/tubis-ball\/","title":{"rendered":"Prese da arrampicata per Bambini Tubis Ball"},"content":{"rendered":"<p><strong>Tubis Ball \u00e8 una presa di arrampicata per bambini<\/strong> progettata appositamente per creare circuiti di psicomotricit\u00e0, offrendo divertimento e stimolazione ai pi\u00f9 piccoli.<\/p>\n<p>Questa versatile presa \u00e8 <strong>compatibile con piaste e tubi di 25 mm di diametro<\/strong>, come quelli di idraulica. Personalizza e decora i tubi con nastri colorati per ottenere un risultato estetico e divertente a basso costo.<\/p>\n<p>Con Tubis Ball, puoi <strong>progettare ostacoli impegnativi e archi<\/strong> che i bambini devono superare e attraverso i quali devono passare, promuovendo la loro creativit\u00e0 e le abilit\u00e0 motorie.<\/p>\n<p>Quando i tubi vengono rimossi, Tubis Ball si trasforma in una <strong>presa completamente rotonda di 7 cm di diametro<\/strong>, fornendo una presa sicura e adattata alle piccole mani, garantendo la loro sicurezza e divertimento.<\/p>\n<p>Aggiungi un tocco di divertimento e colore alla tua parete con questa presa multifunzionale e crea una variet\u00e0 infinita di giochi e attivit\u00e0 per i pi\u00f9 piccoli.<\/p>\n<p>Si consiglia di <strong>utilizzare viti M10x40 o M8x40 per la sua installazione<\/strong>.<\/p>\n<p>Tieni presente che i colori del prodotto possono variare rispetto all&#8217;immagine mostrata. Se desideri un colore specifico, non esitare a contattarci.<\/p>\n","protected":false},"excerpt":{"rendered":"<ul>\n<li>Presina per creare circuiti di psicomotricit\u00e0 divertenti e variati.<\/li>\n<li>Adatta per inserire bastoni e tubi con un diametro di 25 mm che puoi personalizzare con colori.<\/li>\n<li>Permette di creare ostacoli e archi per stimolare il movimento e il coordinamento dei piccoli.<\/li>\n<\/ul>\n","protected":false},"featured_media":19067,"comment_status":"open","ping_status":"closed","template":"","meta":[],"product_brand":[],"product_cat":[437],"product_tag":[],"class_list":{"0":"post-16608","1":"product","2":"type-product","3":"status-publish","4":"has-post-thumbnail","6":"product_cat-bambini","8":"first","9":"instock","10":"taxable","11":"shipping-taxable","12":"purchasable","13":"product-type-simple"},"_links":{"self":[{"href":"https:\/\/topholds.com\/it\/wp-json\/wp\/v2\/product\/16608","targetHints":{"allow":["GET"]}}],"collection":[{"href":"https:\/\/topholds.com\/it\/wp-json\/wp\/v2\/product"}],"about":[{"href":"https:\/\/topholds.com\/it\/wp-json\/wp\/v2\/types\/product"}],"replies":[{"embeddable":true,"href":"https:\/\/topholds.com\/it\/wp-json\/wp\/v2\/comments?post=16608"}],"wp:featuredmedia":[{"embeddable":true,"href":"https:\/\/topholds.com\/it\/wp-json\/wp\/v2\/media\/19067"}],"wp:attachment":[{"href":"https:\/\/topholds.com\/it\/wp-json\/wp\/v2\/media?parent=16608"}],"wp:term":[{"taxonomy":"product_brand","embeddable":true,"href":"https:\/\/topholds.com\/it\/wp-json\/wp\/v2\/product_brand?post=16608"},{"taxonomy":"product_cat","embeddable":true,"href":"https:\/\/topholds.com\/it\/wp-json\/wp\/v2\/product_cat?post=16608"},{"taxonomy":"product_tag","embeddable":true,"href":"https:\/\/topholds.com\/it\/wp-json\/wp\/v2\/product_tag?post=16608"}],"curies":[{"name":"wp","href":"https:\/\/api.w.org\/{rel}","templated":true}]}}