{"id":16618,"date":"2017-03-04T18:01:36","date_gmt":"2017-03-04T18:01:36","guid":{"rendered":"https:\/\/topholds.com\/oferta\/presas-escalada\/tubis-rabbit\/tubis-rabbit\/"},"modified":"2024-08-26T03:26:24","modified_gmt":"2024-08-26T03:26:24","slug":"tubis-rabbit","status":"publish","type":"product","link":"https:\/\/topholds.com\/it\/offerta\/prese-arrampicata\/bambini\/tubis-rabbit\/","title":{"rendered":"Prese da arrampicata Tubis Rabbit"},"content":{"rendered":"<p><strong>Tubis Rabbit \u00e8 un innovativo appiglio di arrampicata per bambini<\/strong> progettato appositamente per creare circuiti di psicomotricit\u00e0, stimolando lo sviluppo e il divertimento dei pi\u00f9 piccoli.<\/p>\n<p>Questo appiglio versatile \u00e8 <strong>compatibile con tubi e tubetti di 25 mm di diametro<\/strong>, come quelli da idraulica. Personalizza e decora i tubi con nastri colorati per ottenere una finitura perfetta a un costo molto basso.<\/p>\n<p>Con le <em>presine Tubis Rabbit<\/em>, puoi <strong>progettare ostacoli sfidanti e archi<\/strong> attraverso i quali i bambini dovranno passare e superare, promuovendo la loro creativit\u00e0 e le abilit\u00e0 motorie.<\/p>\n<p>Quando si rimuovono i tubi, Tubis Rabbit si trasforma in <strong>un appiglio con una presa ottimale per le piccole mani<\/strong>, garantendo la loro sicurezza e divertimento.<\/p>\n<p>Aggiungi un tocco di divertimento e colore alla tua parete con questo appiglio multifunzionale e crea un&#8217;infinit\u00e0 di giochi e attivit\u00e0 per i pi\u00f9 piccoli.<\/p>\n<p>Si raccomanda di <strong>utilizzare viti M10x40 o M8x40 per l&#8217;installazione<\/strong>.<\/p>\n<p>Tieni presente che i colori del prodotto possono variare rispetto all&#8217;immagine mostrata. Se desideri un colore specifico, non esitare a contattarci.<\/p>\n","protected":false},"excerpt":{"rendered":"<ul>\n<li>Ideale per creare circuiti di psicomotricit\u00e0 per bambini.<\/li>\n<li>Adatta per inserire picchetti e qualsiasi tubo con diametro di 25mm.<\/li>\n<li>Creativit\u00e0 e abilit\u00e0 motorie con archi.<\/li>\n<li>Grip ottimale per piccole mani.<\/li>\n<\/ul>\n<p>&nbsp;<\/p>\n","protected":false},"featured_media":19107,"comment_status":"open","ping_status":"closed","template":"","meta":[],"product_brand":[],"product_cat":[437],"product_tag":[],"class_list":{"0":"post-16618","1":"product","2":"type-product","3":"status-publish","4":"has-post-thumbnail","6":"product_cat-bambini","8":"first","9":"instock","10":"taxable","11":"shipping-taxable","12":"purchasable","13":"product-type-simple"},"_links":{"self":[{"href":"https:\/\/topholds.com\/it\/wp-json\/wp\/v2\/product\/16618","targetHints":{"allow":["GET"]}}],"collection":[{"href":"https:\/\/topholds.com\/it\/wp-json\/wp\/v2\/product"}],"about":[{"href":"https:\/\/topholds.com\/it\/wp-json\/wp\/v2\/types\/product"}],"replies":[{"embeddable":true,"href":"https:\/\/topholds.com\/it\/wp-json\/wp\/v2\/comments?post=16618"}],"wp:featuredmedia":[{"embeddable":true,"href":"https:\/\/topholds.com\/it\/wp-json\/wp\/v2\/media\/19107"}],"wp:attachment":[{"href":"https:\/\/topholds.com\/it\/wp-json\/wp\/v2\/media?parent=16618"}],"wp:term":[{"taxonomy":"product_brand","embeddable":true,"href":"https:\/\/topholds.com\/it\/wp-json\/wp\/v2\/product_brand?post=16618"},{"taxonomy":"product_cat","embeddable":true,"href":"https:\/\/topholds.com\/it\/wp-json\/wp\/v2\/product_cat?post=16618"},{"taxonomy":"product_tag","embeddable":true,"href":"https:\/\/topholds.com\/it\/wp-json\/wp\/v2\/product_tag?post=16618"}],"curies":[{"name":"wp","href":"https:\/\/api.w.org\/{rel}","templated":true}]}}