{"id":16663,"date":"2017-06-18T06:35:00","date_gmt":"2017-06-18T06:35:00","guid":{"rendered":"https:\/\/topholds.com\/?post_type=product&#038;p=5697\/climbskin-crema-mani\/"},"modified":"2024-08-26T03:34:34","modified_gmt":"2024-08-26T03:34:34","slug":"climbskin-crema-mani","status":"publish","type":"product","link":"https:\/\/topholds.com\/it\/offerta\/accessori\/creme-arrampicatori\/climbskin-crema-mani\/","title":{"rendered":"Climbskin\u00ae Crema Mani"},"content":{"rendered":"<ul class=\"media-list\">\n<li class=\"media\">\n<div class=\"media-body\">\n<h4 class=\"media-heading\">Ingredienti INCI<\/h4>\n<\/div>\n<\/li>\n<li class=\"media\">\n<div class=\"pull-left\">Rosa Mosqueta<\/div>\n<\/li>\n<li class=\"media\">\n<div class=\"pull-left\">Aloe Vera (Aloe barbadensis)<\/div>\n<\/li>\n<li class=\"media\">\n<div class=\"pull-left\">Spinoso Giallo (Hippophae rhamnoides)<\/div>\n<\/li>\n<li class=\"media\">\n<div class=\"pull-left\">Achillea, erba di Achille<\/div>\n<\/li>\n<li class=\"media\">\n<div class=\"pull-left\">Burro di Karit\u00e9<\/div>\n<\/li>\n<li class=\"media\">\n<div class=\"pull-left\">Tintura di Benju\u00ed (Styrax benzo\u00edn)<\/div>\n<\/li>\n<li class=\"media\">\n<div class=\"pull-left\">Centella Asiatica, erba delle tigri o Gotu kola (3%)<\/div>\n<\/li>\n<li class=\"media\">\n<div class=\"pull-left\">Sangue di Drago<\/div>\n<\/li>\n<\/ul>\n<p><strong>CLIMBSKIN\u00ae CREMA PER MANI<\/strong> \u00e8 l&#8217;unica crema progettata specificamente per scalatori, adattando al massimo le sue propriet\u00e0.<\/p>\n<p><strong>1. Introduzione<\/strong><\/p>\n<p>Le mani sono la nostra connessione diretta con la roccia, ci permettono di percepirla in modo speciale. Una pelle curata \u2014 con callo, s\u00ec, ma uniforme ed elastica \u2014 far\u00e0 migliorare radicalmente le nostre sensazioni, facendo la differenza nel nostro rendimento durante la scalata.<\/p>\n<p>Non sono necessari trattamenti straordinari, basta una piccola routine aggiuntiva da integrare alla tua scalata; ti aiuter\u00e0 a prenderti cura e a conoscere meglio la tua pelle.<\/p>\n<p>&nbsp;<\/p>\n<p><strong>2. Cure e consigli<\/strong><\/p>\n<p><strong>Prima:<\/strong> Prepara la pelle per scalare.<\/p>\n<p>&#8211; Fino ad ora era impensabile utilizzare i prodotti esistenti prima di scalare. Usa la <strong>Climbskin Hand Cream<\/strong> un&#8217;ora prima di scalare; uno strato sottile \u00e8 sufficiente per dotare la pelle di una maggiore elasticit\u00e0. Questo funge da &#8220;riscaldamento&#8221;, aiutando a prevenire vari danni alla pelle (diminuisce la possibilit\u00e0 di &#8220;smilies&#8221;, che si sollevino i calli, crepe o che la pelle si stacchi dall&#8217;unghia). La tintura di benju\u00ed e la silicona naturale aiutano anche a regolare la sudorazione, che \u00e8 un fattore importante nell&#8217;usura della pelle.<\/p>\n<p>&nbsp;<\/p>\n<p><strong>Durante:<\/strong><\/p>\n<p>&#8211; Mantieni la pelle fresca e asciutta; un errore comune \u00e8 mantenere le mani nelle tasche fino a pochi istanti prima del passaggio. Una pelle con un po&#8217; di sudore e un aumento di temperatura subisce una maggiore usura. Al contrario, metti le mani a contatto con la roccia alcuni secondi prima del passaggio.<\/p>\n<p>Taglia e lima qualsiasi pelle che si solleva, il prima possibile e per piccola che ti sembri, eviterai danni maggiori per agganci in quella stessa zona.<\/p>\n<p>Se un callo si solleva, prima di tutto devi fermare l&#8217;emorragia. Poi, ritaglia la pelle e lima il gradino di pelle generato. Applica la <strong>Climbskin Hand Cream<\/strong> sulla zona interessata e lasciala agire per 20 minuti, poi stendila. Un eccesso di idratazione per questo tipo di ferite \u00e8 controproducente poich\u00e9 ammorbidisce la pelle e rallenta la rigenerazione. Mantieni la ferita all&#8217;aria e, se decidi di continuare a scalare \u2014 probabilmente lo farai \u2014, coprila con diverse giri di una strip sottile di cerotto traspirante, fallo in direzione anteriore verso posteriore, cos\u00ec impiegher\u00e0 pi\u00f9 tempo a muoversi, ma quando lo far\u00e0, cambiala il prima possibile.<\/p>\n<p>Le fessure, crepe o &#8220;smilies&#8221; si verificano normalmente per una mancanza di elasticit\u00e0 nel callo e ripetizione su un stesso bordo. In caso si verifichino, pulisci, taglia, lima al massimo e segui i passi del punto precedente con la crema per ferite.<br \/>\n<strong>Dopo<\/strong>: Uniforma la pelle delle mani al massimo alla fine di ogni sessione (teoria degli strati).<\/p>\n<p>&#8211; Devi limare con cura tutta la pelle sollevata prima di lavarti le mani! Solo dopo lavale, \u00e8 importante non lasciare passare molto tempo se hai una pelle particolarmente secca. Lima le mani ancora con magnesio faciliter\u00e0 l&#8217;eliminazione dei residui dalla lima. Se usi la lima di Climbskin per limarti le mani con un po&#8217; di umidit\u00e0 o grassi, utilizza la carta abrasiva nera (per metallo), cos\u00ec potrai eliminare completamente i residui dalla lima limando su un panno o con una normale spazzola e la lima non subir\u00e0 alcun usura.<\/p>\n<p>Lima ed uniforma le crepe e se hai subito un&#8217;importante usura delle punte, \u00e8 fondamentale limare la pelle attorno alle unghie per favorire una rigenerazione uniforme. Non conviene un eccesso di callo in queste zone, poich\u00e9 favorisce l&#8217;usura della punta.<\/p>\n<p>Lima l&#8217;eccesso di callo sotto le linee di piega in ogni articolazione delle dita, questo impedir\u00e0 che si sollevino i calli o si verifichino pizzicotti su bordi grandi (soprattutto importante quando si inizia a scalare o allenarsi).<\/p>\n<p>Se hai callo che sporge sopra l&#8217;unghia, devi limarlo anche per evitare che tocchi e si agganci in alcune prese.<\/p>\n<p>Con la pelle completamente uniformata, dovrai lavare le mani, eliminando la sporcizia e i resti di magnesio. Asciugale molto bene. Ora \u00e8 il momento della <strong>Climbskin Hand Cream<\/strong>.<\/p>\n<p><strong>Come applicare Climbskin:<\/strong> dopo una doccia con acqua tiepida o calda e senza che le mani si gonfino, sarebbe un momento perfetto.<\/p>\n<p>Dovrai applicarla a strati, stendendola bene. Normalmente 1 o 2 strati saranno sufficienti. Gli strati non devono lasciare quasi residui sulla pelle; se le mani rimangono un po&#8217; grasse, significa che hai usato pi\u00f9 crema del necessario.<\/p>\n<p>Le ferite, crepe o &#8220;smilies&#8221; coprile con la crema per 20 minuti, poi stendila e lasciale all&#8217;aria. Ripeti il processo 3 volte al giorno per accelerare il recupero.<\/p>\n<p>Puoi usare <strong>CLIMBSKIN\u00ae HAND CREAM<\/strong> pi\u00f9 volte al giorno, prima e dopo ogni sessione di scalata, senza alcun problema.<\/p>\n<p>Includi una routine per prenderti cura della pelle delle tue mani, vedrai la grande differenza in poco tempo.<\/p>\n<p>Scala di pi\u00f9! Allena di pi\u00f9! e supera i tuoi limiti con una pelle migliore che mai! Goditi di pi\u00f9 la scalata, scopri Climbskin!<\/p>\n<p>&nbsp;<\/p>\n<p>&#8220;\u00c8 un ottimo prodotto, idrata e ricostruisce la tua pelle. Non \u00e8 come i prodotti a base di cera o oli, puoi usarlo anche prima di scalare, il che \u00e8 una delle cose pi\u00f9 incredibili. Cambier\u00e0 davvero la scalata delle persone. \u00c8 di gran lunga il miglior prodotto sul mercato&#8221; \u2014 <strong>Chris Sharma<\/strong><\/p>\n","protected":false},"excerpt":{"rendered":"<ul>\n<li>Prenditi cura della pelle degli scalatori, favorendo la sua rigenerazione e cicatrizzazione.<\/li>\n<li>Senza additivi artificiali che possano irritare o danneggiare la pelle.<\/li>\n<li>Texture densa e non oleosa che si assorbe rapidamente e non lascia residui.<\/li>\n<li>Rispetta l&#8217;ambiente e gli animali.<\/li>\n<\/ul>\n","protected":false},"featured_media":5702,"comment_status":"open","ping_status":"closed","template":"","meta":[],"product_brand":[],"product_cat":[407,466],"product_tag":[],"class_list":{"0":"post-16663","1":"product","2":"type-product","3":"status-publish","4":"has-post-thumbnail","6":"product_cat-accessori","7":"product_cat-creme-arrampicatori","8":"product_shipping_class-spedizione-economica","10":"first","11":"instock","12":"sale","13":"taxable","14":"shipping-taxable","15":"purchasable","16":"product-type-simple"},"_links":{"self":[{"href":"https:\/\/topholds.com\/it\/wp-json\/wp\/v2\/product\/16663","targetHints":{"allow":["GET"]}}],"collection":[{"href":"https:\/\/topholds.com\/it\/wp-json\/wp\/v2\/product"}],"about":[{"href":"https:\/\/topholds.com\/it\/wp-json\/wp\/v2\/types\/product"}],"replies":[{"embeddable":true,"href":"https:\/\/topholds.com\/it\/wp-json\/wp\/v2\/comments?post=16663"}],"wp:featuredmedia":[{"embeddable":true,"href":"https:\/\/topholds.com\/it\/wp-json\/wp\/v2\/media\/5702"}],"wp:attachment":[{"href":"https:\/\/topholds.com\/it\/wp-json\/wp\/v2\/media?parent=16663"}],"wp:term":[{"taxonomy":"product_brand","embeddable":true,"href":"https:\/\/topholds.com\/it\/wp-json\/wp\/v2\/product_brand?post=16663"},{"taxonomy":"product_cat","embeddable":true,"href":"https:\/\/topholds.com\/it\/wp-json\/wp\/v2\/product_cat?post=16663"},{"taxonomy":"product_tag","embeddable":true,"href":"https:\/\/topholds.com\/it\/wp-json\/wp\/v2\/product_tag?post=16663"}],"curies":[{"name":"wp","href":"https:\/\/api.w.org\/{rel}","templated":true}]}}