{"id":16678,"date":"2017-07-01T19:52:30","date_gmt":"2017-07-01T19:52:30","guid":{"rendered":"https:\/\/topholds.com\/?post_type=product&#038;p=5741\/vite-antifurto-10x80\/"},"modified":"2024-08-26T03:37:01","modified_gmt":"2024-08-26T03:37:01","slug":"vite-antifurto-10x80","status":"publish","type":"product","link":"https:\/\/topholds.com\/it\/offerta\/fissaggi\/ancoraggi-muro\/vite-antifurto-10x80\/","title":{"rendered":"Vite Antifurto 10\u00d780"},"content":{"rendered":"<p>Anclaje met\u00e1lico con posibilidad de hacerlo inviolable una vez apretado poni\u00e9ndole la estrella en la cabeza.<\/p>\n<p>Consultar prezzo per grandi quantit\u00e0.<\/p>\n","protected":false},"excerpt":{"rendered":"<ul>\n<li>Seguro e resistente<\/li>\n<li>Possibilit\u00e0 di renderlo inviolabile.<\/li>\n<\/ul>\n","protected":false},"featured_media":4952,"comment_status":"open","ping_status":"closed","template":"","meta":[],"product_brand":[],"product_cat":[446,405],"product_tag":[],"class_list":{"0":"post-16678","1":"product","2":"type-product","3":"status-publish","4":"has-post-thumbnail","6":"product_cat-ancoraggi-muro","7":"product_cat-fissaggi","9":"first","10":"instock","11":"taxable","12":"shipping-taxable","13":"purchasable","14":"product-type-simple"},"_links":{"self":[{"href":"https:\/\/topholds.com\/it\/wp-json\/wp\/v2\/product\/16678","targetHints":{"allow":["GET"]}}],"collection":[{"href":"https:\/\/topholds.com\/it\/wp-json\/wp\/v2\/product"}],"about":[{"href":"https:\/\/topholds.com\/it\/wp-json\/wp\/v2\/types\/product"}],"replies":[{"embeddable":true,"href":"https:\/\/topholds.com\/it\/wp-json\/wp\/v2\/comments?post=16678"}],"wp:featuredmedia":[{"embeddable":true,"href":"https:\/\/topholds.com\/it\/wp-json\/wp\/v2\/media\/4952"}],"wp:attachment":[{"href":"https:\/\/topholds.com\/it\/wp-json\/wp\/v2\/media?parent=16678"}],"wp:term":[{"taxonomy":"product_brand","embeddable":true,"href":"https:\/\/topholds.com\/it\/wp-json\/wp\/v2\/product_brand?post=16678"},{"taxonomy":"product_cat","embeddable":true,"href":"https:\/\/topholds.com\/it\/wp-json\/wp\/v2\/product_cat?post=16678"},{"taxonomy":"product_tag","embeddable":true,"href":"https:\/\/topholds.com\/it\/wp-json\/wp\/v2\/product_tag?post=16678"}],"curies":[{"name":"wp","href":"https:\/\/api.w.org\/{rel}","templated":true}]}}