{"id":16878,"date":"2019-07-07T16:26:53","date_gmt":"2019-07-07T16:26:53","guid":{"rendered":"https:\/\/topholds.com\/gel-silicio-organico-75ml-climbskin\/"},"modified":"2024-08-26T04:17:47","modified_gmt":"2024-08-26T04:17:47","slug":"gel-silicio-organico-75ml-climbskin","status":"publish","type":"product","link":"https:\/\/topholds.com\/it\/offerta\/accessori\/creme-arrampicatori\/gel-silicio-organico-75ml-climbskin\/","title":{"rendered":"Gel di Silicio Organico 75 ml Climbskin"},"content":{"rendered":"<p>[vc_row][vc_column][vc_column_text]Nuovo GEL che include estratti e oli di massima qualit\u00e0 con propriet\u00e0 antinfiammatorie e analgesiche, combinati con il Silicio Organico in una formula unica e innovativa. Questi ingredienti aiutano durante tutte le fasi del trattamento nella recupero di lesioni muscolari, tendinee e articolari. Specialmente indicati per lesioni sportive, artropatie, contusioni, nonch\u00e9 per velocizzare e ottimizzare il recupero dei tessuti dopo sessioni intensive di arrampicata, allenamento o competizione.<\/p>\n<p><strong>Qual \u00e8 la differenza rispetto ad altri prodotti?<\/strong><\/p>\n<p>La maggior parte dei prodotti sul mercato si concentra unicamente nel trattare le conseguenze di una lesione: il dolore e l&#8217;infiammazione, ma anche se questo \u00e8 necessario e il gel di Silicio Organico lo fa in modo molto efficace, c&#8217;\u00e8 un lavoro pi\u00f9 importante da fare, aiutare a recuperare i tessuti danneggiati o affaticati. La qualit\u00e0 del Silicio Organico e il modo in cui \u00e8 stato incorporato nella formula sono la <strong>CHIAVE<\/strong> in questo processo.<\/p>\n<p>Per uso professionale o personale.<\/p>\n<p><strong>Come usare<\/strong>.<\/p>\n<p>Applicare una piccola quantit\u00e0 nella zona da trattare, mediante un leggero massaggio. Attendere 1 minuto con il gel steso per un effetto ottimale dei suoi principi attivi e continuare il massaggio fino a quasi totale assorbimento.<\/p>\n<p>Ripetere 2-3 volte al giorno.<\/p>\n<p>Evitate il contatto con gli occhi, ferite e mucose. Questo gel \u00e8 per uso topico. Non ingerire.<\/p>\n<p><strong>INGREDIENTI PRINCIPALI<\/strong><\/p>\n<p><strong>+Silicio Organico:<\/strong><\/p>\n<p>Il silicio \u00e8 il secondo elemento chimico pi\u00f9 comune nella crosta terrestre (solo superato dall&#8217;ossigeno), dove si trova sotto forma di silicati, i quali si filtrano naturalmente in piccole quantit\u00e0 come silicato solubile, o \u2018acido silicico\u2019 in fiumi, laghi e sorgenti.<\/p>\n<p>Il diossido di silicio \u00e8, per definizione, inorganico, in quanto si tratta di sabbia; tuttavia, le piante assorbono questi composti di silicio e li trasformano in fitoliti, una forma non cristallina che pu\u00f2 essere assimilata dagli esseri viventi, nota anche come silicio organico. In questo modo, il silicio \u00e8 disponibile in tutti gli esseri viventi, soprattutto nelle <span class=\"goog-text-highlight\">piante.<\/span><\/p>\n<p><strong>Protegge le ossa e le articolazioni<\/strong>: \u00e8 una parte fondamentale nella mineralizzazione delle ossa. La sua presenza \u00e8 essenziale per la sintesi di fibre, come l&#8217;elastina e il collagene, in cui il silicio si trova in grande misura. Mantiene le articolazioni flessibili e evita il deterioramento della cartilagine.<\/p>\n<ul>\n<li><strong>\u00c8 un potente analgesico e cicatrizzante.<\/strong><\/li>\n<li><strong>Protegge contro i radicali liberi e l&#8217;ossidazione cellulare.<\/strong><\/li>\n<li><strong>Gioca un ruolo importante nel metabolismo generale del corpo<\/strong>: \u00e8 implicato nel processo rigenerativo delle cellule ripristinando l&#8217;equilibrio ionico di quelle danneggiate o indebolite e aumenta gli scambi cellulari.<\/li>\n<\/ul>\n<p><strong>+Arnica:<\/strong><\/p>\n<ul>\n<li><strong>Propriet\u00e0:<\/strong> analgesiche, antinfiammatorie e antimicrobiche.<\/li>\n<\/ul>\n<p>L&#8217;arnica ha anche un alto potere rubefacente, il che significa che \u00e8 in grado di stimolare la circolazione sanguigna nella zona in cui viene applicata.<\/p>\n<p><strong>+Eugenia Caryophyllus (Chiodo di garofano):<\/strong><\/p>\n<p>I chiodi di garofano sono utilizzati in India nella <a class=\"mw-redirect\" title=\"Medicina Ayurveda\" href=\"https:\/\/es.wikipedia.org\/wiki\/Medicina_Ayurveda\" target=\"_blank\" rel=\"noopener\">medicina Ayurveda<\/a>, la <a class=\"mw-redirect\" title=\"Medicina tradizionale cinese\" href=\"https:\/\/es.wikipedia.org\/wiki\/Medicina_tradicional_china\" target=\"_blank\" rel=\"noopener\">medicina tradizionale cinese<\/a>, l&#8217;erboristeria occidentale e l&#8217;odontoiatria, dove l&#8217;<a title=\"Aceite esencial\" href=\"https:\/\/es.wikipedia.org\/wiki\/Aceite_esencial\" target=\"_blank\" rel=\"noopener\">olio essenziale<\/a> agisce come calmante (analgesico).<\/p>\n<p><strong>+Symphytum Officinale (Consolida):<\/strong><\/p>\n<ul>\n<li><strong>Propriet\u00e0:<\/strong> rigenerativa cellulare, astringente, demulcente, antinfiammatoria e cicatrizzante.<\/li>\n<\/ul>\n<p><strong>+Camellia Sinensis (T\u00e8 verde):<\/strong><\/p>\n<ul>\n<li><strong>Propriet\u00e0:<\/strong> antiossidanti, anti-infiammatorie e anti-invecchiamento per il suo contenuto di polifenoli.<\/li>\n<\/ul>\n<p><strong>+Helichrysum Stoechas (Semprevivo):<\/strong><\/p>\n<ul>\n<li><strong>Propriet\u00e0:<\/strong> antimicrobiche, antinfiammatorie e antiossidanti.<\/li>\n<\/ul>\n<p><strong>+Canfora:<\/strong><\/p>\n<ul>\n<li><strong>Propriet\u00e0:<\/strong> analgesiche, antiseptiche, antispasmodiche, astringenti, stimolanti della circolazione, sudorifiche, termiche e balsamiche.<\/li>\n<\/ul>\n<p><strong>+Mentolo:<\/strong><\/p>\n<ul>\n<li><strong>Propriet\u00e0:<\/strong> analgesiche, tonificanti, rinfrescanti e antisettiche.<\/li>\n<\/ul>\n<p><strong>+Olio di Ricino:<\/strong><\/p>\n<p><em><span id=\"Aceite_de_ricino_o_aceite_de_castor\">Olio di ricino o olio di castoro?<\/span><\/em><\/p>\n<p>Molte persone credono che sia di origine animale, poich\u00e9 viene spesso chiamato Olio di Castoro, questo \u00e8 un cattivo traduzione dall&#8217;inglese dove si chiama Castor Oil, la parola Castor in quella lingua si riferisce alla pianta di Ricino e non all&#8217;animale che in inglese si chiama Beaver.<\/p>\n<p>Tra i suoi usi medicinali, \u00e8 raccomandato per il trattamento del dolore, poich\u00e9 possiede propriet\u00e0 antibatteriche, antivirali e come fungicida.<\/p>\n<p><strong>Achillea Millefolium (Erba di Achille o Millefoglio):<\/strong><\/p>\n<p><em>La pianta magica<\/em><\/p>\n<p>La millefoglio \u00e8 una di quelle piante utilizzate da secoli in pozioni curative, motivo per cui \u00e8 sempre stata accompagnata da un&#8217;aura di magia e di mistero per le sue eccellenti propriet\u00e0. Originaria del Nord Europa, questa pianta della <a class=\"link_parsed_content\" href=\"https:\/\/www.climbskin.com\/es\/Familia\" target=\"_blank\" rel=\"noopener\">famiglia<\/a> delle Asteracee deve il suo nome scientifico,<em> Achillea millefolium L.<\/em>, all&#8217;eroe greco Achille; secondo la leggenda, la utilizzava per curare le ferite dei suoi soldati (\u00e8 anche nota come \u201cerba dei soldati\u201d).<\/p>\n<div class=\"post-content\">\n<p>A quali principi attivi deve la sua \u201cmagia\u201d?<\/p>\n<p>Il suo olio essenziale contiene:<\/p>\n<ul>\n<li>Chamazuleno e altri azuleni, di attivit\u00e0 anti-infiammatoria<\/li>\n<li>Lattone sesquiterpenica che rinforza l&#8217;azione anti-infiammatoria e antimicrobica<\/li>\n<li>Linalolo, canfora, eucaliptolo, cineolo e cariofillene.<\/li>\n<li>Tannini, di effetto emostatico e cicatrizzante per la sua azione astringente.<\/li>\n<li>Flavonoidi, come l&#8217;apigenina e rutina, con attivit\u00e0 anti-infiammatoria e antispasmodica.<\/li>\n<li>Alcaloidi come l&#8217;aquileina, che contribuisce all&#8217;azione emostatica.<\/li>\n<li>Acido salicilico, di attivit\u00e0 anti-infiammatoria.<\/li>\n<\/ul>\n<p>&nbsp;<\/p>\n<p><strong>INCI<\/strong><\/p>\n<table width=\"303\">\n<tbody>\n<tr>\n<td width=\"236\">AQUA<\/td>\n<\/tr>\n<tr>\n<td width=\"236\">PEG-40 HYDROGENATED CASTOR OIL<\/td>\n<\/tr>\n<tr>\n<td width=\"236\">GLYCERIN<\/td>\n<\/tr>\n<tr>\n<td width=\"236\">METHYLSILANOL MANNURONATE<\/td>\n<\/tr>\n<tr>\n<td width=\"236\">MENTHOL<\/td>\n<\/tr>\n<tr>\n<td width=\"236\">CAMPHOR<\/td>\n<\/tr>\n<tr>\n<td width=\"236\">ALCOHOL DENAT<\/td>\n<\/tr>\n<tr>\n<td width=\"236\">PHENOXYETHANOL<\/td>\n<\/tr>\n<tr>\n<td width=\"236\">CARBOMER<\/td>\n<\/tr>\n<tr>\n<td width=\"236\">BOSWELLIA CARTERII OIL<\/td>\n<\/tr>\n<tr>\n<td width=\"236\">SODIUM HYDROXIDE<\/td>\n<\/tr>\n<tr>\n<td width=\"236\">ACHILLEA MILLEFOLIUM FLOWER EXTRACT<\/td>\n<\/tr>\n<tr>\n<td width=\"236\">ARNICA MONTANA FLOWER EXTRACT<\/td>\n<\/tr>\n<tr>\n<td width=\"236\">EUGENIA CARYOPHYLLUS LEAF OIL<\/td>\n<\/tr>\n<tr>\n<td width=\"236\">SYMPHYTUM OFFICINALE LEAF EXTRACT<\/td>\n<\/tr>\n<tr>\n<td width=\"236\">CAMELLIA SINENSIS LEAF EXTRACT<\/td>\n<\/tr>\n<tr>\n<td width=\"236\">POTASSIUM SORBATE<\/td>\n<\/tr>\n<tr>\n<td width=\"236\">SODIUM BENZOATE<\/td>\n<\/tr>\n<tr>\n<td width=\"236\">HELICHRYSUM STOECHAS FLOWER EXTRACT<\/td>\n<\/tr>\n<tr>\n<td width=\"236\">METHYL SALICYLATE<\/td>\n<\/tr>\n<tr>\n<td width=\"236\">SORBIC ACID<\/td>\n<\/tr>\n<tr>\n<td width=\"236\">EUGENOL<\/td>\n<\/tr>\n<tr>\n<td width=\"236\">LIMONENE<\/td>\n<\/tr>\n<\/tbody>\n<\/table>\n<\/div>\n<p>Garanzie e test<\/p>\n<p>+ Registrato nel <strong>CPNP<\/strong>, portale europeo secondo il nuovo regolamento 1223\/2009.<\/p>\n<p>+ Testato dermatologicamente <strong>NO su animali.<\/strong><\/p>\n<p><strong><em>OpenTest<\/em><\/strong>: 0% irritabilit\u00e0 dermica.<\/p>\n<p><strong><em>Challenge Test<\/em>:<\/strong> Test microbiologico superato con il 100% di efficacia.<\/p>\n<p><strong>+<\/strong> <span lang=\"en\"><strong>100% Vegano<\/strong> <\/span><\/p>\n<p>&nbsp;[\/vc_column_text][\/vc_column][\/vc_row]<\/p>\n","protected":false},"excerpt":{"rendered":"<ul>\n<li>Migliora l&#8217;elasticit\u00e0 della pelle.<\/li>\n<li>Rigenerazione cellulare accelerata.<\/li>\n<li>Idratazione profonda della pelle.<\/li>\n<li>Assorbimento rapido senza lasciare residui.<\/li>\n<li>Rafforzamento delle unghie e dei tessuti.<\/li>\n<\/ul>\n","protected":false},"featured_media":7423,"comment_status":"open","ping_status":"closed","template":"","meta":[],"product_brand":[],"product_cat":[407,466],"product_tag":[],"class_list":{"0":"post-16878","1":"product","2":"type-product","3":"status-publish","4":"has-post-thumbnail","6":"product_cat-accessori","7":"product_cat-creme-arrampicatori","9":"first","10":"instock","11":"sale","12":"taxable","13":"shipping-taxable","14":"purchasable","15":"product-type-simple"},"_links":{"self":[{"href":"https:\/\/topholds.com\/it\/wp-json\/wp\/v2\/product\/16878","targetHints":{"allow":["GET"]}}],"collection":[{"href":"https:\/\/topholds.com\/it\/wp-json\/wp\/v2\/product"}],"about":[{"href":"https:\/\/topholds.com\/it\/wp-json\/wp\/v2\/types\/product"}],"replies":[{"embeddable":true,"href":"https:\/\/topholds.com\/it\/wp-json\/wp\/v2\/comments?post=16878"}],"wp:featuredmedia":[{"embeddable":true,"href":"https:\/\/topholds.com\/it\/wp-json\/wp\/v2\/media\/7423"}],"wp:attachment":[{"href":"https:\/\/topholds.com\/it\/wp-json\/wp\/v2\/media?parent=16878"}],"wp:term":[{"taxonomy":"product_brand","embeddable":true,"href":"https:\/\/topholds.com\/it\/wp-json\/wp\/v2\/product_brand?post=16878"},{"taxonomy":"product_cat","embeddable":true,"href":"https:\/\/topholds.com\/it\/wp-json\/wp\/v2\/product_cat?post=16878"},{"taxonomy":"product_tag","embeddable":true,"href":"https:\/\/topholds.com\/it\/wp-json\/wp\/v2\/product_tag?post=16878"}],"curies":[{"name":"wp","href":"https:\/\/api.w.org\/{rel}","templated":true}]}}