{"id":16923,"date":"2020-03-11T20:20:28","date_gmt":"2020-03-11T20:20:28","guid":{"rendered":"https:\/\/topholds.com\/ball-chain-evolution\/"},"modified":"2026-02-04T06:44:54","modified_gmt":"2026-02-04T06:44:54","slug":"ball-chain-evolution","status":"publish","type":"product","link":"https:\/\/topholds.com\/it\/offerta\/percorso-ostacoli\/allenamenti\/sospensione\/ball-chain-evolution\/","title":{"rendered":"Sospensione OCR Ball Chain Evolution"},"content":{"rendered":"<p><strong>Ball Chain Evolution \u00e8 una palla di allenamento<\/strong> perfetta per effettuare progressioni orizzontali o verticali su catene o piccole anelle. Il suo diametro ridotto si adatta comodamente al palmo della mano, rendendola un elemento ideale per qualsiasi livello di abilit\u00e0.<\/p>\n<p>La nuova gamma Evolution rappresenta un avanzamento in qualit\u00e0 nel mondo dell&#8217;OCR. I prodotti TopHolds sono sempre realizzati con <strong>componenti di prima qualit\u00e0<\/strong>, ma questa nuova famiglia migliora sia l&#8217;estetica che il gancio di fissaggio. Ora realizzato in acciaio temprato di alta resistenza, il gancio \u00e8 molto pi\u00f9 aperto e allungato rispetto alla nostra precedente gamma Chain, consentendo <strong>un lavoro pi\u00f9 efficiente sugli ostacoli<\/strong>.<\/p>\n<p>In questa palla migliorata, \u00e8 stato rimosso il fastidioso cappuccio del vecchio gancio, rendendo l&#8217;acciaio praticamente impercettibile tra le dita. Inoltre, \u00e8 stato tolto il logo dalla parte superiore per arrotondare ulteriormente la palla e garantire un adattamento perfetto nella mano senza ostacoli.<\/p>\n<p><iframe title=\"YouTube video player\" src=\"https:\/\/www.youtube.com\/embed\/n2_DwBUEgdU\" width=\"560\" height=\"315\" frameborder=\"0\" allowfullscreen=\"allowfullscreen\"><\/iframe><\/p>\n<p>La riconosciuta texture TopHolds, aderente e morbida al tatto, evita scivolamenti e ti <strong>permette di lavorare sulla resistenza per lunghi periodi di tempo<\/strong>.<\/p>\n<p>Questa <em>palla di allenamento \u00e8 un&#8217;ottima risorsa per migliorare in arrampicata<\/em>, OCR e Crossfit. Il suo design leggero la rende perfetta da portare ovunque e allenarsi in qualsiasi momento.<\/p>\n<p>Non ci sono scuse per non aggiungere un po&#8217; di sfida alla tua routine quotidiana.<\/p>\n<p>Tieni presente che i colori mostrati nell&#8217;immagine potrebbero variare. Se desideri un colore specifico, non esitare a contattarci.<\/p>\n","protected":false},"excerpt":{"rendered":"<ul>\n<li>Ideale per progressioni orizzontali e verticali su catene o piccole anelle.<\/li>\n<li>Ideale per migliorare le abilit\u00e0 nell&#8217;arrampicata, OCR, Crossfit e altri sport che richiedono presa e resistenza.<\/li>\n<li>Testura aderente e morbida, evita scivolamenti e consente di allenarsi per periodi di tempo pi\u00f9 lunghi.<\/li>\n<li>Portalo facilmente ovunque per allenamenti in qualsiasi momento.<\/li>\n<\/ul>\n","protected":false},"featured_media":12509,"comment_status":"open","ping_status":"closed","template":"","meta":[],"product_brand":[],"product_cat":[474,409,475],"product_tag":[],"class_list":{"0":"post-16923","1":"product","2":"type-product","3":"status-publish","4":"has-post-thumbnail","6":"product_cat-allenamenti","7":"product_cat-percorso-ostacoli","8":"product_cat-sospensione","10":"first","11":"instock","12":"sale","13":"taxable","14":"shipping-taxable","15":"purchasable","16":"product-type-simple"},"_links":{"self":[{"href":"https:\/\/topholds.com\/it\/wp-json\/wp\/v2\/product\/16923","targetHints":{"allow":["GET"]}}],"collection":[{"href":"https:\/\/topholds.com\/it\/wp-json\/wp\/v2\/product"}],"about":[{"href":"https:\/\/topholds.com\/it\/wp-json\/wp\/v2\/types\/product"}],"replies":[{"embeddable":true,"href":"https:\/\/topholds.com\/it\/wp-json\/wp\/v2\/comments?post=16923"}],"wp:featuredmedia":[{"embeddable":true,"href":"https:\/\/topholds.com\/it\/wp-json\/wp\/v2\/media\/12509"}],"wp:attachment":[{"href":"https:\/\/topholds.com\/it\/wp-json\/wp\/v2\/media?parent=16923"}],"wp:term":[{"taxonomy":"product_brand","embeddable":true,"href":"https:\/\/topholds.com\/it\/wp-json\/wp\/v2\/product_brand?post=16923"},{"taxonomy":"product_cat","embeddable":true,"href":"https:\/\/topholds.com\/it\/wp-json\/wp\/v2\/product_cat?post=16923"},{"taxonomy":"product_tag","embeddable":true,"href":"https:\/\/topholds.com\/it\/wp-json\/wp\/v2\/product_tag?post=16923"}],"curies":[{"name":"wp","href":"https:\/\/api.w.org\/{rel}","templated":true}]}}