{"id":16963,"date":"2020-07-05T19:14:14","date_gmt":"2020-07-05T19:14:14","guid":{"rendered":"https:\/\/topholds.com\/maglietta-ocr-topholds\/"},"modified":"2024-08-26T04:28:26","modified_gmt":"2024-08-26T04:28:26","slug":"maglietta-ocr-topholds","status":"publish","type":"product","link":"https:\/\/topholds.com\/it\/offerta\/percorso-ostacoli\/abbigliamento\/magliette\/maglietta-ocr-topholds\/","title":{"rendered":"Maglietta OCR TopHolds"},"content":{"rendered":"<p>Goditi il massimo comfort e una perfetta traspirabilit\u00e0 con la <strong>maglietta OCR TopHolds<\/strong>, realizzata in tessuto di poliestere microforato da 140g\/m2. Grazie alle sue microforature, consente una <strong>eccellente circolazione dell&#8217;aria<\/strong>, mantenendo la tua pelle fresca e ventilata in ogni momento.<\/p>\n<p>Inoltre, la sua composizione in poliestere di alta qualit\u00e0 <strong>mantiene la secchezza anche durante le attivit\u00e0 pi\u00f9 intense<\/strong>. Questa <em>maglietta OCR<\/em> ti permetter\u00e0 di concentrarti su ci\u00f2 che conta davvero: continuare ad avanzare e raggiungere i tuoi obiettivi.<\/p>\n<p><strong>indicazioni sulle misure<\/strong><\/p>\n<p><a href=\"https:\/\/topholds.com\/wp-content\/uploads\/2020\/07\/medidas-camisetas.jpg\"><img fetchpriority=\"high\" decoding=\"async\" class=\"alignnone size-medium wp-image-9181\" src=\"https:\/\/topholds.com\/wp-content\/uploads\/2020\/07\/medidas-camisetas-277x300.jpg\" alt=\"misure magliette\" width=\"277\" height=\"300\" \/><\/a><\/p>\n<p><em>Potrebbe succedere che il capo non corrisponda esattamente a queste misure a causa delle tolleranze di misura consentite.<\/em><\/p>\n","protected":false},"excerpt":{"rendered":"<ul>\n<li>Tessuto in poliestere microforato.<\/li>\n<li>Ottima ventilazione e freschezza.<\/li>\n<li>Mantiene la pelle asciutta.<\/li>\n<li>Ideale per attivit\u00e0 ad alta intensit\u00e0.<\/li>\n<\/ul>\n","protected":false},"featured_media":20054,"comment_status":"open","ping_status":"closed","template":"","meta":[],"product_brand":[],"product_cat":[472,477,409],"product_tag":[],"class_list":{"0":"post-16963","1":"product","2":"type-product","3":"status-publish","4":"has-post-thumbnail","6":"product_cat-abbigliamento","7":"product_cat-magliette","8":"product_cat-percorso-ostacoli","9":"product_shipping_class-spedizione-economica","11":"first","12":"instock","13":"taxable","14":"shipping-taxable","15":"purchasable","16":"product-type-variable"},"_links":{"self":[{"href":"https:\/\/topholds.com\/it\/wp-json\/wp\/v2\/product\/16963","targetHints":{"allow":["GET"]}}],"collection":[{"href":"https:\/\/topholds.com\/it\/wp-json\/wp\/v2\/product"}],"about":[{"href":"https:\/\/topholds.com\/it\/wp-json\/wp\/v2\/types\/product"}],"replies":[{"embeddable":true,"href":"https:\/\/topholds.com\/it\/wp-json\/wp\/v2\/comments?post=16963"}],"wp:featuredmedia":[{"embeddable":true,"href":"https:\/\/topholds.com\/it\/wp-json\/wp\/v2\/media\/20054"}],"wp:attachment":[{"href":"https:\/\/topholds.com\/it\/wp-json\/wp\/v2\/media?parent=16963"}],"wp:term":[{"taxonomy":"product_brand","embeddable":true,"href":"https:\/\/topholds.com\/it\/wp-json\/wp\/v2\/product_brand?post=16963"},{"taxonomy":"product_cat","embeddable":true,"href":"https:\/\/topholds.com\/it\/wp-json\/wp\/v2\/product_cat?post=16963"},{"taxonomy":"product_tag","embeddable":true,"href":"https:\/\/topholds.com\/it\/wp-json\/wp\/v2\/product_tag?post=16963"}],"curies":[{"name":"wp","href":"https:\/\/api.w.org\/{rel}","templated":true}]}}