{"id":17008,"date":"2021-04-16T11:49:28","date_gmt":"2021-04-16T11:49:28","guid":{"rendered":"https:\/\/topholds.com\/cross-chain-evolution\/"},"modified":"2026-02-12T09:28:10","modified_gmt":"2026-02-12T09:28:10","slug":"cross-chain-evolution","status":"publish","type":"product","link":"https:\/\/topholds.com\/it\/offerta\/percorso-ostacoli\/allenamenti\/sospensione\/cross-chain-evolution\/","title":{"rendered":"Sospensione OCR Cross Chain Evolution"},"content":{"rendered":"<p>La <strong>sospensione di OCR Cross Chain Evolution<\/strong> \u00e8 un cilindro con gancio progettato per <strong>progressioni orizzontali o verticali<\/strong> su catene o piccoli anelli.<\/p>\n<p>La sua dimensione \u00e8 regolabile alla palma della mano, rendendolo facile da usare per qualsiasi livello di allenamento.<\/p>\n<p>La nuova gamma Evolution di TopHolds offre un miglioramento nella qualit\u00e0 delle <em>sospensioni OCR<\/em>. I prodotti sono realizzati con <strong>componenti di alta qualit\u00e0<\/strong> e l&#8217;estetica \u00e8 stata potenziata.<\/p>\n<p>Il gancio di fissaggio \u00e8 stato migliorato ed \u00e8 ora realizzato in acciaio temprato ad alta resistenza, il che consente di lavorare in modo pi\u00f9 efficiente sugli ostacoli.<\/p>\n<p>Nel nuovo <strong>Cross Chain Evolution<\/strong>, \u00e8 stato rimosso l&#8217;ingombrante manicotto del vecchio gancio per una <strong>maggiore comodit\u00e0 nella presa<\/strong>.<\/p>\n<p>La parte inferiore del cilindro \u00e8 stata arrotondata per un perfetto adattamento alla mano ed \u00e8 stata rinforzata con acciaio per evitare rotture in caso di cattive prese laterali.<\/p>\n<p><iframe title=\"YouTube video player\" src=\"https:\/\/www.youtube.com\/embed\/n2_DwBUEgdU\" width=\"560\" height=\"315\" frameborder=\"0\" allowfullscreen=\"allowfullscreen\"><\/iframe><\/p>\n<p>Ha una <strong>texture molto aderente e morbida per le mani<\/strong>, che evita scivolamenti e ti permette di lavorare sulla resistenza per lungo tempo. \u00c8 il complemento perfetto per i tuoi <strong>allenamenti di arrampicata, OCR e Crossfit<\/strong>.<\/p>\n<p>Molto leggeri, ideali da portare ai nostri allenamenti ovunque.<\/p>\n<p>I colori potrebbero non essere quelli della foto, contattaci se desideri uno speciale.<\/p>\n","protected":false},"excerpt":{"rendered":"<ul>\n<li>Cilindro con gancio per progresioni in catene o piccoli anelli<\/li>\n<li>Dimensione regolabile per qualsiasi livello di allenamento<\/li>\n<li>Gancio di fissaggio realizzato in acciaio temprato ad alta resistenza<\/li>\n<li>Texture aderente e morbida per lavorare sulla resistenza<\/li>\n<\/ul>\n","protected":false},"featured_media":20297,"comment_status":"open","ping_status":"closed","template":"","meta":[],"product_brand":[],"product_cat":[474,409,475],"product_tag":[],"class_list":{"0":"post-17008","1":"product","2":"type-product","3":"status-publish","4":"has-post-thumbnail","6":"product_cat-allenamenti","7":"product_cat-percorso-ostacoli","8":"product_cat-sospensione","10":"first","11":"instock","12":"sale","13":"taxable","14":"shipping-taxable","15":"purchasable","16":"product-type-simple"},"_links":{"self":[{"href":"https:\/\/topholds.com\/it\/wp-json\/wp\/v2\/product\/17008","targetHints":{"allow":["GET"]}}],"collection":[{"href":"https:\/\/topholds.com\/it\/wp-json\/wp\/v2\/product"}],"about":[{"href":"https:\/\/topholds.com\/it\/wp-json\/wp\/v2\/types\/product"}],"replies":[{"embeddable":true,"href":"https:\/\/topholds.com\/it\/wp-json\/wp\/v2\/comments?post=17008"}],"wp:featuredmedia":[{"embeddable":true,"href":"https:\/\/topholds.com\/it\/wp-json\/wp\/v2\/media\/20297"}],"wp:attachment":[{"href":"https:\/\/topholds.com\/it\/wp-json\/wp\/v2\/media?parent=17008"}],"wp:term":[{"taxonomy":"product_brand","embeddable":true,"href":"https:\/\/topholds.com\/it\/wp-json\/wp\/v2\/product_brand?post=17008"},{"taxonomy":"product_cat","embeddable":true,"href":"https:\/\/topholds.com\/it\/wp-json\/wp\/v2\/product_cat?post=17008"},{"taxonomy":"product_tag","embeddable":true,"href":"https:\/\/topholds.com\/it\/wp-json\/wp\/v2\/product_tag?post=17008"}],"curies":[{"name":"wp","href":"https:\/\/api.w.org\/{rel}","templated":true}]}}