{"id":17118,"date":"2021-10-11T17:15:40","date_gmt":"2021-10-11T17:15:40","guid":{"rendered":"https:\/\/topholds.com\/pacchetto-prese-arrampicata-psicomotricita\/"},"modified":"2024-08-26T04:48:26","modified_gmt":"2024-08-26T04:48:26","slug":"pacchetto-prese-arrampicata-psicomotricita","status":"publish","type":"product","link":"https:\/\/topholds.com\/it\/offerta\/prese-arrampicata\/bambini\/pacchetto-prese-arrampicata-psicomotricita\/","title":{"rendered":"Pacchetto Prese da arrampicata Psicomotricit\u00e0"},"content":{"rendered":"<p><strong>Il Pack Psicomotricit\u00e0 \u00e8 un insieme di 85 prese per arrampicata infantili dai colori<\/strong> e forme divertenti, progettate per far divertire i bambini e i principianti durante l&#8217;arrampicata.<\/p>\n<p>Le <strong>prese sono morbide al tatto e facili da afferrare e per appoggiare il piede<\/strong>. Alcune prese hanno aperture per inserire aste, tubi o galleggianti e creare giochi e ostacoli che <strong>stimolano la creativit\u00e0<\/strong>, la risoluzione di problemi e il coordinamento motorio.<\/p>\n<p>I lotti che compongono questo pacco includono: 1 Tiky, 2 Haku, 1 Niko, 1 Tubis, 1 Tubis Dog, 1 Tubis Frog, 1 Tubis Ball, 1 Tubis Rabbit, 1 Tubis Duck, 5 Tubis Basic, Bubble MP10, Bubble S10, Prehistoric M, Soft 1, Lunas S15 e S1.<\/p>\n<p>Queste prese possono essere installate su diverse superfici con i giusti ancoraggi (consultare secondo il caso).<\/p>\n<p>Gli ancoraggi raccomandati per <strong>installarle su un pannello fino a 19 mm<\/strong> sarebbero 78 viti a brugola M10x40, 78 dadi a ragno M10 e vari tasselli (si potrebbero anche utilizzare viti e dadi M8). Se desideri installarle su un&#8217;altra superficie come mattone, cemento o pietra, contattaci per ricevere raccomandazioni specifiche.<\/p>\n<p>I colori potrebbero non corrispondere a quelli della foto, ma saranno sempre il pi\u00f9 vari possibile in tonalit\u00e0.<\/p>\n","protected":false},"excerpt":{"rendered":"<ul>\n<li>Composto da 85 pezzi, ideali per bambini e principianti.<\/li>\n<li>Morbidit\u00e0 della texture cos\u00ec come la facilit\u00e0 di presa per i bambini.<\/li>\n<li>Ideali per creare circuiti di psicomotricit\u00e0.<\/li>\n<li>Stimola lo sviluppo fisico, mentale ed emotivo dei piccoli attraverso la scalata.<\/li>\n<\/ul>\n","protected":false},"featured_media":20722,"comment_status":"open","ping_status":"closed","template":"","meta":[],"product_brand":[],"product_cat":[437],"product_tag":[],"class_list":{"0":"post-17118","1":"product","2":"type-product","3":"status-publish","4":"has-post-thumbnail","6":"product_cat-bambini","8":"first","9":"instock","10":"sale","11":"taxable","12":"shipping-taxable","13":"purchasable","14":"product-type-simple"},"_links":{"self":[{"href":"https:\/\/topholds.com\/it\/wp-json\/wp\/v2\/product\/17118","targetHints":{"allow":["GET"]}}],"collection":[{"href":"https:\/\/topholds.com\/it\/wp-json\/wp\/v2\/product"}],"about":[{"href":"https:\/\/topholds.com\/it\/wp-json\/wp\/v2\/types\/product"}],"replies":[{"embeddable":true,"href":"https:\/\/topholds.com\/it\/wp-json\/wp\/v2\/comments?post=17118"}],"wp:featuredmedia":[{"embeddable":true,"href":"https:\/\/topholds.com\/it\/wp-json\/wp\/v2\/media\/20722"}],"wp:attachment":[{"href":"https:\/\/topholds.com\/it\/wp-json\/wp\/v2\/media?parent=17118"}],"wp:term":[{"taxonomy":"product_brand","embeddable":true,"href":"https:\/\/topholds.com\/it\/wp-json\/wp\/v2\/product_brand?post=17118"},{"taxonomy":"product_cat","embeddable":true,"href":"https:\/\/topholds.com\/it\/wp-json\/wp\/v2\/product_cat?post=17118"},{"taxonomy":"product_tag","embeddable":true,"href":"https:\/\/topholds.com\/it\/wp-json\/wp\/v2\/product_tag?post=17118"}],"curies":[{"name":"wp","href":"https:\/\/api.w.org\/{rel}","templated":true}]}}