{"id":17158,"date":"2021-11-21T18:48:11","date_gmt":"2021-11-21T18:48:11","guid":{"rendered":"https:\/\/topholds.com\/top-jump\/"},"modified":"2024-12-12T15:01:21","modified_gmt":"2024-12-12T15:01:21","slug":"top-jump","status":"publish","type":"product","link":"https:\/\/topholds.com\/it\/offerta\/percorso-ostacoli\/allenamenti\/sospensione\/top-jump\/","title":{"rendered":"Sospensione OCR Top Jump"},"content":{"rendered":"<p><strong>Top Jump \u00e8 un elemento per sospensioni e trazioni<\/strong> che ti permetter\u00e0 di portare i tuoi allenamenti al livello successivo. Progettato per offrire emozione e sfida, questo pezzo \u00e8 perfetto per coloro che cercano qualcosa di pi\u00f9.<\/p>\n<p>Oltre al suo uso convenzionale, la <strong>sospensione OCR Top Jump<\/strong> \u00e8 stata progettata per effettuare movimenti pendolari o lanci tra una sospensione e l&#8217;altra, fornendo un allenamento pi\u00f9 dinamico e intenso.<\/p>\n<p>La sua parte inferiore conica evita che scivoli e facilita la presa per i principianti nella sospensione. Inoltre, la sua texture morbida ma aderente la rende uno strumento ideale per <strong>allenamenti di OCR, arrampicata, calistenia e CrossFit<\/strong>.<\/p>\n<p>La <em>sospensione OCR Top Jump<\/em> ha un diametro leggermente superiore al nostro Nunchaku originale, anche se la sua lunghezza \u00e8 molto maggiore.<\/p>\n<p>Con il suo leggero peso, il Top Jump \u00e8 facile da portare con te ovunque e pu\u00f2 essere <strong>appeso a qualsiasi ramo, barra per trazioni<\/strong>, ecc. in pochi secondi con un nodo di alondra.<\/p>\n<p>Osate superare i vostri limiti con Top Jump!<\/p>\n<p>Ricorda che i colori possono variare, quindi se desideri uno speciale, contattaci.<\/p>\n","protected":false},"excerpt":{"rendered":"<ul>\n<li>Fornisce un allenamento pi\u00f9 dinamico e intenso con movimenti pendolari e lanci.<\/li>\n<li>La parte inferiore conica evita scivolamenti e facilita la presa per i principianti nella sospensione.<\/li>\n<li>Texture morbida ma aderente, ideale per allenamenti di OCR, arrampicata, calistenia e CrossFit.<\/li>\n<li>Leggero e facile da trasportare ovunque.<\/li>\n<\/ul>\n","protected":false},"featured_media":20897,"comment_status":"open","ping_status":"closed","template":"","meta":[],"product_brand":[],"product_cat":[474,409,475],"product_tag":[],"class_list":{"0":"post-17158","1":"product","2":"type-product","3":"status-publish","4":"has-post-thumbnail","6":"product_cat-allenamenti","7":"product_cat-percorso-ostacoli","8":"product_cat-sospensione","10":"first","11":"instock","12":"sale","13":"taxable","14":"shipping-taxable","15":"purchasable","16":"product-type-simple"},"_links":{"self":[{"href":"https:\/\/topholds.com\/it\/wp-json\/wp\/v2\/product\/17158","targetHints":{"allow":["GET"]}}],"collection":[{"href":"https:\/\/topholds.com\/it\/wp-json\/wp\/v2\/product"}],"about":[{"href":"https:\/\/topholds.com\/it\/wp-json\/wp\/v2\/types\/product"}],"replies":[{"embeddable":true,"href":"https:\/\/topholds.com\/it\/wp-json\/wp\/v2\/comments?post=17158"}],"wp:featuredmedia":[{"embeddable":true,"href":"https:\/\/topholds.com\/it\/wp-json\/wp\/v2\/media\/20897"}],"wp:attachment":[{"href":"https:\/\/topholds.com\/it\/wp-json\/wp\/v2\/media?parent=17158"}],"wp:term":[{"taxonomy":"product_brand","embeddable":true,"href":"https:\/\/topholds.com\/it\/wp-json\/wp\/v2\/product_brand?post=17158"},{"taxonomy":"product_cat","embeddable":true,"href":"https:\/\/topholds.com\/it\/wp-json\/wp\/v2\/product_cat?post=17158"},{"taxonomy":"product_tag","embeddable":true,"href":"https:\/\/topholds.com\/it\/wp-json\/wp\/v2\/product_tag?post=17158"}],"curies":[{"name":"wp","href":"https:\/\/api.w.org\/{rel}","templated":true}]}}