{"id":17198,"date":"2022-08-05T12:40:10","date_gmt":"2022-08-05T12:40:10","guid":{"rendered":"https:\/\/topholds.com\/tree\/"},"modified":"2024-08-26T04:58:34","modified_gmt":"2024-08-26T04:58:34","slug":"tree","status":"publish","type":"product","link":"https:\/\/topholds.com\/it\/offerta\/prese-arrampicata\/bambini\/tree\/","title":{"rendered":"Prese da arrampicata per Bambini Tree"},"content":{"rendered":"<p>\u00a1Esplora nuovi sfide di arrampicata con la <strong>presa di arrampicata Tree<\/strong>!<\/p>\n<p>Questo <strong>set di 8 prese di arrampicata per bambini<\/strong> con texture sabbiosa morbida \u00e8 perfetto per bambini di tutte le et\u00e0. Il suo design \u00e8 stato accuratamente pensato per adattarsi alle mani pi\u00f9 piccole e grandi, fornendo un ottimo supporto per i piedi durante la salita.<\/p>\n<p>Le <em>presi Tree<\/em> offrono una texture sabbiosa morbida, che offre <strong>un&#8217;esperienza di arrampicata unica e stimolante<\/strong>. La presa Tree rappresenta un&#8217;opportunit\u00e0 emozionante per i bambini di <strong>migliorare le loro abilit\u00e0 di arrampicata e la loro fiducia<\/strong>.<\/p>\n<p>Sebbene i colori possano variare leggermente rispetto alla foto, puoi farci sapere nelle note del tuo ordine se desideri un colore specifico o contattarci per personalizzare il tuo ordine.<\/p>\n<p>Per l&#8217;installazione delle prese, si consiglia di utilizzare viti M10x40 o M8x40.<\/p>\n","protected":false},"excerpt":{"rendered":"<ul>\n<li>Set di 8 prese con texture sabbiosa morbida.<\/li>\n<li>Il design della presa Tree si adatta a mani pi\u00f9 piccole e pi\u00f9 grandi.<\/li>\n<li>Aiuta i bambini a migliorare le loro abilit\u00e0 di arrampicata.<\/li>\n<\/ul>\n","protected":false},"featured_media":21002,"comment_status":"open","ping_status":"closed","template":"","meta":[],"product_brand":[],"product_cat":[404,437],"product_tag":[],"class_list":{"0":"post-17198","1":"product","2":"type-product","3":"status-publish","4":"has-post-thumbnail","6":"product_cat-prese-arrampicata","7":"product_cat-bambini","9":"first","10":"instock","11":"taxable","12":"shipping-taxable","13":"purchasable","14":"product-type-simple"},"_links":{"self":[{"href":"https:\/\/topholds.com\/it\/wp-json\/wp\/v2\/product\/17198","targetHints":{"allow":["GET"]}}],"collection":[{"href":"https:\/\/topholds.com\/it\/wp-json\/wp\/v2\/product"}],"about":[{"href":"https:\/\/topholds.com\/it\/wp-json\/wp\/v2\/types\/product"}],"replies":[{"embeddable":true,"href":"https:\/\/topholds.com\/it\/wp-json\/wp\/v2\/comments?post=17198"}],"wp:featuredmedia":[{"embeddable":true,"href":"https:\/\/topholds.com\/it\/wp-json\/wp\/v2\/media\/21002"}],"wp:attachment":[{"href":"https:\/\/topholds.com\/it\/wp-json\/wp\/v2\/media?parent=17198"}],"wp:term":[{"taxonomy":"product_brand","embeddable":true,"href":"https:\/\/topholds.com\/it\/wp-json\/wp\/v2\/product_brand?post=17198"},{"taxonomy":"product_cat","embeddable":true,"href":"https:\/\/topholds.com\/it\/wp-json\/wp\/v2\/product_cat?post=17198"},{"taxonomy":"product_tag","embeddable":true,"href":"https:\/\/topholds.com\/it\/wp-json\/wp\/v2\/product_tag?post=17198"}],"curies":[{"name":"wp","href":"https:\/\/api.w.org\/{rel}","templated":true}]}}