{"id":17256,"date":"2022-12-24T17:43:21","date_gmt":"2022-12-24T17:43:21","guid":{"rendered":"https:\/\/topholds.com\/yaguer-chain-evolution\/"},"modified":"2026-01-09T05:39:20","modified_gmt":"2026-01-09T05:39:20","slug":"yaguer-chain-evolution","status":"publish","type":"product","link":"https:\/\/topholds.com\/it\/offerta\/percorso-ostacoli\/allenamenti\/sospensione\/yaguer-chain-evolution\/","title":{"rendered":"Sospensione OCR Yaguer Chain Evolution"},"content":{"rendered":"<p><strong>La sospensione OCR Yaguer Chain Evolution<\/strong> \u00e8 l&#8217;impugnatura perfetta per progressioni orizzontali o verticali su catene o piccole anelle. Il suo gancio e la forma ovale lo rendono <strong>ideale per qualsiasi livello di allenamento in OCR<\/strong>.<\/p>\n<p>La nuova gamma Evolution <strong>rappresenta un salto di qualit\u00e0 nel mondo dell&#8217;OCR<\/strong>. Realizzati sempre con componenti di prima qualit\u00e0, i prodotti TopHolds migliorano in questa nuova famiglia non solo nell&#8217;estetica, ma anche nel gancio di fissaggio. Ora realizzato in acciaio temperato ad alta resistenza, il suo gancio \u00e8 molto pi\u00f9 aperto e allungato rispetto alla vecchia gamma Chain, permettendoci di affrontare gli ostacoli in modo molto pi\u00f9 efficiente.<\/p>\n<p>La forma del Yaguer Chain Evolution <strong>si adatta perfettamente alla posizione naturale della mano<\/strong>, rendendolo un elemento comodo e facile da usare. Inoltre, la sua alta resistenza assicura che tu possa utilizzarlo per lungo tempo senza preoccuparti della sua durabilit\u00e0. Aggiungi il Yaguer Chain Evolution al tuo allenamento e porta le tue abilit\u00e0 al livello successivo!<\/p>\n<p>La texture di TopHolds, gi\u00e0 conosciuta da tutti, molto aderente e morbida per le mani, eviter\u00e0 che scivoli via dalla mano, consentendo di lavorare a lungo sulla resistenza.<\/p>\n<p>Molto leggeri, ideali per portarli ai nostri allenamenti in qualsiasi luogo.<\/p>\n<p>Non ci sono pi\u00f9 scuse per un po&#8217; di sofferenza al giorno.<\/p>\n<p>I colori potrebbero non corrispondere a quelli della foto (consultaci se desideri uno speciale).<\/p>\n<p><iframe title=\"YouTube video player\" src=\"https:\/\/www.youtube.com\/embed\/n2_DwBUEgdU\" width=\"560\" height=\"315\" frameborder=\"0\" allowfullscreen=\"allowfullscreen\"><\/iframe><\/p>\n","protected":false},"excerpt":{"rendered":"<ul>\n<li>Aderenza perfetta per progressioni orizzontali o verticali<\/li>\n<li>Si adatta perfettamente alla posizione naturale della mano<\/li>\n<li>Alta resistenza e durata<\/li>\n<li>Leggeri e portatili da portare ovunque<\/li>\n<\/ul>\n","protected":false},"featured_media":12506,"comment_status":"open","ping_status":"closed","template":"","meta":[],"product_brand":[],"product_cat":[474,409,475],"product_tag":[],"class_list":{"0":"post-17256","1":"product","2":"type-product","3":"status-publish","4":"has-post-thumbnail","6":"product_cat-allenamenti","7":"product_cat-percorso-ostacoli","8":"product_cat-sospensione","10":"first","11":"instock","12":"sale","13":"taxable","14":"shipping-taxable","15":"purchasable","16":"product-type-simple"},"_links":{"self":[{"href":"https:\/\/topholds.com\/it\/wp-json\/wp\/v2\/product\/17256","targetHints":{"allow":["GET"]}}],"collection":[{"href":"https:\/\/topholds.com\/it\/wp-json\/wp\/v2\/product"}],"about":[{"href":"https:\/\/topholds.com\/it\/wp-json\/wp\/v2\/types\/product"}],"replies":[{"embeddable":true,"href":"https:\/\/topholds.com\/it\/wp-json\/wp\/v2\/comments?post=17256"}],"wp:featuredmedia":[{"embeddable":true,"href":"https:\/\/topholds.com\/it\/wp-json\/wp\/v2\/media\/12506"}],"wp:attachment":[{"href":"https:\/\/topholds.com\/it\/wp-json\/wp\/v2\/media?parent=17256"}],"wp:term":[{"taxonomy":"product_brand","embeddable":true,"href":"https:\/\/topholds.com\/it\/wp-json\/wp\/v2\/product_brand?post=17256"},{"taxonomy":"product_cat","embeddable":true,"href":"https:\/\/topholds.com\/it\/wp-json\/wp\/v2\/product_cat?post=17256"},{"taxonomy":"product_tag","embeddable":true,"href":"https:\/\/topholds.com\/it\/wp-json\/wp\/v2\/product_tag?post=17256"}],"curies":[{"name":"wp","href":"https:\/\/api.w.org\/{rel}","templated":true}]}}