{"id":21990,"date":"2025-03-07T16:38:57","date_gmt":"2025-03-07T16:38:57","guid":{"rendered":"https:\/\/topholds.com\/?post_type=product&#038;p=21990"},"modified":"2026-03-06T05:47:33","modified_gmt":"2026-03-06T05:47:33","slug":"low-grips","status":"publish","type":"product","link":"https:\/\/topholds.com\/it\/offerta\/percorso-ostacoli\/allenamenti\/sospensione\/low-grips\/","title":{"rendered":"Sospensione OCR Prese basse"},"content":{"rendered":"<p><strong>Low Grips<\/strong> \u00e8 un elemento di <strong>Sospensione OCR<\/strong> molto esigente progettato per allenare le prese a pinza.<\/p>\n<p>La presa si realizza dall&#8217;inferiore verso l&#8217;alto, rimanendo sospesa unicamente per l&#8217;opposizione del pollice al resto delle dita, che avranno il punto di appoggio principale nella parte superiore del cilindro.<\/p>\n<p>Questo \u00e8 destinato all&#8217;allenamento della forza in statico su due prese a causa della sua complessit\u00e0, ma siamo certi che presto vedremo atleti eseguire passi dinamici e combo.<\/p>\n<p>L&#8217;obiettivo di questa presa \u00e8 offrire ai nostri allenamenti di Prese da arrampicata e OCR una delle prese pi\u00f9 complesse che esistono e continuare a contribuire a migliorare la forza delle nostre dita grazie alla qualit\u00e0 e versatilit\u00e0 dei nostri pezzi.<\/p>\n<p>&nbsp;<\/p>\n<p>I colori del Low Grips possono variare rispetto alla foto. Se vuoi scegliere un colore specifico, contattaci.<\/p>\n<p>Questa versatile Sospensione OCR si pu\u00f2 appendere facilmente a una barra per trazioni, al parco o su un ramo, permettendo di eseguire una ampia variet\u00e0 di esercizi ovunque.<\/p>\n<p>\u00c8 <strong>una presa eccezionale per migliorare la tua forza e resistenza nell&#8217;arrampicata<\/strong>, OCR, calistenia, sfide ninja e Crossfit. Hai il coraggio di provarlo?<\/p>\n<p>&nbsp;<\/p>\n","protected":false},"excerpt":{"rendered":"<ul>\n<li>Sospensione OCR molto impegnativa, progettata per allenare le prese a pinza.<\/li>\n<li>Migliora la forza delle dita.<\/li>\n<li>Texture morbida ma molto aderente.<\/li>\n<li>Uno strumento brutale per i nostri allenamenti di arrampicata, OCR, Calistenia, sfide ninja e Crossfit.<\/li>\n<\/ul>\n","protected":false},"featured_media":22012,"comment_status":"open","ping_status":"closed","template":"","meta":[],"product_brand":[],"product_cat":[474,409,475],"product_tag":[],"class_list":{"0":"post-21990","1":"product","2":"type-product","3":"status-publish","4":"has-post-thumbnail","6":"product_cat-allenamenti","7":"product_cat-percorso-ostacoli","8":"product_cat-sospensione","10":"first","11":"instock","12":"featured","13":"taxable","14":"shipping-taxable","15":"purchasable","16":"product-type-simple"},"_links":{"self":[{"href":"https:\/\/topholds.com\/it\/wp-json\/wp\/v2\/product\/21990","targetHints":{"allow":["GET"]}}],"collection":[{"href":"https:\/\/topholds.com\/it\/wp-json\/wp\/v2\/product"}],"about":[{"href":"https:\/\/topholds.com\/it\/wp-json\/wp\/v2\/types\/product"}],"replies":[{"embeddable":true,"href":"https:\/\/topholds.com\/it\/wp-json\/wp\/v2\/comments?post=21990"}],"wp:featuredmedia":[{"embeddable":true,"href":"https:\/\/topholds.com\/it\/wp-json\/wp\/v2\/media\/22012"}],"wp:attachment":[{"href":"https:\/\/topholds.com\/it\/wp-json\/wp\/v2\/media?parent=21990"}],"wp:term":[{"taxonomy":"product_brand","embeddable":true,"href":"https:\/\/topholds.com\/it\/wp-json\/wp\/v2\/product_brand?post=21990"},{"taxonomy":"product_cat","embeddable":true,"href":"https:\/\/topholds.com\/it\/wp-json\/wp\/v2\/product_cat?post=21990"},{"taxonomy":"product_tag","embeddable":true,"href":"https:\/\/topholds.com\/it\/wp-json\/wp\/v2\/product_tag?post=21990"}],"curies":[{"name":"wp","href":"https:\/\/api.w.org\/{rel}","templated":true}]}}