{"id":22032,"date":"2025-03-07T18:39:55","date_gmt":"2025-03-07T18:39:55","guid":{"rendered":"https:\/\/topholds.com\/?post_type=product&#038;p=22032"},"modified":"2026-03-06T05:57:17","modified_gmt":"2026-03-06T05:57:17","slug":"climb3","status":"publish","type":"product","link":"https:\/\/topholds.com\/it\/offerta\/percorso-ostacoli\/allenamenti\/sospensione\/climb3\/","title":{"rendered":"Sospensione OCR Climb 3"},"content":{"rendered":"<div><strong>OCR Clim 3<\/strong>. La presa definitiva che trasformer\u00e0 i tuoi allenamenti e ti far\u00e0 gustare ogni sfida!<\/div>\n<div>Progettato per chiederti il massimo, questo nuovo TopHolds \u00e8 un elemento indispensabile per portare la tua forza e resistenza al livello successivo.<\/div>\n<div>Con tre livelli di difficolt\u00e0, uno superiore e due laterali, ti offre infinite forme di superarlo. Il suo movimento basculante metter\u00e0 alla prova il tuo controllo e ti costringer\u00e0 ad attivare il pollice in passi dinamici lunghi.<\/div>\n<div>Non \u00e8 solo un ostacolo, \u00e8 pura adrenalina e divertimento in ogni allenamento.<\/div>\n<div>Grazie alla sua ergonomia perfetta e alla sua texture morbida ma aderente, ti offre massima sicurezza e comfort, riducendo il rischio di lesioni.<\/div>\n<div>Indispensabile per <strong>Sospensione OCR<\/strong>, arrampicata e calistenia.<\/div>\n<div>Allena, superati e divertiti come mai prima. Dominalo e supera i tuoi limiti!<\/div>\n<div>I colori del OCR Climb 3 possono variare rispetto alla foto. Se vuoi scegliere un colore specifico, contattaci.<\/div>\n<div>Questa sospensione versatile si pu\u00f2 appendere facilmente a una barra per trazioni, al parco o su un ramo, permettendo di eseguire una vasta gamma di esercizi ovunque.<\/div>\n<div>Massimizza il potenziale della <em>sospensione <b>OCR Climb 3<\/b><\/em> unendolo ad altri in verticale, creando sfide uniche e adattate alle tue esigenze. Il suo design meticolosamente studiato ti permette di sfruttare al massimo i tuoi allenamenti, senza bisogno di uno spazio grande per eseguire combo di qualsiasi lunghezza.<\/div>\n","protected":false},"excerpt":{"rendered":"<ul>\n<li>Sospensione con tre livelli di difficolt\u00e0.<\/li>\n<li>Una ergonomia perfetta per una presa con una o due mani.<\/li>\n<li>Texture morbida ma molto aderente.<\/li>\n<li>Uno strumento indispensabile per i nostri allenamenti di arrampicata, Allenamento OCR, sfide ninja e Crossfit.<\/li>\n<\/ul>\n","protected":false},"featured_media":21998,"comment_status":"open","ping_status":"closed","template":"","meta":[],"product_brand":[],"product_cat":[474,409,475],"product_tag":[],"class_list":{"0":"post-22032","1":"product","2":"type-product","3":"status-publish","4":"has-post-thumbnail","6":"product_cat-allenamenti","7":"product_cat-percorso-ostacoli","8":"product_cat-sospensione","10":"first","11":"instock","12":"featured","13":"taxable","14":"shipping-taxable","15":"purchasable","16":"product-type-simple"},"_links":{"self":[{"href":"https:\/\/topholds.com\/it\/wp-json\/wp\/v2\/product\/22032","targetHints":{"allow":["GET"]}}],"collection":[{"href":"https:\/\/topholds.com\/it\/wp-json\/wp\/v2\/product"}],"about":[{"href":"https:\/\/topholds.com\/it\/wp-json\/wp\/v2\/types\/product"}],"replies":[{"embeddable":true,"href":"https:\/\/topholds.com\/it\/wp-json\/wp\/v2\/comments?post=22032"}],"wp:featuredmedia":[{"embeddable":true,"href":"https:\/\/topholds.com\/it\/wp-json\/wp\/v2\/media\/21998"}],"wp:attachment":[{"href":"https:\/\/topholds.com\/it\/wp-json\/wp\/v2\/media?parent=22032"}],"wp:term":[{"taxonomy":"product_brand","embeddable":true,"href":"https:\/\/topholds.com\/it\/wp-json\/wp\/v2\/product_brand?post=22032"},{"taxonomy":"product_cat","embeddable":true,"href":"https:\/\/topholds.com\/it\/wp-json\/wp\/v2\/product_cat?post=22032"},{"taxonomy":"product_tag","embeddable":true,"href":"https:\/\/topholds.com\/it\/wp-json\/wp\/v2\/product_tag?post=22032"}],"curies":[{"name":"wp","href":"https:\/\/api.w.org\/{rel}","templated":true}]}}