{"id":22073,"date":"2025-03-17T18:33:30","date_gmt":"2025-03-17T18:33:30","guid":{"rendered":"https:\/\/topholds.com\/?post_type=product&#038;p=22073"},"modified":"2026-03-06T02:59:49","modified_gmt":"2026-03-06T02:59:49","slug":"ring-grips","status":"publish","type":"product","link":"https:\/\/topholds.com\/it\/offerta\/percorso-ostacoli\/allenamenti\/sospensione\/ring-grips\/","title":{"rendered":"Sospensione OCR Ring Grips"},"content":{"rendered":"<p><strong>Sospensione OCR Ring Grips<\/strong> resistenza e versatilit\u00e0 per tutta la famiglia<\/p>\n<p>Ottimizza il tuo allenamento con <strong>Ring Grips<\/strong> progettate per offrire stabilit\u00e0, resistenza e prestazioni eccezionali. Garantiscono una presa salda e comoda.<\/p>\n<p>Ideali per OCR, calistenia, ginnastica e allenamento funzionale, consentono una vasta gamma di movimenti, rafforzando il core, la schiena, le braccia e le spalle.<\/p>\n<p>Usala come anello convenzionale o per offrire variet\u00e0 di prese in TRX o nelle macchine da palestra, e molto altro.<\/p>\n<p>Inoltre, il suo design sicuro \u00e8 adatto e ideale per i bambini, incoraggiando l&#8217;attivit\u00e0 fisica e lo sviluppo della coordinazione, della forza e della fiducia fin dalla tenera et\u00e0. Perfette per giochi e allenamento per bambini a casa, in palestra o all&#8217;aperto.<\/p>\n<p>Il suo design consente di appenderla facilmente alle barre per trazioni, parchi, rami o altre superfici, offrendo l&#8217;opportunit\u00e0 di eseguire un&#8217;ampia gamma di esercizi ovunque.<\/p>\n<p>Sperimenta il perfetto equilibrio tra allenamento e divertimento con <strong>Ring Grips<\/strong>, lo strumento che rivoluziona il modo in cui ti alleni.<\/p>\n<p>I colori potrebbero non essere quelli della foto. Contattaci se desideri un colore speciale.<\/p>\n","protected":false},"excerpt":{"rendered":"<ul>\n<li>Design ergonomico per maggiore comfort e stabilit\u00e0.<\/li>\n<li>Molto resistenti, adatti ad adulti e bambini.<\/li>\n<li>Ideale per arrampicata, Allenamento OCR, calistenia, sfide ninja, CrossFit, ginnastica e altro.<\/li>\n<li>Versatilit\u00e0 per diversi livelli di allenamento.<\/li>\n<\/ul>\n","protected":false},"featured_media":22092,"comment_status":"open","ping_status":"closed","template":"","meta":[],"product_brand":[],"product_cat":[474,409,475],"product_tag":[],"class_list":{"0":"post-22073","1":"product","2":"type-product","3":"status-publish","4":"has-post-thumbnail","6":"product_cat-allenamenti","7":"product_cat-percorso-ostacoli","8":"product_cat-sospensione","10":"first","11":"instock","12":"sale","13":"taxable","14":"shipping-taxable","15":"purchasable","16":"product-type-simple"},"_links":{"self":[{"href":"https:\/\/topholds.com\/it\/wp-json\/wp\/v2\/product\/22073","targetHints":{"allow":["GET"]}}],"collection":[{"href":"https:\/\/topholds.com\/it\/wp-json\/wp\/v2\/product"}],"about":[{"href":"https:\/\/topholds.com\/it\/wp-json\/wp\/v2\/types\/product"}],"replies":[{"embeddable":true,"href":"https:\/\/topholds.com\/it\/wp-json\/wp\/v2\/comments?post=22073"}],"wp:featuredmedia":[{"embeddable":true,"href":"https:\/\/topholds.com\/it\/wp-json\/wp\/v2\/media\/22092"}],"wp:attachment":[{"href":"https:\/\/topholds.com\/it\/wp-json\/wp\/v2\/media?parent=22073"}],"wp:term":[{"taxonomy":"product_brand","embeddable":true,"href":"https:\/\/topholds.com\/it\/wp-json\/wp\/v2\/product_brand?post=22073"},{"taxonomy":"product_cat","embeddable":true,"href":"https:\/\/topholds.com\/it\/wp-json\/wp\/v2\/product_cat?post=22073"},{"taxonomy":"product_tag","embeddable":true,"href":"https:\/\/topholds.com\/it\/wp-json\/wp\/v2\/product_tag?post=22073"}],"curies":[{"name":"wp","href":"https:\/\/api.w.org\/{rel}","templated":true}]}}