{"id":22721,"date":"2025-09-05T13:43:05","date_gmt":"2025-09-05T13:43:05","guid":{"rendered":"https:\/\/topholds.com\/?post_type=product&#038;p=22721"},"modified":"2026-01-14T17:35:05","modified_gmt":"2026-01-14T17:35:05","slug":"maniglie-per-pegboard-imperial","status":"publish","type":"product","link":"https:\/\/topholds.com\/it\/offerta\/percorso-ostacoli\/peg-boardss\/maniglie-per-pegboard-imperial\/","title":{"rendered":"Maniglie per Pegboard Imperial"},"content":{"rendered":"<p>Gli agarri Imperial sono due unit\u00e0 di maniglie per pegboard con palla all&#8217;estremit\u00e0 per moltiplicare le tue possibilit\u00e0 di allenamento con questo sistema.<\/p>\n<p>Sperimenta la massima durata con i nostri <strong>maniglie appositamente progettate per Pegboard e sistema Volcano Balls<\/strong>. Dimentica le rotture comuni nelle maniglie convenzionali in pino e goditi un allenamento senza interruzioni.<\/p>\n<p>Queste maniglie estremamente resistenti sono realizzate con <strong>materiali di alta qualit\u00e0<\/strong> rendendole la scelta perfetta per i tuoi allenamenti intensivi.<\/p>\n<p>2 Unit\u00e0.<\/p>\n","protected":false},"excerpt":{"rendered":"<ul>\n<li>2 maniglie con palla per allenamenti con il sistema Pegboard.<\/li>\n<li>Realizzate in legno ultra resistente per una maggiore durabilit\u00e0<\/li>\n<li>Progettate per supportare allenamenti intensivi<\/li>\n<li>Texture di massima aderenza ma senza danneggiare le nostre mani<\/li>\n<\/ul>\n<p>&nbsp;<\/p>\n","protected":false},"featured_media":22729,"comment_status":"open","ping_status":"closed","template":"","meta":[],"product_brand":[],"product_cat":[473,409],"product_tag":[],"class_list":{"0":"post-22721","1":"product","2":"type-product","3":"status-publish","4":"has-post-thumbnail","6":"product_cat-peg-boardss","7":"product_cat-percorso-ostacoli","9":"first","10":"instock","11":"taxable","12":"shipping-taxable","13":"purchasable","14":"product-type-simple"},"_links":{"self":[{"href":"https:\/\/topholds.com\/it\/wp-json\/wp\/v2\/product\/22721","targetHints":{"allow":["GET"]}}],"collection":[{"href":"https:\/\/topholds.com\/it\/wp-json\/wp\/v2\/product"}],"about":[{"href":"https:\/\/topholds.com\/it\/wp-json\/wp\/v2\/types\/product"}],"replies":[{"embeddable":true,"href":"https:\/\/topholds.com\/it\/wp-json\/wp\/v2\/comments?post=22721"}],"wp:featuredmedia":[{"embeddable":true,"href":"https:\/\/topholds.com\/it\/wp-json\/wp\/v2\/media\/22729"}],"wp:attachment":[{"href":"https:\/\/topholds.com\/it\/wp-json\/wp\/v2\/media?parent=22721"}],"wp:term":[{"taxonomy":"product_brand","embeddable":true,"href":"https:\/\/topholds.com\/it\/wp-json\/wp\/v2\/product_brand?post=22721"},{"taxonomy":"product_cat","embeddable":true,"href":"https:\/\/topholds.com\/it\/wp-json\/wp\/v2\/product_cat?post=22721"},{"taxonomy":"product_tag","embeddable":true,"href":"https:\/\/topholds.com\/it\/wp-json\/wp\/v2\/product_tag?post=22721"}],"curies":[{"name":"wp","href":"https:\/\/api.w.org\/{rel}","templated":true}]}}