{"id":22885,"date":"2025-09-06T08:51:32","date_gmt":"2025-09-06T08:51:32","guid":{"rendered":"https:\/\/topholds.com\/oferta\/unkategorisiert\/klettergriffe-pack-minta-xl4\/"},"modified":"2025-09-18T03:03:44","modified_gmt":"2025-09-18T03:03:44","slug":"klettergriffe-pack-minta-xl4","status":"publish","type":"product","link":"https:\/\/topholds.com\/it\/offerta\/prese-arrampicata\/klettergriffe-pack-minta-xl4\/","title":{"rendered":"Klettergriffe Pack Minta XL4"},"content":{"rendered":"<p><strong>Minta XL4 ist ein Pack mit 4 Klettergriffen<\/strong> mit Sandsteintextur, das sich durch Vielseitigkeit und die F\u00e4higkeit auszeichnet, mehrere Griffe zu bieten.<\/p>\n<p>Wenn Sie diese Griffe drehen, k\u00f6nnen Sie <strong>verschiedene Griffe am Rand<\/strong> erzielen, was eine Anpassung an unterschiedliche Schwierigkeitsgrade und Herausforderungen erm\u00f6glicht.<\/p>\n<p>Um eine feste und langlebige Montage zu gew\u00e4hrleisten, wird empfohlen <strong>Inbusschrauben M10x40 oder M8x40 zu verwenden<\/strong>.<\/p>\n<p>Jeder <em>Griff aus dem Pack Minta<\/em> verf\u00fcgt \u00fcber ein <strong>zus\u00e4tzliches Loch f\u00fcr Anti-rotation Schrauben<\/strong>, das f\u00fcr eine h\u00f6here Stabilit\u00e4t und Sicherheit w\u00e4hrend der Nutzung sorgt.<\/p>\n<p>Bitte beachten Sie, dass die Farben des Produkts vom Bild abweichen k\u00f6nnen. Wenn Sie eine bestimmte Farbe w\u00fcnschen, z\u00f6gern Sie nicht, uns zu kontaktieren.<\/p>\n","protected":false},"excerpt":{"rendered":"<ul>\n<li>Minta XL4 ist eine Kollektion von 4 Klettergriffen.<\/li>\n<li>Sandsteintextur.<\/li>\n<li>Sehr vielseitige Klettergriffe, durch Drehen erhalten wir verschiedene Griffe.<\/li>\n<li>Alle mit Loch f\u00fcr Innensechskantschraube gegen Rotation.<\/li>\n<\/ul>\n","protected":false},"featured_media":22808,"comment_status":"open","ping_status":"closed","template":"","meta":[],"product_brand":[],"product_cat":[418],"product_tag":[],"class_list":{"0":"post-22885","1":"product","2":"type-product","3":"status-publish","4":"has-post-thumbnail","6":"product_cat-klettergriffe","8":"first","9":"instock","10":"taxable","11":"shipping-taxable","12":"purchasable","13":"product-type-simple"},"_links":{"self":[{"href":"https:\/\/topholds.com\/it\/wp-json\/wp\/v2\/product\/22885","targetHints":{"allow":["GET"]}}],"collection":[{"href":"https:\/\/topholds.com\/it\/wp-json\/wp\/v2\/product"}],"about":[{"href":"https:\/\/topholds.com\/it\/wp-json\/wp\/v2\/types\/product"}],"replies":[{"embeddable":true,"href":"https:\/\/topholds.com\/it\/wp-json\/wp\/v2\/comments?post=22885"}],"wp:featuredmedia":[{"embeddable":true,"href":"https:\/\/topholds.com\/it\/wp-json\/wp\/v2\/media\/22808"}],"wp:attachment":[{"href":"https:\/\/topholds.com\/it\/wp-json\/wp\/v2\/media?parent=22885"}],"wp:term":[{"taxonomy":"product_brand","embeddable":true,"href":"https:\/\/topholds.com\/it\/wp-json\/wp\/v2\/product_brand?post=22885"},{"taxonomy":"product_cat","embeddable":true,"href":"https:\/\/topholds.com\/it\/wp-json\/wp\/v2\/product_cat?post=22885"},{"taxonomy":"product_tag","embeddable":true,"href":"https:\/\/topholds.com\/it\/wp-json\/wp\/v2\/product_tag?post=22885"}],"curies":[{"name":"wp","href":"https:\/\/api.w.org\/{rel}","templated":true}]}}